{"id":2695,"date":"2024-07-12T11:56:18","date_gmt":"2024-07-12T11:56:18","guid":{"rendered":"https:\/\/ppediciones.cl\/?post_type=product&#038;p=2695"},"modified":"2024-12-04T17:44:53","modified_gmt":"2024-12-04T17:44:53","slug":"pikunche-del-pueblo-de-indios-de-peomo-y-de-las-mercedes-de-cudau","status":"publish","type":"product","link":"https:\/\/ppediciones.cl\/?product=pikunche-del-pueblo-de-indios-de-peomo-y-de-las-mercedes-de-cudau","title":{"rendered":"Pikunche del pueblo de indios de Peomo y de las Mercedes de Cudau"},"content":{"rendered":"<p>El objeto en estudio de esta investigaci\u00f3n se construye en el \u00e1mbito de la etnohistoria, cuyo relato o acontecer proviene de fuentes deliberadas no confiables y redactadas, por observadores for\u00e1neos en calidad de testigos o participantes directos de los acontecimientos sucedidos en la Am\u00e9rica hispana de mediados del siglo XVI.<\/p>\n<p>El trabajo de indagaci\u00f3n de Carvajal Barahona es interesante. Utiliza el m\u00e9todo deductivo en el an\u00e1lisis hist\u00f3rico del objeto estudiado, manejando esencialmente fuentes escritas, de car\u00e1cter cualitativo, donde sobresale la cron\u00edstica indiana de \u00edndole eclesi\u00e1stica o soldadesca y otros documentos palmarios en su mayor\u00eda libros de cabildos, protocolos de escribanos, visitas a la tierra\u00a0\u00a0 de \u00e9nfasis administrativo o religioso y disposiciones jur\u00eddicas como: c\u00e9dulas, ordenanzas y provisiones. Estas \u00faltimas, dictaminadas, por el Real Consejo de Indias, principal instituci\u00f3n asesora que depend\u00eda directamente de su majestad, el rey de Espa\u00f1a.<\/p>\n<p>&nbsp;<\/p>\n<p>&nbsp;<\/p>\n","protected":false},"excerpt":{"rendered":"<p>Fecha publicaci\u00f3n: junio 2024<\/p>\n<p>ISBN: 978-956-418-247-6<\/p>\n<p>P\u00e1ginas: 370<\/p>\n<p>Formato: 15 x 23 cm<\/p>\n","protected":false},"featured_media":2696,"comment_status":"open","ping_status":"closed","template":"","meta":[],"product_brand":[],"product_cat":[209,181],"product_tag":[],"class_list":{"0":"post-2695","1":"product","2":"type-product","3":"status-publish","4":"has-post-thumbnail","6":"product_cat-209","7":"product_cat-catalogo","9":"first","10":"instock","11":"taxable","12":"shipping-taxable","13":"product-type-simple"},"_links":{"self":[{"href":"https:\/\/ppediciones.cl\/index.php?rest_route=\/wp\/v2\/product\/2695","targetHints":{"allow":["GET"]}}],"collection":[{"href":"https:\/\/ppediciones.cl\/index.php?rest_route=\/wp\/v2\/product"}],"about":[{"href":"https:\/\/ppediciones.cl\/index.php?rest_route=\/wp\/v2\/types\/product"}],"replies":[{"embeddable":true,"href":"https:\/\/ppediciones.cl\/index.php?rest_route=%2Fwp%2Fv2%2Fcomments&post=2695"}],"wp:featuredmedia":[{"embeddable":true,"href":"https:\/\/ppediciones.cl\/index.php?rest_route=\/wp\/v2\/media\/2696"}],"wp:attachment":[{"href":"https:\/\/ppediciones.cl\/index.php?rest_route=%2Fwp%2Fv2%2Fmedia&parent=2695"}],"wp:term":[{"taxonomy":"product_brand","embeddable":true,"href":"https:\/\/ppediciones.cl\/index.php?rest_route=%2Fwp%2Fv2%2Fproduct_brand&post=2695"},{"taxonomy":"product_cat","embeddable":true,"href":"https:\/\/ppediciones.cl\/index.php?rest_route=%2Fwp%2Fv2%2Fproduct_cat&post=2695"},{"taxonomy":"product_tag","embeddable":true,"href":"https:\/\/ppediciones.cl\/index.php?rest_route=%2Fwp%2Fv2%2Fproduct_tag&post=2695"}],"curies":[{"name":"wp","href":"https:\/\/api.w.org\/{rel}","templated":true}]}}