{"id":2699,"date":"2024-07-12T12:02:02","date_gmt":"2024-07-12T12:02:02","guid":{"rendered":"https:\/\/ppediciones.cl\/?post_type=product&#038;p=2699"},"modified":"2024-12-04T17:51:14","modified_gmt":"2024-12-04T17:51:14","slug":"siempre-marianela-riquelme-castro","status":"publish","type":"product","link":"https:\/\/ppediciones.cl\/?product=siempre-marianela-riquelme-castro","title":{"rendered":"Siempre | Marianela Riquelme Castro"},"content":{"rendered":"<p><em>Siempre<\/em>, el d\u00e9cimo cuarto libro de Marianela Riquelme, recuerda y destaca aquello que ha estado presente continuamente en el d\u00eda a d\u00eda y que la escritora ha sido capaz de observar con ese ojo po\u00e9tico que ve m\u00e1s all\u00e1, que profundiza e invita a la reflexi\u00f3n con tem\u00e1ticas trascendentales, como son el amor, la naturaleza, el ser humano y su convivir.<\/p>\n<p>Dividido en dos cap\u00edtulos, comienza con Un gran hombre, dedicado a su esposo, con quien comparti\u00f3 durante m\u00e1s de seis d\u00e9cadas antes de dejar este plano. Un hecho que sin duda la ha marcado y ha direccionado el rumbo de su pluma, recordando los momentos vividos, lo que signific\u00f3 \u00e9l para ella y la familia que conformaron junto a sus tres hijos. Pero tambi\u00e9n, para hablar de la vida, de sus enigmas, de su belleza y desaf\u00edos, del tiempo y de las ganas que tiene de volver atr\u00e1s, al ver pasar todo con tanta rapidez.<\/p>\n<p>De la mano aparece la figura de la muerte, personificada de alguna forma en la p\u00e9rdida de su amado y generando preguntas sin respuestas que incluso cuestionan la forma que tienen de relacionarse la vida y el cese de ella. \u00bfAmigas o enemigas?, surge la interrogante y la poes\u00eda responde comparando al d\u00eda con la noche. Y entonces aparece el recuerdo, con im\u00e1genes que marcaron su vida y que se han ido para volver al rememorarlas. \u201cMirar hacia atr\u00e1s es volver a vivir\u201d, sentencia y deja a sus lectores pensativos, con la idea de dar m\u00e1s importancia a los momentos presentes.<\/p>\n<p>\u201c\u00a1Como quisiera ser capaz de dar todo!, de servir a todos, de amar a todos sin ninguna distinci\u00f3n\u201d, exclama luego y no me queda duda que ha sido un deseo de siempre, desde que jugaba a ense\u00f1ar cuando ni\u00f1a y durante todos los a\u00f1os que como docente marc\u00f3 positivamente la vida de muchos. Hoy su palabra en el papel trasciende de la misma manera: generosa, alegre, sincera, amiga.<\/p>\n<p>Tambi\u00e9n se da tiempo para hablar de su pa\u00eds amado en <em>La patria est\u00e1 sufriendo<\/em>, con ese sentir desgarrador que proviene de aquellos sucesos y tragedias que han marcado el diario vivir en los \u00faltimos a\u00f1os y de los que no ha querido desligarse. No obstante, ese don de observar con atenci\u00f3n lo que ocurre, tambi\u00e9n a veces la llena de alegr\u00eda, incluso con momentos simples, como el disfrute de un grupo de gorriones traviesos en el patio de su casa y otras tantas cosas que son parte <em>de toda la riqueza que el Creador nos ha dado en su infinita generosidad. <\/em><\/p>\n<p>Son los versos y el sentir de la prolija escritora Rancag\u00fcina Marinela Riquelme Castro, que eterniza en sus libros desde hace casi veinte a\u00f1os con la misma sencillez y certeza de <em>Siempre<\/em>.<\/p>\n<p>&nbsp;<\/p>\n","protected":false},"excerpt":{"rendered":"<p>Fecha publicaci\u00f3n: junio 2024<\/p>\n<p>ISBN: &#8211;<\/p>\n<p>P\u00e1ginas: 42<\/p>\n<p>Formato: 14 x 21.5 cm<\/p>\n<p>&nbsp;<\/p>\n","protected":false},"featured_media":2700,"comment_status":"open","ping_status":"closed","template":"","meta":[],"product_brand":[],"product_cat":[209,181],"product_tag":[],"class_list":{"0":"post-2699","1":"product","2":"type-product","3":"status-publish","4":"has-post-thumbnail","6":"product_cat-209","7":"product_cat-catalogo","9":"first","10":"instock","11":"taxable","12":"shipping-taxable","13":"product-type-simple"},"_links":{"self":[{"href":"https:\/\/ppediciones.cl\/index.php?rest_route=\/wp\/v2\/product\/2699","targetHints":{"allow":["GET"]}}],"collection":[{"href":"https:\/\/ppediciones.cl\/index.php?rest_route=\/wp\/v2\/product"}],"about":[{"href":"https:\/\/ppediciones.cl\/index.php?rest_route=\/wp\/v2\/types\/product"}],"replies":[{"embeddable":true,"href":"https:\/\/ppediciones.cl\/index.php?rest_route=%2Fwp%2Fv2%2Fcomments&post=2699"}],"wp:featuredmedia":[{"embeddable":true,"href":"https:\/\/ppediciones.cl\/index.php?rest_route=\/wp\/v2\/media\/2700"}],"wp:attachment":[{"href":"https:\/\/ppediciones.cl\/index.php?rest_route=%2Fwp%2Fv2%2Fmedia&parent=2699"}],"wp:term":[{"taxonomy":"product_brand","embeddable":true,"href":"https:\/\/ppediciones.cl\/index.php?rest_route=%2Fwp%2Fv2%2Fproduct_brand&post=2699"},{"taxonomy":"product_cat","embeddable":true,"href":"https:\/\/ppediciones.cl\/index.php?rest_route=%2Fwp%2Fv2%2Fproduct_cat&post=2699"},{"taxonomy":"product_tag","embeddable":true,"href":"https:\/\/ppediciones.cl\/index.php?rest_route=%2Fwp%2Fv2%2Fproduct_tag&post=2699"}],"curies":[{"name":"wp","href":"https:\/\/api.w.org\/{rel}","templated":true}]}}