{"id":2756,"date":"2024-07-30T04:45:22","date_gmt":"2024-07-30T04:45:22","guid":{"rendered":"https:\/\/ppediciones.cl\/?post_type=product&#038;p=2756"},"modified":"2024-12-25T03:18:13","modified_gmt":"2024-12-25T03:18:13","slug":"hecatombe-dimension-de-luz","status":"publish","type":"product","link":"https:\/\/ppediciones.cl\/?product=hecatombe-dimension-de-luz","title":{"rendered":"Hecatombe &#8211; Dimensi\u00f3n de luz | Irem Toal"},"content":{"rendered":"<p>Recorrer el Cosmos, desde una mirada absolutamente abierta a cualquier contingencia, no es f\u00e1cil, pero desde la experiencia de estos cinco cient\u00edficos, el Universo se abri\u00f3, sin tapujos, para llegar a la conclusi\u00f3n, que la existencia de una vida llena de luz y amor, puede ser posible, solo tenemos que abrir el alma y la mente para comprender que habr\u00e1n cosas en este espacio que muchos no podr\u00e1n conocer, por negarse a eliminar el odio, la venganza, la envidia de sus corazones, pero los que puedan llenar sus almas y mentes de amor y bondad, s\u00ed podr\u00e1n ser testigos de esta Dimensi\u00f3n de luz.<\/p>\n","protected":false},"excerpt":{"rendered":"<p>Fecha publicaci\u00f3n: julio 2024<\/p>\n<p>ISBN: &#8211;<\/p>\n<p>P\u00e1ginas: 124<\/p>\n<p>Formato: 14 x 21.5 cm<\/p>\n","protected":false},"featured_media":2757,"comment_status":"open","ping_status":"closed","template":"","meta":[],"product_brand":[],"product_cat":[209,181],"product_tag":[],"class_list":{"0":"post-2756","1":"product","2":"type-product","3":"status-publish","4":"has-post-thumbnail","6":"product_cat-209","7":"product_cat-catalogo","9":"first","10":"instock","11":"taxable","12":"shipping-taxable","13":"product-type-simple"},"_links":{"self":[{"href":"https:\/\/ppediciones.cl\/index.php?rest_route=\/wp\/v2\/product\/2756","targetHints":{"allow":["GET"]}}],"collection":[{"href":"https:\/\/ppediciones.cl\/index.php?rest_route=\/wp\/v2\/product"}],"about":[{"href":"https:\/\/ppediciones.cl\/index.php?rest_route=\/wp\/v2\/types\/product"}],"replies":[{"embeddable":true,"href":"https:\/\/ppediciones.cl\/index.php?rest_route=%2Fwp%2Fv2%2Fcomments&post=2756"}],"wp:featuredmedia":[{"embeddable":true,"href":"https:\/\/ppediciones.cl\/index.php?rest_route=\/wp\/v2\/media\/2757"}],"wp:attachment":[{"href":"https:\/\/ppediciones.cl\/index.php?rest_route=%2Fwp%2Fv2%2Fmedia&parent=2756"}],"wp:term":[{"taxonomy":"product_brand","embeddable":true,"href":"https:\/\/ppediciones.cl\/index.php?rest_route=%2Fwp%2Fv2%2Fproduct_brand&post=2756"},{"taxonomy":"product_cat","embeddable":true,"href":"https:\/\/ppediciones.cl\/index.php?rest_route=%2Fwp%2Fv2%2Fproduct_cat&post=2756"},{"taxonomy":"product_tag","embeddable":true,"href":"https:\/\/ppediciones.cl\/index.php?rest_route=%2Fwp%2Fv2%2Fproduct_tag&post=2756"}],"curies":[{"name":"wp","href":"https:\/\/api.w.org\/{rel}","templated":true}]}}