{"id":2797,"date":"2024-09-06T05:08:02","date_gmt":"2024-09-06T05:08:02","guid":{"rendered":"https:\/\/ppediciones.cl\/?post_type=product&#038;p=2797"},"modified":"2024-12-25T03:20:16","modified_gmt":"2024-12-25T03:20:16","slug":"xxv-congreso-de-medicos-escritores-grupo-suenos","status":"publish","type":"product","link":"https:\/\/ppediciones.cl\/?product=xxv-congreso-de-medicos-escritores-grupo-suenos","title":{"rendered":"XXV Congreso de M\u00e9dicos Escritores | Grupo Sue\u00f1os"},"content":{"rendered":"<p>\u00bfQu\u00e9 siente el que escribe? Desasosiego.<\/p>\n<p>\u00bfY por qu\u00e9 se escribe? Porque queremos entender el misterio que nos rodea y que somos nosotros al mismo tiempo.<\/p>\n<p>En nuestro XXV Congreso de M\u00e9dicos Escritores, el Grupo Sue\u00f1os, invit\u00f3 a m\u00e9dicos y personal de salud a rodearnos de la dimensi\u00f3n po\u00e9tica de nuestros bosques y lagos. Como dice Ivo Sazunic: \u201cpoetas al colmenar de los versos, vienen al bosque h\u00famedo a cantar\u201d y completa \u201cAraucarias de Curarrehue, Trankurra, Puc\u00f3n, Huife. Araucarias del Lonquimay espejo del Quillehue, Menetue tierra Pewenche nos llaman a so\u00f1ar juntos con los lagos, la lluvia y el volc\u00e1n\u201d.<\/p>\n<p>Escribimos para aprender, para re\u00edrnos de nosotros mismos y llorar, para contagiar a otros como si de una buena enfermedad o cura se tratara y para entendernos, sensibilizarnos y mirar para el lado, comprender que en realidad es el no entender nada lo que nos mueve.<\/p>\n","protected":false},"excerpt":{"rendered":"<p>Fecha publicaci\u00f3n: agosto 2024<\/p>\n<p>ISBN: 978-956-418-575-0<\/p>\n<p>P\u00e1ginas: 194<\/p>\n<p>Formato: 21.5 x 28 cm<\/p>\n","protected":false},"featured_media":2798,"comment_status":"open","ping_status":"closed","template":"","meta":[],"product_brand":[],"product_cat":[209,181],"product_tag":[],"class_list":{"0":"post-2797","1":"product","2":"type-product","3":"status-publish","4":"has-post-thumbnail","6":"product_cat-209","7":"product_cat-catalogo","9":"first","10":"instock","11":"taxable","12":"shipping-taxable","13":"product-type-simple"},"_links":{"self":[{"href":"https:\/\/ppediciones.cl\/index.php?rest_route=\/wp\/v2\/product\/2797","targetHints":{"allow":["GET"]}}],"collection":[{"href":"https:\/\/ppediciones.cl\/index.php?rest_route=\/wp\/v2\/product"}],"about":[{"href":"https:\/\/ppediciones.cl\/index.php?rest_route=\/wp\/v2\/types\/product"}],"replies":[{"embeddable":true,"href":"https:\/\/ppediciones.cl\/index.php?rest_route=%2Fwp%2Fv2%2Fcomments&post=2797"}],"wp:featuredmedia":[{"embeddable":true,"href":"https:\/\/ppediciones.cl\/index.php?rest_route=\/wp\/v2\/media\/2798"}],"wp:attachment":[{"href":"https:\/\/ppediciones.cl\/index.php?rest_route=%2Fwp%2Fv2%2Fmedia&parent=2797"}],"wp:term":[{"taxonomy":"product_brand","embeddable":true,"href":"https:\/\/ppediciones.cl\/index.php?rest_route=%2Fwp%2Fv2%2Fproduct_brand&post=2797"},{"taxonomy":"product_cat","embeddable":true,"href":"https:\/\/ppediciones.cl\/index.php?rest_route=%2Fwp%2Fv2%2Fproduct_cat&post=2797"},{"taxonomy":"product_tag","embeddable":true,"href":"https:\/\/ppediciones.cl\/index.php?rest_route=%2Fwp%2Fv2%2Fproduct_tag&post=2797"}],"curies":[{"name":"wp","href":"https:\/\/api.w.org\/{rel}","templated":true}]}}