{"id":2842,"date":"2024-11-27T22:10:03","date_gmt":"2024-11-27T22:10:03","guid":{"rendered":"https:\/\/ppediciones.cl\/?post_type=product&#038;p=2842"},"modified":"2024-12-25T03:09:35","modified_gmt":"2024-12-25T03:09:35","slug":"arte-flora-y-fiesta-en-pueblo-chico-laura-cabrera-barraza","status":"publish","type":"product","link":"https:\/\/ppediciones.cl\/?product=arte-flora-y-fiesta-en-pueblo-chico-laura-cabrera-barraza","title":{"rendered":"Arte, flora y fiesta en Pueblo Chico | Laura Cabrera Barraza"},"content":{"rendered":"<p>Arte, flora y fiesta en pueblo chico, evidencia los frutos del proyecto de creaci\u00f3n art\u00edstica titulado Los 11 de Pueblo Chico, cocreaci\u00f3n comunitaria en Nilahue Cornejo, cuyo prop\u00f3sito principal es promover la creaci\u00f3n art\u00edstica entre la comunidad y artistas locales, con perspectiva territorial e identitaria. La comunidad de Nilahue Cornejo es rica en oralidad y en el conocimiento sobre sus costumbres y tradiciones, las que se han traspasado de generaci\u00f3n en generaci\u00f3n, conserv\u00e1ndose vivas hasta el d\u00eda de hoy. En base al di\u00e1logo con la comunidad, una orfebre, un escultor y una historiadora, nacidos y criados en Nilahue Cornejo, dieron forma a dicho proyecto, cuyos resultados son una l\u00ednea de joyas, una escultura y este libro.<br \/>\nLaura Cabrera Barraza, es licenciada en historia por la Pontificia Universidad Cat\u00f3lica de Chile y magister en antropolog\u00eda por la Universidad Academia de Humanismo Cristiano. A lo largo de toda su carrera ha participado en la gesti\u00f3n y desarrollo de distintos proyectos que apuntan a la recuperaci\u00f3n, puesta en valor y difusi\u00f3n del patrimonio cultural y natural de Chile, con \u00e9nfasis en la regi\u00f3n de O\u2019Higgins de la que es oriunda. Esta es cuarta obra, tras publicar El Libro Antiguo (2016), Historia echa a mano (2023) y Morir en pueblo chico (2023).<\/p>\n<p>&nbsp;<\/p>\n","protected":false},"excerpt":{"rendered":"<p>Fecha publicaci\u00f3n: noviembre 2024<\/p>\n<p>ISBN: 978-956-420-086-6<\/p>\n<p>P\u00e1ginas: 92<\/p>\n<p>Formato: 14.3 x 14.3 cm<\/p>\n","protected":false},"featured_media":2844,"comment_status":"open","ping_status":"closed","template":"","meta":[],"product_brand":[],"product_cat":[209,181],"product_tag":[],"class_list":{"0":"post-2842","1":"product","2":"type-product","3":"status-publish","4":"has-post-thumbnail","6":"product_cat-209","7":"product_cat-catalogo","9":"first","10":"instock","11":"taxable","12":"shipping-taxable","13":"product-type-simple"},"_links":{"self":[{"href":"https:\/\/ppediciones.cl\/index.php?rest_route=\/wp\/v2\/product\/2842","targetHints":{"allow":["GET"]}}],"collection":[{"href":"https:\/\/ppediciones.cl\/index.php?rest_route=\/wp\/v2\/product"}],"about":[{"href":"https:\/\/ppediciones.cl\/index.php?rest_route=\/wp\/v2\/types\/product"}],"replies":[{"embeddable":true,"href":"https:\/\/ppediciones.cl\/index.php?rest_route=%2Fwp%2Fv2%2Fcomments&post=2842"}],"wp:featuredmedia":[{"embeddable":true,"href":"https:\/\/ppediciones.cl\/index.php?rest_route=\/wp\/v2\/media\/2844"}],"wp:attachment":[{"href":"https:\/\/ppediciones.cl\/index.php?rest_route=%2Fwp%2Fv2%2Fmedia&parent=2842"}],"wp:term":[{"taxonomy":"product_brand","embeddable":true,"href":"https:\/\/ppediciones.cl\/index.php?rest_route=%2Fwp%2Fv2%2Fproduct_brand&post=2842"},{"taxonomy":"product_cat","embeddable":true,"href":"https:\/\/ppediciones.cl\/index.php?rest_route=%2Fwp%2Fv2%2Fproduct_cat&post=2842"},{"taxonomy":"product_tag","embeddable":true,"href":"https:\/\/ppediciones.cl\/index.php?rest_route=%2Fwp%2Fv2%2Fproduct_tag&post=2842"}],"curies":[{"name":"wp","href":"https:\/\/api.w.org\/{rel}","templated":true}]}}