{"id":2872,"date":"2024-12-24T05:48:37","date_gmt":"2024-12-24T05:48:37","guid":{"rendered":"https:\/\/ppediciones.cl\/?post_type=product&#038;p=2872"},"modified":"2024-12-24T05:49:06","modified_gmt":"2024-12-24T05:49:06","slug":"viaje-llamado-vida-aula-diosas","status":"publish","type":"product","link":"https:\/\/ppediciones.cl\/?product=viaje-llamado-vida-aula-diosas","title":{"rendered":"Viaje llamado vida | Aula Diosas"},"content":{"rendered":"<p>La nostalgia, el reencuentro con antiguas amistades y la etapa de la vida en que nos encontramos, fueron los incentivos para iniciar esta grata odisea. Que hoy, con el paso de estos ocho a\u00f1os de convivencia y amistad, convierten a este libro en un regalo de la vida para la posteridad.<br \/>\nEn la madrugada del viernes 25 de marzo de 2016, se subi\u00f3 a Facebook la foto del 1\u00b0 A\u00f1o B\u00e1sico A de 1962, de la Escuela Superior de Ni\u00f1as N\u00b0 9 de Rancagua, a cargo de la profesora Georgina Catal\u00e1n Vergara, imagen que en un plazo de dos d\u00edas tuvo 313 comentarios, tanto de compa\u00f1eras que ya estaban agregadas como amigas en ese perfil como de las que se fueron agregando a partir de dicha publicaci\u00f3n. Esa fue la primera instancia de comunicaci\u00f3n del grupo y dio origen a la creaci\u00f3n del Facebook Aula Diosa el martes 29 de marzo de ese mismo a\u00f1o y a la b\u00fasqueda por esta red social de las compa\u00f1eras restantes. El nombre hace alusi\u00f3n a una frase del himno de la escuela.<br \/>\nEl domingo 15 de mayo de 2016, se reunieron por primera vez en forma presencial ocho compa\u00f1eras, en un restaurante en el centro de Rancagua. Ese d\u00eda se propuso y se cre\u00f3 el WhatsApp Aula Diosa, convirti\u00e9ndose hasta hoy en el medio de comunicaci\u00f3n oficial del grupo. Para sus 26 integrantes activas se ha transformado en un punto de encuentro, acompa\u00f1amiento, contenci\u00f3n y aprendizaje, en los diversos momentos y etapas de sus vidas de mujeres adultas mayores. Como tambi\u00e9n, en una fuente permanente de ayuda solidaria para quienes est\u00e1n pasando un momento de necesidad, en un sost\u00e9n de espiritualidad diario, sobre todo en los momentos aflictivos especiales, as\u00ed como tambi\u00e9n, en un afluente continuo de buenos deseos y de buen humor. Hemos re\u00eddo y llorado juntas.<br \/>\nHacemos menci\u00f3n especial a una de estas etapas, para referirnos a la p\u00e9rdida irreparable de nuestra querida compa\u00f1era Cecilia Costa del R\u00edo Q.E.P.D., acaecida el Domingo 6 de junio de 2021, duelo que enluta al grupo hasta el d\u00eda de hoy.<br \/>\nCon este, nuestro segundo libro publicado, rendimos homenaje a todas aquellas que nos han acompa\u00f1ado y brindado su incondicional apoyo en todas estas actividades.<\/p>\n","protected":false},"excerpt":{"rendered":"<p>Fecha publicaci\u00f3n: diciembre 2024<br \/>\nISBN: &#8211;<br \/>\nP\u00e1ginas: 130<br \/>\nFormato: 15 x 23 cm<\/p>\n","protected":false},"featured_media":2873,"comment_status":"open","ping_status":"closed","template":"","meta":[],"product_brand":[],"product_cat":[209,181],"product_tag":[],"class_list":{"0":"post-2872","1":"product","2":"type-product","3":"status-publish","4":"has-post-thumbnail","6":"product_cat-209","7":"product_cat-catalogo","9":"first","10":"instock","11":"taxable","12":"shipping-taxable","13":"product-type-simple"},"_links":{"self":[{"href":"https:\/\/ppediciones.cl\/index.php?rest_route=\/wp\/v2\/product\/2872","targetHints":{"allow":["GET"]}}],"collection":[{"href":"https:\/\/ppediciones.cl\/index.php?rest_route=\/wp\/v2\/product"}],"about":[{"href":"https:\/\/ppediciones.cl\/index.php?rest_route=\/wp\/v2\/types\/product"}],"replies":[{"embeddable":true,"href":"https:\/\/ppediciones.cl\/index.php?rest_route=%2Fwp%2Fv2%2Fcomments&post=2872"}],"wp:featuredmedia":[{"embeddable":true,"href":"https:\/\/ppediciones.cl\/index.php?rest_route=\/wp\/v2\/media\/2873"}],"wp:attachment":[{"href":"https:\/\/ppediciones.cl\/index.php?rest_route=%2Fwp%2Fv2%2Fmedia&parent=2872"}],"wp:term":[{"taxonomy":"product_brand","embeddable":true,"href":"https:\/\/ppediciones.cl\/index.php?rest_route=%2Fwp%2Fv2%2Fproduct_brand&post=2872"},{"taxonomy":"product_cat","embeddable":true,"href":"https:\/\/ppediciones.cl\/index.php?rest_route=%2Fwp%2Fv2%2Fproduct_cat&post=2872"},{"taxonomy":"product_tag","embeddable":true,"href":"https:\/\/ppediciones.cl\/index.php?rest_route=%2Fwp%2Fv2%2Fproduct_tag&post=2872"}],"curies":[{"name":"wp","href":"https:\/\/api.w.org\/{rel}","templated":true}]}}