{"id":2895,"date":"2025-02-06T03:36:27","date_gmt":"2025-02-06T03:36:27","guid":{"rendered":"https:\/\/ppediciones.cl\/?post_type=product&#038;p=2895"},"modified":"2025-03-09T04:33:57","modified_gmt":"2025-03-09T04:33:57","slug":"un-cafe-para-un-poema-ignacio-albornoz","status":"publish","type":"product","link":"https:\/\/ppediciones.cl\/?product=un-cafe-para-un-poema-ignacio-albornoz","title":{"rendered":"Un caf\u00e9 para un poema | Ignacio Albornoz"},"content":{"rendered":"<p>\u201cUn caf\u00e9 para un poema\u201d, es una colecci\u00f3n que re\u00fane poemas escritos entre el 2012 y 2014. En ese entonces, estos textos se divid\u00edan en dos propuestas de libros: Un caf\u00e9 para un poema y octubre. Son poemas que escrib\u00ed hace m\u00e1s de una d\u00e9cada y al retomarlos ahora, me reencontr\u00e9 con la esencia fina y humilde de escribir poes\u00eda. Ha sido como mirarme al espejo y redescubrir a ese so\u00f1ador que, en 2018, logr\u00f3 concretar su anhelado primer libro La luna y un dos. Ahora, seis a\u00f1os despu\u00e9s, la fusi\u00f3n de esos dos proyectos iniciales viene a acompa\u00f1ar a esa primera obra.<br \/>\nEste libro est\u00e1 lleno de escritos amorosos y rom\u00e1nticos, cercanos a la realidad de adolescente, donde todo parec\u00eda amor y cada met\u00e1fora era perfecta para expresar aquello que las miradas callaban.<br \/>\nLos invito a todos y todas a viajar conmigo una d\u00e9cada atr\u00e1s en mi historia, esperando que la lectura sea una experiencia grata y evocadora.<\/p>\n","protected":false},"excerpt":{"rendered":"<p>Fecha publicaci\u00f3n: enero 2025<br \/>\nISBN: 978-956-420-391-1<br \/>\nP\u00e1ginas: 92<br \/>\nFormato: 14 X 21.5 cm<\/p>\n","protected":false},"featured_media":2896,"comment_status":"open","ping_status":"closed","template":"","meta":[],"product_brand":[],"product_cat":[210,181],"product_tag":[],"class_list":{"0":"post-2895","1":"product","2":"type-product","3":"status-publish","4":"has-post-thumbnail","6":"product_cat-210","7":"product_cat-catalogo","9":"first","10":"instock","11":"taxable","12":"shipping-taxable","13":"product-type-simple"},"_links":{"self":[{"href":"https:\/\/ppediciones.cl\/index.php?rest_route=\/wp\/v2\/product\/2895","targetHints":{"allow":["GET"]}}],"collection":[{"href":"https:\/\/ppediciones.cl\/index.php?rest_route=\/wp\/v2\/product"}],"about":[{"href":"https:\/\/ppediciones.cl\/index.php?rest_route=\/wp\/v2\/types\/product"}],"replies":[{"embeddable":true,"href":"https:\/\/ppediciones.cl\/index.php?rest_route=%2Fwp%2Fv2%2Fcomments&post=2895"}],"wp:featuredmedia":[{"embeddable":true,"href":"https:\/\/ppediciones.cl\/index.php?rest_route=\/wp\/v2\/media\/2896"}],"wp:attachment":[{"href":"https:\/\/ppediciones.cl\/index.php?rest_route=%2Fwp%2Fv2%2Fmedia&parent=2895"}],"wp:term":[{"taxonomy":"product_brand","embeddable":true,"href":"https:\/\/ppediciones.cl\/index.php?rest_route=%2Fwp%2Fv2%2Fproduct_brand&post=2895"},{"taxonomy":"product_cat","embeddable":true,"href":"https:\/\/ppediciones.cl\/index.php?rest_route=%2Fwp%2Fv2%2Fproduct_cat&post=2895"},{"taxonomy":"product_tag","embeddable":true,"href":"https:\/\/ppediciones.cl\/index.php?rest_route=%2Fwp%2Fv2%2Fproduct_tag&post=2895"}],"curies":[{"name":"wp","href":"https:\/\/api.w.org\/{rel}","templated":true}]}}