{"id":2922,"date":"2025-04-02T04:14:08","date_gmt":"2025-04-02T04:14:08","guid":{"rendered":"https:\/\/ppediciones.cl\/?post_type=product&#038;p=2922"},"modified":"2025-04-02T04:16:34","modified_gmt":"2025-04-02T04:16:34","slug":"sonetario-triste-roman-vitor","status":"publish","type":"product","link":"https:\/\/ppediciones.cl\/?product=sonetario-triste-roman-vitor","title":{"rendered":"Sonetario triste | Roman Viator"},"content":{"rendered":"<p>SONETARIO TRISTE, 100 sonetos de amor, desolaci\u00f3n y muerte, re\u00fane un conjunto de poemas en formato Soneto, que el autor utiliza, a modo de ejercicio intelectual como si fueran un crucigrama o Sudokus. Para \u00e9l, ce\u00f1irse a un formato de 14 versos con una m\u00e9trica definida y rima consonante, estimula la actividad cerebral.<br \/>\nHa seleccionado Cien sonetos que muestran un trasfondo existencialista motivado por la enfermedad y muerte de varios seres queridos y la b\u00fasqueda de la trascendencia a trav\u00e9s del amor.<\/p>\n","protected":false},"excerpt":{"rendered":"<p>Fecha publicaci\u00f3n: marzo 2025<br \/>\nISBN: 978-956-420-572-4<br \/>\nP\u00e1ginas: 108<br \/>\nFormato: 14 X 21.5 cm<\/p>\n","protected":false},"featured_media":2923,"comment_status":"open","ping_status":"closed","template":"","meta":[],"product_brand":[],"product_cat":[210,181,72,182],"product_tag":[],"class_list":{"0":"post-2922","1":"product","2":"type-product","3":"status-publish","4":"has-post-thumbnail","6":"product_cat-210","7":"product_cat-catalogo","8":"product_cat-coleccion-suenos","9":"product_cat-libreria","11":"first","12":"instock","13":"taxable","14":"shipping-taxable","15":"purchasable","16":"product-type-simple"},"_links":{"self":[{"href":"https:\/\/ppediciones.cl\/index.php?rest_route=\/wp\/v2\/product\/2922","targetHints":{"allow":["GET"]}}],"collection":[{"href":"https:\/\/ppediciones.cl\/index.php?rest_route=\/wp\/v2\/product"}],"about":[{"href":"https:\/\/ppediciones.cl\/index.php?rest_route=\/wp\/v2\/types\/product"}],"replies":[{"embeddable":true,"href":"https:\/\/ppediciones.cl\/index.php?rest_route=%2Fwp%2Fv2%2Fcomments&post=2922"}],"wp:featuredmedia":[{"embeddable":true,"href":"https:\/\/ppediciones.cl\/index.php?rest_route=\/wp\/v2\/media\/2923"}],"wp:attachment":[{"href":"https:\/\/ppediciones.cl\/index.php?rest_route=%2Fwp%2Fv2%2Fmedia&parent=2922"}],"wp:term":[{"taxonomy":"product_brand","embeddable":true,"href":"https:\/\/ppediciones.cl\/index.php?rest_route=%2Fwp%2Fv2%2Fproduct_brand&post=2922"},{"taxonomy":"product_cat","embeddable":true,"href":"https:\/\/ppediciones.cl\/index.php?rest_route=%2Fwp%2Fv2%2Fproduct_cat&post=2922"},{"taxonomy":"product_tag","embeddable":true,"href":"https:\/\/ppediciones.cl\/index.php?rest_route=%2Fwp%2Fv2%2Fproduct_tag&post=2922"}],"curies":[{"name":"wp","href":"https:\/\/api.w.org\/{rel}","templated":true}]}}