{"id":2930,"date":"2025-04-14T06:23:26","date_gmt":"2025-04-14T06:23:26","guid":{"rendered":"https:\/\/ppediciones.cl\/?post_type=product&#038;p=2930"},"modified":"2026-02-11T10:51:54","modified_gmt":"2026-02-11T10:51:54","slug":"la-tristeza-oculta-de-manuel-sebastian-pinna","status":"publish","type":"product","link":"https:\/\/ppediciones.cl\/?product=la-tristeza-oculta-de-manuel-sebastian-pinna","title":{"rendered":"La tristeza oculta de Manuel | Sebasti\u00e1n Pinna"},"content":{"rendered":"<div>Manuel lo est\u00e1 pasando mal, no sabe lo que le pasa y expresa todo lo que no le gusta desde la ira. Nadie lo est\u00e1 pudiendo ayudar, ni su familia, amigos, profesores. Poco a poco, Manuel se va dando cuenta qu\u00e9 es lo que realmente le ocurre y con ayuda, empieza a reaccionar diferente y sentirse mejor.<\/div>\n<div>\u00bfQu\u00e9 ser\u00e1 lo que produce las crisis de Manuel?, \u00bfhabr\u00e1n podido realmente ayudarlo a calmar sus crisis?<\/div>\n<div>\u201cLa tristeza oculta de Manuel\u201d nos permite entendernos, conocernos, entrar en la profundidad de nuestro mundo emocional y as\u00ed indagar en el verdadero motivo de nuestras crisis emocionales y tener estrategias pr\u00e1cticas de regulaci\u00f3n emocional, a trav\u00e9s de la compasi\u00f3n, aceptaci\u00f3n radical, externalizaci\u00f3n y la dial\u00e9ctica, que permitan mejorar la calidad de vida.<\/div>\n<div><\/div>\n","protected":false},"excerpt":{"rendered":"<p>Sebasti\u00e1n Pinna<br \/>\nFecha publicaci\u00f3n: abril 2025<br \/>\nISBN: 978-956-420-574-8<br \/>\nP\u00e1ginas: 34<br \/>\nFormato: 22 X 20 cm<\/p>\n","protected":false},"featured_media":2931,"comment_status":"open","ping_status":"closed","template":"","meta":[],"product_brand":[],"product_cat":[210,181],"product_tag":[],"class_list":{"0":"post-2930","1":"product","2":"type-product","3":"status-publish","4":"has-post-thumbnail","6":"product_cat-210","7":"product_cat-catalogo","9":"first","10":"instock","11":"taxable","12":"shipping-taxable","13":"product-type-simple"},"_links":{"self":[{"href":"https:\/\/ppediciones.cl\/index.php?rest_route=\/wp\/v2\/product\/2930","targetHints":{"allow":["GET"]}}],"collection":[{"href":"https:\/\/ppediciones.cl\/index.php?rest_route=\/wp\/v2\/product"}],"about":[{"href":"https:\/\/ppediciones.cl\/index.php?rest_route=\/wp\/v2\/types\/product"}],"replies":[{"embeddable":true,"href":"https:\/\/ppediciones.cl\/index.php?rest_route=%2Fwp%2Fv2%2Fcomments&post=2930"}],"wp:featuredmedia":[{"embeddable":true,"href":"https:\/\/ppediciones.cl\/index.php?rest_route=\/wp\/v2\/media\/2931"}],"wp:attachment":[{"href":"https:\/\/ppediciones.cl\/index.php?rest_route=%2Fwp%2Fv2%2Fmedia&parent=2930"}],"wp:term":[{"taxonomy":"product_brand","embeddable":true,"href":"https:\/\/ppediciones.cl\/index.php?rest_route=%2Fwp%2Fv2%2Fproduct_brand&post=2930"},{"taxonomy":"product_cat","embeddable":true,"href":"https:\/\/ppediciones.cl\/index.php?rest_route=%2Fwp%2Fv2%2Fproduct_cat&post=2930"},{"taxonomy":"product_tag","embeddable":true,"href":"https:\/\/ppediciones.cl\/index.php?rest_route=%2Fwp%2Fv2%2Fproduct_tag&post=2930"}],"curies":[{"name":"wp","href":"https:\/\/api.w.org\/{rel}","templated":true}]}}