{"id":2932,"date":"2025-04-14T06:25:56","date_gmt":"2025-04-14T06:25:56","guid":{"rendered":"https:\/\/ppediciones.cl\/?post_type=product&#038;p=2932"},"modified":"2025-04-14T06:25:56","modified_gmt":"2025-04-14T06:25:56","slug":"el-camino-del-alma-nataly-orellana-cuellar","status":"publish","type":"product","link":"https:\/\/ppediciones.cl\/?product=el-camino-del-alma-nataly-orellana-cuellar","title":{"rendered":"El camino del alma | Nataly Orellana Cuellar"},"content":{"rendered":"<p>&#8220;El Camino del Alma&#8221;, es una invitaci\u00f3n a un profundo viaje de autodescubrimiento y sanaci\u00f3n a trav\u00e9s de la Terapia de Vida Pasada (TVP). Con relatos reales y conmovedores, Nataly Orellana Cuellar comparte experiencias transformadoras de consultantes que enfrentaron emociones como el miedo, la culpa, el dolor y la desconexi\u00f3n, logrando reconectar con su esencia m\u00e1s aut\u00e9ntica.<br \/>\nDesde historias de superaci\u00f3n personal hasta la integraci\u00f3n de fragmentos del alma, este libro revela c\u00f3mo la TVP puede iluminar los rincones m\u00e1s oscuros de nuestra vida, gui\u00e1ndonos hacia el entendimiento, el perd\u00f3n y el amor propio.<br \/>\nUna obra inspiradora y llena de aprendizajes que invita a abrir la mente y el coraz\u00f3n, mostrando que todos tenemos la capacidad de sanar y abrazar nuestra historia para construir un presente pleno y aut\u00e9ntico.<\/p>\n","protected":false},"excerpt":{"rendered":"<p>Fecha publicaci\u00f3n: abril 2025<br \/>\nISBN: 978-956-420-568-7<br \/>\nP\u00e1ginas: 116<br \/>\nFormato: 14 x 21.5 cm<\/p>\n","protected":false},"featured_media":2933,"comment_status":"open","ping_status":"closed","template":"","meta":[],"product_brand":[],"product_cat":[210,181],"product_tag":[],"class_list":{"0":"post-2932","1":"product","2":"type-product","3":"status-publish","4":"has-post-thumbnail","6":"product_cat-210","7":"product_cat-catalogo","9":"first","10":"instock","11":"taxable","12":"shipping-taxable","13":"product-type-simple"},"_links":{"self":[{"href":"https:\/\/ppediciones.cl\/index.php?rest_route=\/wp\/v2\/product\/2932","targetHints":{"allow":["GET"]}}],"collection":[{"href":"https:\/\/ppediciones.cl\/index.php?rest_route=\/wp\/v2\/product"}],"about":[{"href":"https:\/\/ppediciones.cl\/index.php?rest_route=\/wp\/v2\/types\/product"}],"replies":[{"embeddable":true,"href":"https:\/\/ppediciones.cl\/index.php?rest_route=%2Fwp%2Fv2%2Fcomments&post=2932"}],"wp:featuredmedia":[{"embeddable":true,"href":"https:\/\/ppediciones.cl\/index.php?rest_route=\/wp\/v2\/media\/2933"}],"wp:attachment":[{"href":"https:\/\/ppediciones.cl\/index.php?rest_route=%2Fwp%2Fv2%2Fmedia&parent=2932"}],"wp:term":[{"taxonomy":"product_brand","embeddable":true,"href":"https:\/\/ppediciones.cl\/index.php?rest_route=%2Fwp%2Fv2%2Fproduct_brand&post=2932"},{"taxonomy":"product_cat","embeddable":true,"href":"https:\/\/ppediciones.cl\/index.php?rest_route=%2Fwp%2Fv2%2Fproduct_cat&post=2932"},{"taxonomy":"product_tag","embeddable":true,"href":"https:\/\/ppediciones.cl\/index.php?rest_route=%2Fwp%2Fv2%2Fproduct_tag&post=2932"}],"curies":[{"name":"wp","href":"https:\/\/api.w.org\/{rel}","templated":true}]}}