{"id":2941,"date":"2025-04-17T16:23:17","date_gmt":"2025-04-17T16:23:17","guid":{"rendered":"https:\/\/ppediciones.cl\/?post_type=product&#038;p=2941"},"modified":"2025-04-17T16:23:17","modified_gmt":"2025-04-17T16:23:17","slug":"renacer-marianela-riquelme-castro","status":"publish","type":"product","link":"https:\/\/ppediciones.cl\/?product=renacer-marianela-riquelme-castro","title":{"rendered":"Renacer | Marianela Riquelme Castro"},"content":{"rendered":"<p>\u201c\u00bfSe puede renacer despu\u00e9s de la muerte?\u201d. Es la interrogante que inicia el poema Renacer que da nombre a este libro, el d\u00e9cimo s\u00e9ptimo de Marianela Riquelme Castro, y lo hace refiri\u00e9ndose a una nueva vida tras la muerte, que pueda adem\u00e1s ser distinta a la que se deja, en un mundo m\u00e1s alegre, amoroso y llano a la amistad, sin angustias ni temores. Sin embargo, el t\u00edtulo del poema y la obra, es tambi\u00e9n un tema recurrente en cada uno de los versos que la componen, desde distintas tem\u00e1ticas y perspectivas. Lo cita, por ejemplo, comparando el renacer de las flores silvestres del desierto florido, una muestra que en este mundo puede surgir la vida desde lo m\u00e1s inerte y de maneras asombrosas.<br \/>\nPareciera ser tambi\u00e9n entonces, un grito de esperanza, en un mundo donde el dolor es parte del crecer, una forma de conectarnos con lo m\u00e1s profundo para transformar cada quejido en un aprendizaje vital para lo venidero.<br \/>\nPorque si de algo hay seguridad, es que siempre hay un nuevo paso, incluso en el \u00faltimo, quiz\u00e1s vestido de herencia para las pr\u00f3ximas generaciones. Un \u00faltimo paso que su autora pareciera anhelar en m\u00e1s de una oportunidad, pues tiene rostro de reencuentro, pero solo por algunos instantes, sabe que a\u00fan hay mucho por disfrutar y aprender junto a sus hijos y nietas.<br \/>\nLa vida para Marianela Riquelme sigue siendo un poema, cada vivencia, recuerdo, reflexi\u00f3n e interrogante termina grabada en un verso. Como toda palabra escrita, viaja en forma de polen o arrastrada por el viento, llegando a lectores diversos que la interiorizan y disfrutan, para luego transmitirla a otros. Es tambi\u00e9n un ciclo vital, lleno de figuras y elementos po\u00e9ticos, verdadera semilla que brota en nuevos mensajes y experiencias en un constante ir y venir, nacer y renacer otra vez, que relega a la muerte a ser una forma m\u00e1s del proceso.<\/p>\n","protected":false},"excerpt":{"rendered":"<p>Fecha publicaci\u00f3n: abril 2025<br \/>\nISBN: &#8211;<br \/>\nP\u00e1ginas: 38<br \/>\nFormato: 14 x 21.5 cm<\/p>\n","protected":false},"featured_media":2942,"comment_status":"open","ping_status":"closed","template":"","meta":[],"product_brand":[],"product_cat":[210,181],"product_tag":[],"class_list":{"0":"post-2941","1":"product","2":"type-product","3":"status-publish","4":"has-post-thumbnail","6":"product_cat-210","7":"product_cat-catalogo","9":"first","10":"instock","11":"taxable","12":"shipping-taxable","13":"product-type-simple"},"_links":{"self":[{"href":"https:\/\/ppediciones.cl\/index.php?rest_route=\/wp\/v2\/product\/2941","targetHints":{"allow":["GET"]}}],"collection":[{"href":"https:\/\/ppediciones.cl\/index.php?rest_route=\/wp\/v2\/product"}],"about":[{"href":"https:\/\/ppediciones.cl\/index.php?rest_route=\/wp\/v2\/types\/product"}],"replies":[{"embeddable":true,"href":"https:\/\/ppediciones.cl\/index.php?rest_route=%2Fwp%2Fv2%2Fcomments&post=2941"}],"wp:featuredmedia":[{"embeddable":true,"href":"https:\/\/ppediciones.cl\/index.php?rest_route=\/wp\/v2\/media\/2942"}],"wp:attachment":[{"href":"https:\/\/ppediciones.cl\/index.php?rest_route=%2Fwp%2Fv2%2Fmedia&parent=2941"}],"wp:term":[{"taxonomy":"product_brand","embeddable":true,"href":"https:\/\/ppediciones.cl\/index.php?rest_route=%2Fwp%2Fv2%2Fproduct_brand&post=2941"},{"taxonomy":"product_cat","embeddable":true,"href":"https:\/\/ppediciones.cl\/index.php?rest_route=%2Fwp%2Fv2%2Fproduct_cat&post=2941"},{"taxonomy":"product_tag","embeddable":true,"href":"https:\/\/ppediciones.cl\/index.php?rest_route=%2Fwp%2Fv2%2Fproduct_tag&post=2941"}],"curies":[{"name":"wp","href":"https:\/\/api.w.org\/{rel}","templated":true}]}}