{"id":2947,"date":"2025-06-20T14:26:19","date_gmt":"2025-06-20T14:26:19","guid":{"rendered":"https:\/\/ppediciones.cl\/?post_type=product&#038;p=2947"},"modified":"2025-06-20T14:26:19","modified_gmt":"2025-06-20T14:26:19","slug":"el-raton-y-el-murcielago-aldo-contreras","status":"publish","type":"product","link":"https:\/\/ppediciones.cl\/?product=el-raton-y-el-murcielago-aldo-contreras","title":{"rendered":"El rat\u00f3n y el murci\u00e9lago | Aldo Contreras"},"content":{"rendered":"<p>\u201cEl rat\u00f3n y el murci\u00e9lago\u201d es un cuento de un rat\u00f3n que por primera vez se encuentra con un murci\u00e9lago.<\/p>\n<p>El di\u00e1logo, entre estos dos animalitos, deshace el miedo y el prejuicio del rat\u00f3n con respecto al murci\u00e9lago. Se reconocen distintos, en gustos, forma de vida y caracter\u00edsticas corporales, pero a pesar de las diferencias se aceptan mutuamente y se hacen amigos.<\/p>\n<p>Una f\u00e1bula actual apta para infantes y adultos.<\/p>\n","protected":false},"excerpt":{"rendered":"<p>Fecha publicaci\u00f3n: abril 2025<\/p>\n<p>ISBN: 978-90-832748-05<\/p>\n<p>P\u00e1ginas: 20<\/p>\n<p>Formato: 14.8 x 21 cm<\/p>\n","protected":false},"featured_media":2948,"comment_status":"open","ping_status":"closed","template":"","meta":[],"product_brand":[],"product_cat":[210,181],"product_tag":[],"class_list":{"0":"post-2947","1":"product","2":"type-product","3":"status-publish","4":"has-post-thumbnail","6":"product_cat-210","7":"product_cat-catalogo","9":"first","10":"instock","11":"taxable","12":"shipping-taxable","13":"product-type-simple"},"_links":{"self":[{"href":"https:\/\/ppediciones.cl\/index.php?rest_route=\/wp\/v2\/product\/2947","targetHints":{"allow":["GET"]}}],"collection":[{"href":"https:\/\/ppediciones.cl\/index.php?rest_route=\/wp\/v2\/product"}],"about":[{"href":"https:\/\/ppediciones.cl\/index.php?rest_route=\/wp\/v2\/types\/product"}],"replies":[{"embeddable":true,"href":"https:\/\/ppediciones.cl\/index.php?rest_route=%2Fwp%2Fv2%2Fcomments&post=2947"}],"wp:featuredmedia":[{"embeddable":true,"href":"https:\/\/ppediciones.cl\/index.php?rest_route=\/wp\/v2\/media\/2948"}],"wp:attachment":[{"href":"https:\/\/ppediciones.cl\/index.php?rest_route=%2Fwp%2Fv2%2Fmedia&parent=2947"}],"wp:term":[{"taxonomy":"product_brand","embeddable":true,"href":"https:\/\/ppediciones.cl\/index.php?rest_route=%2Fwp%2Fv2%2Fproduct_brand&post=2947"},{"taxonomy":"product_cat","embeddable":true,"href":"https:\/\/ppediciones.cl\/index.php?rest_route=%2Fwp%2Fv2%2Fproduct_cat&post=2947"},{"taxonomy":"product_tag","embeddable":true,"href":"https:\/\/ppediciones.cl\/index.php?rest_route=%2Fwp%2Fv2%2Fproduct_tag&post=2947"}],"curies":[{"name":"wp","href":"https:\/\/api.w.org\/{rel}","templated":true}]}}