{"id":2949,"date":"2025-06-20T14:29:42","date_gmt":"2025-06-20T14:29:42","guid":{"rendered":"https:\/\/ppediciones.cl\/?post_type=product&#038;p=2949"},"modified":"2025-06-20T14:29:42","modified_gmt":"2025-06-20T14:29:42","slug":"revista-salud-lmental-8-varios-autores","status":"publish","type":"product","link":"https:\/\/ppediciones.cl\/?product=revista-salud-lmental-8-varios-autores","title":{"rendered":"Revista Salud LMental 8 | Varios autores"},"content":{"rendered":"<p>La Revista Salud Mental es una revista anual, que si bien considera en su integralidad la recuperaci\u00f3n del cuerpo, la mente y los afectos, ha privilegiado desde su nominaci\u00f3n tradicional principalmente a la Mente, la que suele reducirse m\u00e1s bien a la cognici\u00f3n. En su octavo n\u00famero presenta a la m\u00fasica como tem\u00e1tica principal, pues en ella convergen varias disciplinas, tanto como un placer sonoro como tambi\u00e9n por ser una herramienta de sanaci\u00f3n.<\/p>\n","protected":false},"excerpt":{"rendered":"<p>Fecha publicaci\u00f3n: mayo 2024<\/p>\n<p>ISSN: 0719-9538<\/p>\n<p>P\u00e1ginas: 68<\/p>\n<p>Formato: 14 x 21.5 cm<\/p>\n","protected":false},"featured_media":2950,"comment_status":"open","ping_status":"closed","template":"","meta":[],"product_brand":[],"product_cat":[210,181],"product_tag":[],"class_list":{"0":"post-2949","1":"product","2":"type-product","3":"status-publish","4":"has-post-thumbnail","6":"product_cat-210","7":"product_cat-catalogo","9":"first","10":"instock","11":"taxable","12":"shipping-taxable","13":"product-type-simple"},"_links":{"self":[{"href":"https:\/\/ppediciones.cl\/index.php?rest_route=\/wp\/v2\/product\/2949","targetHints":{"allow":["GET"]}}],"collection":[{"href":"https:\/\/ppediciones.cl\/index.php?rest_route=\/wp\/v2\/product"}],"about":[{"href":"https:\/\/ppediciones.cl\/index.php?rest_route=\/wp\/v2\/types\/product"}],"replies":[{"embeddable":true,"href":"https:\/\/ppediciones.cl\/index.php?rest_route=%2Fwp%2Fv2%2Fcomments&post=2949"}],"wp:featuredmedia":[{"embeddable":true,"href":"https:\/\/ppediciones.cl\/index.php?rest_route=\/wp\/v2\/media\/2950"}],"wp:attachment":[{"href":"https:\/\/ppediciones.cl\/index.php?rest_route=%2Fwp%2Fv2%2Fmedia&parent=2949"}],"wp:term":[{"taxonomy":"product_brand","embeddable":true,"href":"https:\/\/ppediciones.cl\/index.php?rest_route=%2Fwp%2Fv2%2Fproduct_brand&post=2949"},{"taxonomy":"product_cat","embeddable":true,"href":"https:\/\/ppediciones.cl\/index.php?rest_route=%2Fwp%2Fv2%2Fproduct_cat&post=2949"},{"taxonomy":"product_tag","embeddable":true,"href":"https:\/\/ppediciones.cl\/index.php?rest_route=%2Fwp%2Fv2%2Fproduct_tag&post=2949"}],"curies":[{"name":"wp","href":"https:\/\/api.w.org\/{rel}","templated":true}]}}