{"id":2955,"date":"2025-06-20T14:34:07","date_gmt":"2025-06-20T14:34:07","guid":{"rendered":"https:\/\/ppediciones.cl\/?post_type=product&#038;p=2955"},"modified":"2025-06-20T14:34:07","modified_gmt":"2025-06-20T14:34:07","slug":"cien-brindis-picarescos-y-algo-mas-cesar-vidal-vasquez","status":"publish","type":"product","link":"https:\/\/ppediciones.cl\/?product=cien-brindis-picarescos-y-algo-mas-cesar-vidal-vasquez","title":{"rendered":"Cien brindis picarescos y algo m\u00e1s | C\u00e9sar Vidal V\u00e1squez"},"content":{"rendered":"<p>Cien brindis picarescos intentan rescatar la picard\u00eda y el ingenio criollo, sin m\u00e1s pretensi\u00f3n que la de tener un motivo m\u00e1s para alzar la copa, invocando las nobles propiedades de la sangre bendita que es el vino, que crea lazos de amistad, induce a la buena camarader\u00eda, mitiga el dolor, ennoblece sentimientos, nos hace generosos, agudiza el ingenio, estimula la locuacidad, infunde valor y act\u00faa como antioxidante. Algo m\u00e1s, en cambio, es sencillamente aquello, algo m\u00e1s.<\/p>\n","protected":false},"excerpt":{"rendered":"<p>Fecha publicaci\u00f3n: mayo 2025<\/p>\n<p>ISBN: 978-956-362-814-2<\/p>\n<p>P\u00e1ginas: 100<\/p>\n<p>Formato: 14 x 21.5 cm<\/p>\n","protected":false},"featured_media":2956,"comment_status":"open","ping_status":"closed","template":"","meta":[],"product_brand":[],"product_cat":[210,181],"product_tag":[],"class_list":{"0":"post-2955","1":"product","2":"type-product","3":"status-publish","4":"has-post-thumbnail","6":"product_cat-210","7":"product_cat-catalogo","9":"first","10":"instock","11":"taxable","12":"shipping-taxable","13":"product-type-simple"},"_links":{"self":[{"href":"https:\/\/ppediciones.cl\/index.php?rest_route=\/wp\/v2\/product\/2955","targetHints":{"allow":["GET"]}}],"collection":[{"href":"https:\/\/ppediciones.cl\/index.php?rest_route=\/wp\/v2\/product"}],"about":[{"href":"https:\/\/ppediciones.cl\/index.php?rest_route=\/wp\/v2\/types\/product"}],"replies":[{"embeddable":true,"href":"https:\/\/ppediciones.cl\/index.php?rest_route=%2Fwp%2Fv2%2Fcomments&post=2955"}],"wp:featuredmedia":[{"embeddable":true,"href":"https:\/\/ppediciones.cl\/index.php?rest_route=\/wp\/v2\/media\/2956"}],"wp:attachment":[{"href":"https:\/\/ppediciones.cl\/index.php?rest_route=%2Fwp%2Fv2%2Fmedia&parent=2955"}],"wp:term":[{"taxonomy":"product_brand","embeddable":true,"href":"https:\/\/ppediciones.cl\/index.php?rest_route=%2Fwp%2Fv2%2Fproduct_brand&post=2955"},{"taxonomy":"product_cat","embeddable":true,"href":"https:\/\/ppediciones.cl\/index.php?rest_route=%2Fwp%2Fv2%2Fproduct_cat&post=2955"},{"taxonomy":"product_tag","embeddable":true,"href":"https:\/\/ppediciones.cl\/index.php?rest_route=%2Fwp%2Fv2%2Fproduct_tag&post=2955"}],"curies":[{"name":"wp","href":"https:\/\/api.w.org\/{rel}","templated":true}]}}