{"id":2957,"date":"2025-06-20T14:35:17","date_gmt":"2025-06-20T14:35:17","guid":{"rendered":"https:\/\/ppediciones.cl\/?post_type=product&#038;p=2957"},"modified":"2025-06-20T14:35:17","modified_gmt":"2025-06-20T14:35:17","slug":"termodinamica-leandro-garrido-munoz","status":"publish","type":"product","link":"https:\/\/ppediciones.cl\/?product=termodinamica-leandro-garrido-munoz","title":{"rendered":"Termodin\u00e1mica | Leandro Garrido Mu\u00f1oz"},"content":{"rendered":"<p>Este libro est\u00e1 dise\u00f1ado como una gu\u00eda para estudiantes y aprendices en el campo de la termodin\u00e1mica, ofreciendo una explicaci\u00f3n clara y progresiva de sus principios esenciales. Comienza con una introducci\u00f3n a los conceptos b\u00e1sicos \u2014como calor, energ\u00eda y las leyes de la termodin\u00e1mica\u2014, para luego profundizar en temas avanzados como diagramas P-V y T-S, el ciclo de Carnot, entalp\u00eda, entrop\u00eda, entre otros. Incluye un enfoque pr\u00e1ctico con ejemplos de problemas resueltos, aplicaciones en equilibrio qu\u00edmico y relaciones entre constantes de equilibrio (Kp, Kc, Kx). Con un lenguaje accesible y estructura did\u00e1ctica, este material busca facilitar la comprensi\u00f3n te\u00f3rica y su aplicaci\u00f3n en ejercicios, sirviendo como recurso tanto para cursos iniciales. Incluye bibliograf\u00eda especializada para ampliar el estudio. Ideal para estudiantes que se inician ingenier\u00eda, qu\u00edmica y ciencias f\u00edsicas.<\/p>\n","protected":false},"excerpt":{"rendered":"<p>Fecha publicaci\u00f3n: junio 2025<\/p>\n<p>ISBN: 978-956-423-022-1<\/p>\n<p>P\u00e1ginas: 150<\/p>\n<p>Formato: 14.8 x 21 cm<\/p>\n","protected":false},"featured_media":2958,"comment_status":"open","ping_status":"closed","template":"","meta":[],"product_brand":[],"product_cat":[210,181],"product_tag":[],"class_list":{"0":"post-2957","1":"product","2":"type-product","3":"status-publish","4":"has-post-thumbnail","6":"product_cat-210","7":"product_cat-catalogo","9":"first","10":"instock","11":"taxable","12":"shipping-taxable","13":"product-type-simple"},"_links":{"self":[{"href":"https:\/\/ppediciones.cl\/index.php?rest_route=\/wp\/v2\/product\/2957","targetHints":{"allow":["GET"]}}],"collection":[{"href":"https:\/\/ppediciones.cl\/index.php?rest_route=\/wp\/v2\/product"}],"about":[{"href":"https:\/\/ppediciones.cl\/index.php?rest_route=\/wp\/v2\/types\/product"}],"replies":[{"embeddable":true,"href":"https:\/\/ppediciones.cl\/index.php?rest_route=%2Fwp%2Fv2%2Fcomments&post=2957"}],"wp:featuredmedia":[{"embeddable":true,"href":"https:\/\/ppediciones.cl\/index.php?rest_route=\/wp\/v2\/media\/2958"}],"wp:attachment":[{"href":"https:\/\/ppediciones.cl\/index.php?rest_route=%2Fwp%2Fv2%2Fmedia&parent=2957"}],"wp:term":[{"taxonomy":"product_brand","embeddable":true,"href":"https:\/\/ppediciones.cl\/index.php?rest_route=%2Fwp%2Fv2%2Fproduct_brand&post=2957"},{"taxonomy":"product_cat","embeddable":true,"href":"https:\/\/ppediciones.cl\/index.php?rest_route=%2Fwp%2Fv2%2Fproduct_cat&post=2957"},{"taxonomy":"product_tag","embeddable":true,"href":"https:\/\/ppediciones.cl\/index.php?rest_route=%2Fwp%2Fv2%2Fproduct_tag&post=2957"}],"curies":[{"name":"wp","href":"https:\/\/api.w.org\/{rel}","templated":true}]}}