{"id":2974,"date":"2025-07-30T18:49:40","date_gmt":"2025-07-30T18:49:40","guid":{"rendered":"https:\/\/ppediciones.cl\/?post_type=product&#038;p=2974"},"modified":"2025-07-30T18:49:41","modified_gmt":"2025-07-30T18:49:41","slug":"escritores-nacientes-varios-autores","status":"publish","type":"product","link":"https:\/\/ppediciones.cl\/?product=escritores-nacientes-varios-autores","title":{"rendered":"Escritores nacientes | Varios autores"},"content":{"rendered":"<p>Ni\u00f1os y j\u00f3venes de establecimientos municipales pertenecientes a la Corporaci\u00f3n de Desarrollo de la Comuna de San Vicente de Tagua Tagua, se dan cita a trav\u00e9s de las letras para plasmar en sus escritos relatos, historias y cuentos de vivencias propias, reales o ficticias, familiares, escolares y\/o sue\u00f1os.<\/p>\n<p>Celebramos el nacimiento de un libro como tambi\u00e9n el surgimiento de n\u00f3veles talentos, cuya efervescencia, que es propia de la imaginaci\u00f3n, se transforma en un componente fundamental de la creatividad, que unida a la pasi\u00f3n por la lectura y en esta ocasi\u00f3n la escritura, convierte sus palabras en letras que se conjugan para contar con magia sus historias y cuentos.<\/p>\n<p>Este es un proyecto creado por la Corporaci\u00f3n de Desarrollo de la Comuna de San Vicente de Tagua Tagua, con el fin de incentivar a los escritores n\u00f3veles a continuar por la senda de la literatura.<\/p>\n<p>Participaron en la creaci\u00f3n de este libro, estudiantes desde 1\u00b0 B\u00e1sico a 4\u00b0 Medio de los siguientes establecimientos dependientes de la Corporaci\u00f3n: Escuela San Alberto de Idahue, Escuela Juan Barros Rold\u00e1n, Escuela Enrique Y\u00e1\u00f1ez Gonz\u00e1lez, Escuela El Libertador, Escuela Guido Assis Gonz\u00e1lez, Escuela Toquihua, Escuela P\u00e1rroco Miguel Bustamante, Escuela Los Rastrojos, Escuela Z\u00fa\u00f1iga, Escuela Carmen Gallegos, Escuela Adriana Ar\u00e1nguiz Cerda, Instituto San Vicente, Liceo T\u00e9cnico Profesional El Tambo, Liceo Ignacio Carrera Pinto.<\/p>\n","protected":false},"excerpt":{"rendered":"<p>Fecha publicaci\u00f3n: agosto 2025<\/p>\n<p>ISBN: 978-956-423-262-1<\/p>\n<p>P\u00e1ginas: 120<\/p>\n<p>Formato: 14 X 21.5 cm<\/p>\n","protected":false},"featured_media":2975,"comment_status":"open","ping_status":"closed","template":"","meta":[],"product_brand":[],"product_cat":[210,181],"product_tag":[],"class_list":{"0":"post-2974","1":"product","2":"type-product","3":"status-publish","4":"has-post-thumbnail","6":"product_cat-210","7":"product_cat-catalogo","9":"first","10":"instock","11":"taxable","12":"shipping-taxable","13":"product-type-simple"},"_links":{"self":[{"href":"https:\/\/ppediciones.cl\/index.php?rest_route=\/wp\/v2\/product\/2974","targetHints":{"allow":["GET"]}}],"collection":[{"href":"https:\/\/ppediciones.cl\/index.php?rest_route=\/wp\/v2\/product"}],"about":[{"href":"https:\/\/ppediciones.cl\/index.php?rest_route=\/wp\/v2\/types\/product"}],"replies":[{"embeddable":true,"href":"https:\/\/ppediciones.cl\/index.php?rest_route=%2Fwp%2Fv2%2Fcomments&post=2974"}],"wp:featuredmedia":[{"embeddable":true,"href":"https:\/\/ppediciones.cl\/index.php?rest_route=\/wp\/v2\/media\/2975"}],"wp:attachment":[{"href":"https:\/\/ppediciones.cl\/index.php?rest_route=%2Fwp%2Fv2%2Fmedia&parent=2974"}],"wp:term":[{"taxonomy":"product_brand","embeddable":true,"href":"https:\/\/ppediciones.cl\/index.php?rest_route=%2Fwp%2Fv2%2Fproduct_brand&post=2974"},{"taxonomy":"product_cat","embeddable":true,"href":"https:\/\/ppediciones.cl\/index.php?rest_route=%2Fwp%2Fv2%2Fproduct_cat&post=2974"},{"taxonomy":"product_tag","embeddable":true,"href":"https:\/\/ppediciones.cl\/index.php?rest_route=%2Fwp%2Fv2%2Fproduct_tag&post=2974"}],"curies":[{"name":"wp","href":"https:\/\/api.w.org\/{rel}","templated":true}]}}