{"id":2999,"date":"2025-08-14T04:23:34","date_gmt":"2025-08-14T04:23:34","guid":{"rendered":"https:\/\/ppediciones.cl\/?post_type=product&#038;p=2999"},"modified":"2025-08-14T04:24:24","modified_gmt":"2025-08-14T04:24:24","slug":"raiz-ivonne-diaz-cornejo","status":"publish","type":"product","link":"https:\/\/ppediciones.cl\/?product=raiz-ivonne-diaz-cornejo","title":{"rendered":"Ra\u00edz | Ivonne D\u00edaz Cornejo"},"content":{"rendered":"<p>Ra\u00edz se proyecta desde el microcosmos hasta el espacio sideral, es tambi\u00e9n una visita al mundo de la religiosidad y sus patrones b\u00edblicos, es la vida citadina, la esperanza y la frustraci\u00f3n, dentro de este sendero de palabras, resalta su vertiente ambiental poniendo sobre la mesa los elementos naturales b\u00e1sicos para la vida y que por acciones antropol\u00f3gicas desacertadas est\u00e1n siendo alterados ocasionando una serie de desastres, parte de ellos sentidos casi de manera directa por su autora.<\/p>\n<p>&nbsp;<\/p>\n","protected":false},"excerpt":{"rendered":"<p>Fecha publicaci\u00f3n: agosto 2025<\/p>\n<p>ISBN: 978-956-423-375-8<\/p>\n<p>P\u00e1ginas: 104<\/p>\n<p>Formato: 14 X 21.5 cm<\/p>\n","protected":false},"featured_media":3000,"comment_status":"open","ping_status":"closed","template":"","meta":[],"product_brand":[],"product_cat":[210,181],"product_tag":[],"class_list":{"0":"post-2999","1":"product","2":"type-product","3":"status-publish","4":"has-post-thumbnail","6":"product_cat-210","7":"product_cat-catalogo","9":"first","10":"instock","11":"taxable","12":"shipping-taxable","13":"product-type-simple"},"_links":{"self":[{"href":"https:\/\/ppediciones.cl\/index.php?rest_route=\/wp\/v2\/product\/2999","targetHints":{"allow":["GET"]}}],"collection":[{"href":"https:\/\/ppediciones.cl\/index.php?rest_route=\/wp\/v2\/product"}],"about":[{"href":"https:\/\/ppediciones.cl\/index.php?rest_route=\/wp\/v2\/types\/product"}],"replies":[{"embeddable":true,"href":"https:\/\/ppediciones.cl\/index.php?rest_route=%2Fwp%2Fv2%2Fcomments&post=2999"}],"wp:featuredmedia":[{"embeddable":true,"href":"https:\/\/ppediciones.cl\/index.php?rest_route=\/wp\/v2\/media\/3000"}],"wp:attachment":[{"href":"https:\/\/ppediciones.cl\/index.php?rest_route=%2Fwp%2Fv2%2Fmedia&parent=2999"}],"wp:term":[{"taxonomy":"product_brand","embeddable":true,"href":"https:\/\/ppediciones.cl\/index.php?rest_route=%2Fwp%2Fv2%2Fproduct_brand&post=2999"},{"taxonomy":"product_cat","embeddable":true,"href":"https:\/\/ppediciones.cl\/index.php?rest_route=%2Fwp%2Fv2%2Fproduct_cat&post=2999"},{"taxonomy":"product_tag","embeddable":true,"href":"https:\/\/ppediciones.cl\/index.php?rest_route=%2Fwp%2Fv2%2Fproduct_tag&post=2999"}],"curies":[{"name":"wp","href":"https:\/\/api.w.org\/{rel}","templated":true}]}}