{"id":3039,"date":"2025-11-29T18:22:34","date_gmt":"2025-11-29T18:22:34","guid":{"rendered":"https:\/\/ppediciones.cl\/?post_type=product&#038;p=3039"},"modified":"2025-11-29T18:26:51","modified_gmt":"2025-11-29T18:26:51","slug":"mergando-con-el-huaso-jiron","status":"publish","type":"product","link":"https:\/\/ppediciones.cl\/?product=mergando-con-el-huaso-jiron","title":{"rendered":"Mergando con el Huaso Jir\u00f3n | Fernando Jir\u00f3n Dur\u00e1n"},"content":{"rendered":"<p>Mergando con el Huaso Jir\u00f3n re\u00fane poemas escritos entre principios de la d\u00e9cada de los noventa y comienzos de los a\u00f1os dos mil, y recopila versos a lo humano que hablan del campo, de Requ\u00ednoa, de nuestras tradiciones, hechos importantes, costumbres, entre otros temas. Esta es la tercera edici\u00f3n del libro, y posee algunas modificaciones que el autor quiso hacer para mejorarlo y actualizarlo.<\/p>\n<p>Fernando Jir\u00f3n Dur\u00e1n, m\u00e1s conocido como El Huaso Jir\u00f3n, naci\u00f3 el 1 de septiembre de 1954, en el Fundo Las Mercedes, comuna de Requ\u00ednoa, Sexta Regi\u00f3n. Apenas tuvo conocimiento de su vida, fue amante de la poes\u00eda popular. Ha participado en diversos encuentros de payadores y pe\u00f1as folcl\u00f3ricas dentro y fuera de la regi\u00f3n. \u201cSalt\u00f3 a la fama\u201d en el a\u00f1o 1996 en la desaparecida radio Requ\u00ednoa, con el programa Simplemente Chile, que hoy se transmite en la radio Gente y que en agosto reci\u00e9n pasado cumpli\u00f3 29 a\u00f1os difundiendo la poes\u00eda popular. Ha publicado Mergando con el Huaso Jir\u00f3n, y Yo soy el Huaso Jir\u00f3n.<\/p>\n","protected":false},"excerpt":{"rendered":"<p><strong>MERGANDO CON EL HUASO JIR\u00d3N<\/strong><\/p>\n<p><strong>Fernando Jir\u00f3n Dur\u00e1n<\/strong><\/p>\n<p>Fecha publicaci\u00f3n: octubre 2025<\/p>\n<p>ISBN: &#8211;<\/p>\n<p>P\u00e1ginas: 138<\/p>\n<p>Formato: 14 X 21.5 cm<\/p>\n<p>&nbsp;<\/p>\n","protected":false},"featured_media":3040,"comment_status":"open","ping_status":"closed","template":"","meta":[],"product_brand":[],"product_cat":[210,181],"product_tag":[],"class_list":{"0":"post-3039","1":"product","2":"type-product","3":"status-publish","4":"has-post-thumbnail","6":"product_cat-210","7":"product_cat-catalogo","9":"first","10":"instock","11":"taxable","12":"shipping-taxable","13":"product-type-simple"},"_links":{"self":[{"href":"https:\/\/ppediciones.cl\/index.php?rest_route=\/wp\/v2\/product\/3039","targetHints":{"allow":["GET"]}}],"collection":[{"href":"https:\/\/ppediciones.cl\/index.php?rest_route=\/wp\/v2\/product"}],"about":[{"href":"https:\/\/ppediciones.cl\/index.php?rest_route=\/wp\/v2\/types\/product"}],"replies":[{"embeddable":true,"href":"https:\/\/ppediciones.cl\/index.php?rest_route=%2Fwp%2Fv2%2Fcomments&post=3039"}],"wp:featuredmedia":[{"embeddable":true,"href":"https:\/\/ppediciones.cl\/index.php?rest_route=\/wp\/v2\/media\/3040"}],"wp:attachment":[{"href":"https:\/\/ppediciones.cl\/index.php?rest_route=%2Fwp%2Fv2%2Fmedia&parent=3039"}],"wp:term":[{"taxonomy":"product_brand","embeddable":true,"href":"https:\/\/ppediciones.cl\/index.php?rest_route=%2Fwp%2Fv2%2Fproduct_brand&post=3039"},{"taxonomy":"product_cat","embeddable":true,"href":"https:\/\/ppediciones.cl\/index.php?rest_route=%2Fwp%2Fv2%2Fproduct_cat&post=3039"},{"taxonomy":"product_tag","embeddable":true,"href":"https:\/\/ppediciones.cl\/index.php?rest_route=%2Fwp%2Fv2%2Fproduct_tag&post=3039"}],"curies":[{"name":"wp","href":"https:\/\/api.w.org\/{rel}","templated":true}]}}