{"id":3041,"date":"2025-11-29T18:26:00","date_gmt":"2025-11-29T18:26:00","guid":{"rendered":"https:\/\/ppediciones.cl\/?post_type=product&#038;p=3041"},"modified":"2025-11-29T18:26:00","modified_gmt":"2025-11-29T18:26:00","slug":"yo-soy-el-huaso-jiron-fernando-jiron-duran","status":"publish","type":"product","link":"https:\/\/ppediciones.cl\/?product=yo-soy-el-huaso-jiron-fernando-jiron-duran","title":{"rendered":"Yo soy el Huaso Jir\u00f3n | Fernando Jir\u00f3n Dur\u00e1n"},"content":{"rendered":"<p>Yo nac\u00ed para hacer glosas<\/p>\n<p>En los campos de Requ\u00ednoa<\/p>\n<p>Con mis sabias campesinas<\/p>\n<p>Le canto a mi tierra hermosa<\/p>\n<p>Con mis rimas talentosas<\/p>\n<p>Se presenta un trovador<\/p>\n<p>Soy nacido con honor<\/p>\n<p>En el fundo Las Mercedes<\/p>\n<p>Pa que lo sepan ustedes<\/p>\n<p>YO SOY EL HUASO JIR\u00d3N<\/p>\n<p>&nbsp;<\/p>\n<p>Fernando Jir\u00f3n Dur\u00e1n, m\u00e1s conocido como El Huaso Jir\u00f3n, naci\u00f3 el 1 de septiembre de 1954, en el Fundo Las Mercedes, comuna de Requ\u00ednoa, Sexta Regi\u00f3n. Apenas tuvo conocimiento de su vida, fue amante de la poes\u00eda popular. Ha participado en diversos encuentros de payadores y pe\u00f1as folcl\u00f3ricas dentro y fuera de la regi\u00f3n. \u201cSalt\u00f3 a la fama\u201d en el a\u00f1o 1996 en la desaparecida radio Requ\u00ednoa, con el programa Simplemente Chile, que hoy se transmite en la radio Gente y que en agosto reci\u00e9n pasado cumpli\u00f3 29 a\u00f1os difundiendo la poes\u00eda popular. Ha publicado Mergando con el Huaso Jir\u00f3n, y Yo soy el Huaso Jir\u00f3n.<\/p>\n","protected":false},"excerpt":{"rendered":"<p>Fecha publicaci\u00f3n: octubre 2025<\/p>\n<p>ISBN: &#8211;<\/p>\n<p>P\u00e1ginas: 118<\/p>\n<p>Formato: 14 X 21.5 cm<\/p>\n","protected":false},"featured_media":3042,"comment_status":"open","ping_status":"closed","template":"","meta":[],"product_brand":[],"product_cat":[210,181],"product_tag":[],"class_list":{"0":"post-3041","1":"product","2":"type-product","3":"status-publish","4":"has-post-thumbnail","6":"product_cat-210","7":"product_cat-catalogo","9":"first","10":"instock","11":"taxable","12":"shipping-taxable","13":"product-type-simple"},"_links":{"self":[{"href":"https:\/\/ppediciones.cl\/index.php?rest_route=\/wp\/v2\/product\/3041","targetHints":{"allow":["GET"]}}],"collection":[{"href":"https:\/\/ppediciones.cl\/index.php?rest_route=\/wp\/v2\/product"}],"about":[{"href":"https:\/\/ppediciones.cl\/index.php?rest_route=\/wp\/v2\/types\/product"}],"replies":[{"embeddable":true,"href":"https:\/\/ppediciones.cl\/index.php?rest_route=%2Fwp%2Fv2%2Fcomments&post=3041"}],"wp:featuredmedia":[{"embeddable":true,"href":"https:\/\/ppediciones.cl\/index.php?rest_route=\/wp\/v2\/media\/3042"}],"wp:attachment":[{"href":"https:\/\/ppediciones.cl\/index.php?rest_route=%2Fwp%2Fv2%2Fmedia&parent=3041"}],"wp:term":[{"taxonomy":"product_brand","embeddable":true,"href":"https:\/\/ppediciones.cl\/index.php?rest_route=%2Fwp%2Fv2%2Fproduct_brand&post=3041"},{"taxonomy":"product_cat","embeddable":true,"href":"https:\/\/ppediciones.cl\/index.php?rest_route=%2Fwp%2Fv2%2Fproduct_cat&post=3041"},{"taxonomy":"product_tag","embeddable":true,"href":"https:\/\/ppediciones.cl\/index.php?rest_route=%2Fwp%2Fv2%2Fproduct_tag&post=3041"}],"curies":[{"name":"wp","href":"https:\/\/api.w.org\/{rel}","templated":true}]}}