{"id":3047,"date":"2025-11-29T18:32:52","date_gmt":"2025-11-29T18:32:52","guid":{"rendered":"https:\/\/ppediciones.cl\/?post_type=product&#038;p=3047"},"modified":"2025-11-29T18:32:52","modified_gmt":"2025-11-29T18:32:52","slug":"escritores-nacientes-2-varios-autores","status":"publish","type":"product","link":"https:\/\/ppediciones.cl\/?product=escritores-nacientes-2-varios-autores","title":{"rendered":"Escritores nacientes 2 | Varios autores"},"content":{"rendered":"<p>El programa Escritores Nacientes es una valiosa iniciativa de la Red Biblioteca CRA de la Corporaci\u00f3n de Desarrollo de la Comuna de San Vicente de Tagua Tagua, en colaboraci\u00f3n con el Departamento Provincial de Educaci\u00f3n Cachapoal. Su principal objetivo es fortalecer la lectura, la escritura y la comunicaci\u00f3n oral, promoviendo el desarrollo de las habilidades literarias en la comunidad educativa.<\/p>\n<p>Esta segunda edici\u00f3n, recopilada en Escritores Nacientes Dos 2025, celebra la imaginaci\u00f3n y el talento de ni\u00f1os, ni\u00f1as y j\u00f3venes desde 1\u00b0 a\u00f1o B\u00e1sico hasta 4\u00b0 a\u00f1o de Ense\u00f1anza Media. Bajo el inspirador tema &#8220;La vez en la que m\u00e1s re\u00ed&#8221;, los relatos buscan capturar aquellas experiencias, an\u00e9cdotas o fantas\u00edas que hicieron que nuestros estudiantes se rieran de verdad, ya sea por gracia o por locura.<\/p>\n<p>Este libro no solo es una compilaci\u00f3n de cuentos, sino una prueba viva de c\u00f3mo la risa puede ser la protagonista, uniendo a la comunidad escolar en torno a historias llenas de humor, fantas\u00eda o incluso giros inesperados.<\/p>\n<p><strong>\u00a0<\/strong><\/p>\n","protected":false},"excerpt":{"rendered":"<p>Fecha publicaci\u00f3n: noviembre 2025<\/p>\n<p>ISBN: 978-956-423-913-2<\/p>\n<p>P\u00e1ginas: 170<\/p>\n<p>Formato: 14 X 21.5 cm<\/p>\n","protected":false},"featured_media":3048,"comment_status":"open","ping_status":"closed","template":"","meta":[],"product_brand":[],"product_cat":[210,181],"product_tag":[],"class_list":{"0":"post-3047","1":"product","2":"type-product","3":"status-publish","4":"has-post-thumbnail","6":"product_cat-210","7":"product_cat-catalogo","9":"first","10":"instock","11":"taxable","12":"shipping-taxable","13":"product-type-simple"},"_links":{"self":[{"href":"https:\/\/ppediciones.cl\/index.php?rest_route=\/wp\/v2\/product\/3047","targetHints":{"allow":["GET"]}}],"collection":[{"href":"https:\/\/ppediciones.cl\/index.php?rest_route=\/wp\/v2\/product"}],"about":[{"href":"https:\/\/ppediciones.cl\/index.php?rest_route=\/wp\/v2\/types\/product"}],"replies":[{"embeddable":true,"href":"https:\/\/ppediciones.cl\/index.php?rest_route=%2Fwp%2Fv2%2Fcomments&post=3047"}],"wp:featuredmedia":[{"embeddable":true,"href":"https:\/\/ppediciones.cl\/index.php?rest_route=\/wp\/v2\/media\/3048"}],"wp:attachment":[{"href":"https:\/\/ppediciones.cl\/index.php?rest_route=%2Fwp%2Fv2%2Fmedia&parent=3047"}],"wp:term":[{"taxonomy":"product_brand","embeddable":true,"href":"https:\/\/ppediciones.cl\/index.php?rest_route=%2Fwp%2Fv2%2Fproduct_brand&post=3047"},{"taxonomy":"product_cat","embeddable":true,"href":"https:\/\/ppediciones.cl\/index.php?rest_route=%2Fwp%2Fv2%2Fproduct_cat&post=3047"},{"taxonomy":"product_tag","embeddable":true,"href":"https:\/\/ppediciones.cl\/index.php?rest_route=%2Fwp%2Fv2%2Fproduct_tag&post=3047"}],"curies":[{"name":"wp","href":"https:\/\/api.w.org\/{rel}","templated":true}]}}