{"id":3051,"date":"2025-11-29T18:39:20","date_gmt":"2025-11-29T18:39:20","guid":{"rendered":"https:\/\/ppediciones.cl\/?post_type=product&#038;p=3051"},"modified":"2025-11-29T18:39:20","modified_gmt":"2025-11-29T18:39:20","slug":"ensayos-domesticos-rebeca-erce","status":"publish","type":"product","link":"https:\/\/ppediciones.cl\/?product=ensayos-domesticos-rebeca-erce","title":{"rendered":"Ensayos dom\u00e9sticos | Rebeca Erce"},"content":{"rendered":"<p>Este libro contiene los pensamientos que suelen rondar a una mujer que aparte de ser madre y profesora, es una persona que se interesa por la sociedad en que vive y se ocupa de su casa tanto como de su mundo interno. No son ensayos ambiciosos, en el sentido de que est\u00e1 claro que un ensayo no es la \u00faltima palabra, pero s\u00ed es una forma de integrarse al concierto de opiniones que diversifican y separan hoy a las personas en muchos aspectos. La idea no es polemizar, sino exponer, especialmente la posici\u00f3n que ocupa la mujer hoy en la sociedad. Y sobre todo fundamentar que, el hecho de que una mujer est\u00e9 en la casa cocinando, criando, atendiendo al marido y las visitas, por ejemplo, no la hace carente de opini\u00f3n. En \u00e9pocas anteriores los libros acerca de las amas de casa se refer\u00edan a c\u00f3mo cuidar ni\u00f1os, aprender a cocinar los platos m\u00e1s exquisitos y tener la casa impecable. El mundo ha cambiado, las amas de casa son gente que lee, aunque tengan s\u00f3lo la educaci\u00f3n b\u00e1sica, se interesan por los libros para aprender algo m\u00e1s.<\/p>\n<p>Este libro contiene los pensamientos ocultos de esa ama de casa, aquellos que surgen cuando est\u00e1 cocinando, lavando platos, cosiendo ropa, planchando y muchas ocupaciones que toda ama de casa sabe que es necesario abordar. Esos pensamientos aparecen incluso cuando despu\u00e9s de un d\u00eda agitado, se toma una taza de t\u00e9 antes de ir a la cama. Por eso, el t\u00edtulo: \u201cEnsayos Dom\u00e9sticos\u201d.<\/p>\n<p>&nbsp;<\/p>\n","protected":false},"excerpt":{"rendered":"<p>Fecha publicaci\u00f3n: diciembre 2025<\/p>\n<p>ISBN: 978-956-423-995-8<\/p>\n<p>P\u00e1ginas: 100<\/p>\n<p>Formato: 14 X 21.5 cm<\/p>\n<p>&nbsp;<\/p>\n","protected":false},"featured_media":3052,"comment_status":"open","ping_status":"closed","template":"","meta":[],"product_brand":[],"product_cat":[210,181],"product_tag":[],"class_list":{"0":"post-3051","1":"product","2":"type-product","3":"status-publish","4":"has-post-thumbnail","6":"product_cat-210","7":"product_cat-catalogo","9":"first","10":"instock","11":"taxable","12":"shipping-taxable","13":"product-type-simple"},"_links":{"self":[{"href":"https:\/\/ppediciones.cl\/index.php?rest_route=\/wp\/v2\/product\/3051","targetHints":{"allow":["GET"]}}],"collection":[{"href":"https:\/\/ppediciones.cl\/index.php?rest_route=\/wp\/v2\/product"}],"about":[{"href":"https:\/\/ppediciones.cl\/index.php?rest_route=\/wp\/v2\/types\/product"}],"replies":[{"embeddable":true,"href":"https:\/\/ppediciones.cl\/index.php?rest_route=%2Fwp%2Fv2%2Fcomments&post=3051"}],"wp:featuredmedia":[{"embeddable":true,"href":"https:\/\/ppediciones.cl\/index.php?rest_route=\/wp\/v2\/media\/3052"}],"wp:attachment":[{"href":"https:\/\/ppediciones.cl\/index.php?rest_route=%2Fwp%2Fv2%2Fmedia&parent=3051"}],"wp:term":[{"taxonomy":"product_brand","embeddable":true,"href":"https:\/\/ppediciones.cl\/index.php?rest_route=%2Fwp%2Fv2%2Fproduct_brand&post=3051"},{"taxonomy":"product_cat","embeddable":true,"href":"https:\/\/ppediciones.cl\/index.php?rest_route=%2Fwp%2Fv2%2Fproduct_cat&post=3051"},{"taxonomy":"product_tag","embeddable":true,"href":"https:\/\/ppediciones.cl\/index.php?rest_route=%2Fwp%2Fv2%2Fproduct_tag&post=3051"}],"curies":[{"name":"wp","href":"https:\/\/api.w.org\/{rel}","templated":true}]}}