{"id":3099,"date":"2026-02-04T22:54:25","date_gmt":"2026-02-04T22:54:25","guid":{"rendered":"https:\/\/ppediciones.cl\/?post_type=product&#038;p=3099"},"modified":"2026-02-04T22:54:26","modified_gmt":"2026-02-04T22:54:26","slug":"bouna-5ta-edicion-mario-labrin","status":"publish","type":"product","link":"https:\/\/ppediciones.cl\/?product=bouna-5ta-edicion-mario-labrin","title":{"rendered":"Bouna (5ta edici\u00f3n ) | Mario Labr\u00edn"},"content":{"rendered":"<p>Bouna es un cuento infantil lleno de sabidur\u00eda y ternura, que lleva de t\u00edtulo el nombre del protagonista, un ni\u00f1o africano que va en busca de los \u00faltimos elefantes de la sabana, para que le ayuden a combatir la peor sequ\u00eda que hab\u00eda ocurrido jam\u00e1s.<\/p>\n","protected":false},"excerpt":{"rendered":"<p>Fecha publicaci\u00f3n: enero 2026<\/p>\n<p>ISBN: 978-956-398-564-1<\/p>\n<p>P\u00e1ginas: 16<\/p>\n<p>Formato: 21.5 x 28 cm<\/p>\n","protected":false},"featured_media":3100,"comment_status":"open","ping_status":"closed","template":"","meta":[],"product_brand":[],"product_cat":[211,181],"product_tag":[],"class_list":{"0":"post-3099","1":"product","2":"type-product","3":"status-publish","4":"has-post-thumbnail","6":"product_cat-211","7":"product_cat-catalogo","9":"first","10":"instock","11":"taxable","12":"shipping-taxable","13":"product-type-simple"},"_links":{"self":[{"href":"https:\/\/ppediciones.cl\/index.php?rest_route=\/wp\/v2\/product\/3099","targetHints":{"allow":["GET"]}}],"collection":[{"href":"https:\/\/ppediciones.cl\/index.php?rest_route=\/wp\/v2\/product"}],"about":[{"href":"https:\/\/ppediciones.cl\/index.php?rest_route=\/wp\/v2\/types\/product"}],"replies":[{"embeddable":true,"href":"https:\/\/ppediciones.cl\/index.php?rest_route=%2Fwp%2Fv2%2Fcomments&post=3099"}],"wp:featuredmedia":[{"embeddable":true,"href":"https:\/\/ppediciones.cl\/index.php?rest_route=\/wp\/v2\/media\/3100"}],"wp:attachment":[{"href":"https:\/\/ppediciones.cl\/index.php?rest_route=%2Fwp%2Fv2%2Fmedia&parent=3099"}],"wp:term":[{"taxonomy":"product_brand","embeddable":true,"href":"https:\/\/ppediciones.cl\/index.php?rest_route=%2Fwp%2Fv2%2Fproduct_brand&post=3099"},{"taxonomy":"product_cat","embeddable":true,"href":"https:\/\/ppediciones.cl\/index.php?rest_route=%2Fwp%2Fv2%2Fproduct_cat&post=3099"},{"taxonomy":"product_tag","embeddable":true,"href":"https:\/\/ppediciones.cl\/index.php?rest_route=%2Fwp%2Fv2%2Fproduct_tag&post=3099"}],"curies":[{"name":"wp","href":"https:\/\/api.w.org\/{rel}","templated":true}]}}