{"id":3105,"date":"2026-02-04T22:59:03","date_gmt":"2026-02-04T22:59:03","guid":{"rendered":"https:\/\/ppediciones.cl\/?post_type=product&#038;p=3105"},"modified":"2026-02-04T23:10:09","modified_gmt":"2026-02-04T23:10:09","slug":"100-preguntas-y-respuestas-sobre-sonoterapia-david-silva-munoz","status":"publish","type":"product","link":"https:\/\/ppediciones.cl\/?product=100-preguntas-y-respuestas-sobre-sonoterapia-david-silva-munoz","title":{"rendered":"100 Preguntas y respuestas sobre Sonoterapia | David Silva Mu\u00f1oz"},"content":{"rendered":"<p>El autor espera que este libro acompa\u00f1e tu camino como un cuenco tibetano acompa\u00f1a al silencio: iluminando lo que ya existe dentro de ti. Cada pregunta ha sido producto de la reflexi\u00f3n a lo largo de sus 15 a\u00f1os de carrera en el mundo de la m\u00fasica y el sonido en contextos terap\u00e9uticos.<\/p>\n<p>Y agradece que permitas que estas 100 preguntas y respuestas resuenen contigo. Que sigas escuch\u00e1ndote, escuchando a otros y escuchando la vida en todas sus frecuencias.<\/p>\n<p>&#8220;Los invito a todos y todas a viajar conmigo una d\u00e9cada atr\u00e1s en mi historia, esperando que la lectura sea una experiencia grata y evocadora&#8221;.<\/p>\n","protected":false},"excerpt":{"rendered":"<p>Fecha publicaci\u00f3n: enero 2026<\/p>\n<p>ISBN: 978-956-425-334-3<\/p>\n<p>P\u00e1ginas: 128<\/p>\n<p>Formato: 10.5 x 14 cm<\/p>\n<p>&nbsp;<\/p>\n","protected":false},"featured_media":3106,"comment_status":"open","ping_status":"closed","template":"","meta":[],"product_brand":[],"product_cat":[211,181],"product_tag":[],"class_list":{"0":"post-3105","1":"product","2":"type-product","3":"status-publish","4":"has-post-thumbnail","6":"product_cat-211","7":"product_cat-catalogo","9":"first","10":"instock","11":"taxable","12":"shipping-taxable","13":"product-type-simple"},"_links":{"self":[{"href":"https:\/\/ppediciones.cl\/index.php?rest_route=\/wp\/v2\/product\/3105","targetHints":{"allow":["GET"]}}],"collection":[{"href":"https:\/\/ppediciones.cl\/index.php?rest_route=\/wp\/v2\/product"}],"about":[{"href":"https:\/\/ppediciones.cl\/index.php?rest_route=\/wp\/v2\/types\/product"}],"replies":[{"embeddable":true,"href":"https:\/\/ppediciones.cl\/index.php?rest_route=%2Fwp%2Fv2%2Fcomments&post=3105"}],"wp:featuredmedia":[{"embeddable":true,"href":"https:\/\/ppediciones.cl\/index.php?rest_route=\/wp\/v2\/media\/3106"}],"wp:attachment":[{"href":"https:\/\/ppediciones.cl\/index.php?rest_route=%2Fwp%2Fv2%2Fmedia&parent=3105"}],"wp:term":[{"taxonomy":"product_brand","embeddable":true,"href":"https:\/\/ppediciones.cl\/index.php?rest_route=%2Fwp%2Fv2%2Fproduct_brand&post=3105"},{"taxonomy":"product_cat","embeddable":true,"href":"https:\/\/ppediciones.cl\/index.php?rest_route=%2Fwp%2Fv2%2Fproduct_cat&post=3105"},{"taxonomy":"product_tag","embeddable":true,"href":"https:\/\/ppediciones.cl\/index.php?rest_route=%2Fwp%2Fv2%2Fproduct_tag&post=3105"}],"curies":[{"name":"wp","href":"https:\/\/api.w.org\/{rel}","templated":true}]}}