{"id":3108,"date":"2026-02-04T23:03:46","date_gmt":"2026-02-04T23:03:46","guid":{"rendered":"https:\/\/ppediciones.cl\/?post_type=product&#038;p=3108"},"modified":"2026-02-04T23:03:46","modified_gmt":"2026-02-04T23:03:46","slug":"historia-de-las-cabras-jorge-cabezas","status":"publish","type":"product","link":"https:\/\/ppediciones.cl\/?product=historia-de-las-cabras-jorge-cabezas","title":{"rendered":"Historia de Las Cabras | Jorge Cabezas"},"content":{"rendered":"<p>Tengo el agrado de presentar a nuestros coterr\u00e1neos el libro Historia de Las Cabras, justo cuando nos preparamos para la celebraci\u00f3n de sus cien a\u00f1os de vida constitucional, ya que en un lejano 28 de enero de 1928, se dict\u00f3 el Decreto de fundaci\u00f3n de la Comuna de Cabras. As\u00ed lo rezaba la ley reci\u00e9n dictada, pero nuestra tierra hab\u00eda sido poblada hace unos miles de a\u00f1os por los primeros asentamientos ind\u00edgenas. Este proceso va a ser interrumpido en dos oportunidades, la primera por la invasi\u00f3n de los Incas y la segunda por la colonizaci\u00f3n espa\u00f1ola, esta \u00faltima una larga etapa que dur\u00f3 alrededor de tres siglos, tiempo en que la sociedad chilena y en especial la nuestra cambi\u00f3 notablemente hasta llegar a lo que somos hoy.<\/p>\n<p>Es un objetivo importante de este trabajo, que valoremos a las personas que forjaron nuestra cultura, quienes nos dejaron una abundante herencia, y distinguir a los contempor\u00e1neos que por sus m\u00e9ritos destacan en distintas \u00e1reas de la vida actual, ellos en su quehacer diario merecen nuestro reconocimiento y valoraci\u00f3n, con eso evidenciamos el amor por nuestra tierra, sus tradiciones y por su gente. Tambi\u00e9n es importante situar la historia de la comuna dentro de la historia de Chile, pues no somos una instituci\u00f3n separada, sino que hemos evolucionado de acuerdo con las diferentes etapas de nuestra historia patria.<\/p>\n<p>Para una mejor comprensi\u00f3n de la historia comunal la he dividido en tres per\u00edodos: Ind\u00edgena, Conquista Espa\u00f1ola y Chile Republicano. Bajo estas tres etapas se analizan los siguientes aspectos: historia, geograf\u00eda, sociedad, econom\u00eda, pol\u00edtica, cultura y religi\u00f3n.<\/p>\n<p>Tambi\u00e9n recalcar que el edificio municipal sufri\u00f3 dos incendios, uno en la sede de LLallauqu\u00e9n, y el otro en Las Cabras, frente a la Plaza de Armas, en ambos casos se quemaron los archivos municipales, por lo que es muy dif\u00edcil contar con datos oficiales y se debe recurrir a las fuentes orales. Todos sabemos que la memoria humana es fr\u00e1gil, por lo que aprovecho esta instancia para agradecer a todas las personas que me facilitaron sus archivos, sus recortes de diarios antiguos o que me relataron gustosos sus vivencias y recuerdos.<\/p>\n","protected":false},"excerpt":{"rendered":"<p>Fecha publicaci\u00f3n: enero 2026<\/p>\n<p>ISBN: 978-956-425-335-0<\/p>\n<p>P\u00e1ginas: 82<\/p>\n<p>Formato: 14 X 21.5 cm<\/p>\n","protected":false},"featured_media":3109,"comment_status":"open","ping_status":"closed","template":"","meta":[],"product_brand":[],"product_cat":[211,181],"product_tag":[],"class_list":{"0":"post-3108","1":"product","2":"type-product","3":"status-publish","4":"has-post-thumbnail","6":"product_cat-211","7":"product_cat-catalogo","9":"first","10":"instock","11":"taxable","12":"shipping-taxable","13":"product-type-simple"},"_links":{"self":[{"href":"https:\/\/ppediciones.cl\/index.php?rest_route=\/wp\/v2\/product\/3108","targetHints":{"allow":["GET"]}}],"collection":[{"href":"https:\/\/ppediciones.cl\/index.php?rest_route=\/wp\/v2\/product"}],"about":[{"href":"https:\/\/ppediciones.cl\/index.php?rest_route=\/wp\/v2\/types\/product"}],"replies":[{"embeddable":true,"href":"https:\/\/ppediciones.cl\/index.php?rest_route=%2Fwp%2Fv2%2Fcomments&post=3108"}],"wp:featuredmedia":[{"embeddable":true,"href":"https:\/\/ppediciones.cl\/index.php?rest_route=\/wp\/v2\/media\/3109"}],"wp:attachment":[{"href":"https:\/\/ppediciones.cl\/index.php?rest_route=%2Fwp%2Fv2%2Fmedia&parent=3108"}],"wp:term":[{"taxonomy":"product_brand","embeddable":true,"href":"https:\/\/ppediciones.cl\/index.php?rest_route=%2Fwp%2Fv2%2Fproduct_brand&post=3108"},{"taxonomy":"product_cat","embeddable":true,"href":"https:\/\/ppediciones.cl\/index.php?rest_route=%2Fwp%2Fv2%2Fproduct_cat&post=3108"},{"taxonomy":"product_tag","embeddable":true,"href":"https:\/\/ppediciones.cl\/index.php?rest_route=%2Fwp%2Fv2%2Fproduct_tag&post=3108"}],"curies":[{"name":"wp","href":"https:\/\/api.w.org\/{rel}","templated":true}]}}