{"id":3117,"date":"2026-03-03T00:51:25","date_gmt":"2026-03-03T00:51:25","guid":{"rendered":"https:\/\/ppediciones.cl\/?post_type=product&#038;p=3117"},"modified":"2026-04-12T04:28:17","modified_gmt":"2026-04-12T04:28:17","slug":"desde-tu-sombra-c-lira","status":"publish","type":"product","link":"https:\/\/ppediciones.cl\/?product=desde-tu-sombra-c-lira","title":{"rendered":"Desde tu sombra | C. Lira"},"content":{"rendered":"<p>Durante quince a\u00f1os, Sergio vivi\u00f3 atrapado en un v\u00ednculo que parec\u00eda afecto, pero escond\u00eda control y oscuridad. Este libro es su testimonio: una traves\u00eda desde el silencio hacia la verdad, desde la sombra hacia la libertad. Con honestidad y coraje, narra c\u00f3mo sobrevivi\u00f3 a una relaci\u00f3n marcada por pactos emocionales, rituales esot\u00e9ricos y heridas invisibles. Desde la sombra no busca venganza, sino comprensi\u00f3n. Es un llamado a hablar, a sanar, a reconocer que incluso en los v\u00ednculos m\u00e1s oscuros puede aparecer la luz.<\/p>\n<p>Lira (Rancagua, 1989) ha desarrollado su trayectoria en la intersecci\u00f3n entre educaci\u00f3n, m\u00fasica y tecnolog\u00eda. Profesor y referente en proyectos STEM, ha explorado el canto coral, la interpretaci\u00f3n solista, el piano, la programaci\u00f3n y el ethical hacking. Su inter\u00e9s por comprender sistemas \u2014digitales, art\u00edsticos o humanos\u2014 le ha permitido construir una mirada cr\u00edtica y sensible sobre las din\u00e1micas invisibles que atraviesan nuestras vidas.<\/p>\n<p>Ha participado en proyectos de innovaci\u00f3n internacional, como Space University Beyond, e impulsado iniciativas que integran ciencia y creatividad en el aula, siempre con \u00e9nfasis en el pensamiento cr\u00edtico.<\/p>\n<p>En esta obra autoficcional, Lira traslada su capacidad de observaci\u00f3n al terreno \u00edntimo, explorando un v\u00ednculo amoroso atravesado por el narcisismo. Con una voz que combina an\u00e1lisis y autenticidad, invita al lector a adentrarse en una experiencia marcada por la tensi\u00f3n entre afecto y manipulaci\u00f3n. M\u00e1s que un relato de dolor, la obra se convierte en una reflexi\u00f3n sobre resiliencia, memoria y la posibilidad de recuperar la libertad interior.<\/p>\n","protected":false},"excerpt":{"rendered":"<p>Fecha publicaci\u00f3n: febrero 2026<\/p>\n<p>ISBN: 978-956-425-559-0<\/p>\n<p>P\u00e1ginas: 268<\/p>\n<p>Formato: 15 X 23 cm<\/p>\n","protected":false},"featured_media":3118,"comment_status":"open","ping_status":"closed","template":"","meta":[],"product_brand":[],"product_cat":[211,181,182],"product_tag":[],"class_list":{"0":"post-3117","1":"product","2":"type-product","3":"status-publish","4":"has-post-thumbnail","6":"product_cat-211","7":"product_cat-catalogo","8":"product_cat-libreria","10":"first","11":"instock","12":"taxable","13":"shipping-taxable","14":"purchasable","15":"product-type-simple"},"_links":{"self":[{"href":"https:\/\/ppediciones.cl\/index.php?rest_route=\/wp\/v2\/product\/3117","targetHints":{"allow":["GET"]}}],"collection":[{"href":"https:\/\/ppediciones.cl\/index.php?rest_route=\/wp\/v2\/product"}],"about":[{"href":"https:\/\/ppediciones.cl\/index.php?rest_route=\/wp\/v2\/types\/product"}],"replies":[{"embeddable":true,"href":"https:\/\/ppediciones.cl\/index.php?rest_route=%2Fwp%2Fv2%2Fcomments&post=3117"}],"wp:featuredmedia":[{"embeddable":true,"href":"https:\/\/ppediciones.cl\/index.php?rest_route=\/wp\/v2\/media\/3118"}],"wp:attachment":[{"href":"https:\/\/ppediciones.cl\/index.php?rest_route=%2Fwp%2Fv2%2Fmedia&parent=3117"}],"wp:term":[{"taxonomy":"product_brand","embeddable":true,"href":"https:\/\/ppediciones.cl\/index.php?rest_route=%2Fwp%2Fv2%2Fproduct_brand&post=3117"},{"taxonomy":"product_cat","embeddable":true,"href":"https:\/\/ppediciones.cl\/index.php?rest_route=%2Fwp%2Fv2%2Fproduct_cat&post=3117"},{"taxonomy":"product_tag","embeddable":true,"href":"https:\/\/ppediciones.cl\/index.php?rest_route=%2Fwp%2Fv2%2Fproduct_tag&post=3117"}],"curies":[{"name":"wp","href":"https:\/\/api.w.org\/{rel}","templated":true}]}}