{"id":3119,"date":"2026-03-03T00:54:28","date_gmt":"2026-03-03T00:54:28","guid":{"rendered":"https:\/\/ppediciones.cl\/?post_type=product&#038;p=3119"},"modified":"2026-03-03T00:54:28","modified_gmt":"2026-03-03T00:54:28","slug":"vivencias-voces-literarias-femeninas-rancagua-chile","status":"publish","type":"product","link":"https:\/\/ppediciones.cl\/?product=vivencias-voces-literarias-femeninas-rancagua-chile","title":{"rendered":"Vivencia(s) | Voces Literarias Femeninas &#8211; Rancagua, Chile"},"content":{"rendered":"<p>VIVENCIA(S) es un hermoso proyecto de seis escritoras regionales, que por m\u00e1s de siete a\u00f1os han exteriorizado su sentir junto a variados testimonios: hojas de papel, l\u00e1pices, celulares, computadores, fotograf\u00edas, acontecimientos personales, mundiales y nacionales, reuniones online, visitas a establecimientos educacionales y jornadas literarias con distintos universos.<\/p>\n<p>En el a\u00f1o 2025 por unanimidad y en ese espacio de libertad, dada sus caracter\u00edsticas, acuerdan escribir de sus vivencias, ya sean estas personales o colectivas, expresadas en diversos g\u00e9neros literarios como poemas, cuentos, dramas, cr\u00f3nicas, otros. Consideran como tales aquellas experiencias que han vivido y que por su significaci\u00f3n marcaron su ser y merecen ser compartidas.<\/p>\n<p>Como escritoras han plasmado vivencias del \u00e1mbito familiar, personal, sociocultural, pol\u00edtico, medio ambiental y una gran cantidad de hechos plagados de misterios, que han pasado a convertirse en su propio cosmos o mini escenario. Ello y m\u00e1s, al alero de un mundo val\u00f3rico donde ha primado el respeto, la paz, la fraternidad y el bien com\u00fan, esperanza que se desea visibilizar y entregar a otros c\u00edrculos cercanos y lejanos.<\/p>\n<p>&nbsp;<\/p>\n","protected":false},"excerpt":{"rendered":"<p>Fecha publicaci\u00f3n: febrero 2026<\/p>\n<p>ISBN: 978-956-425-557-6<\/p>\n<p>P\u00e1ginas: 116<\/p>\n<p>Formato: 15 X 22 cm<\/p>\n","protected":false},"featured_media":3120,"comment_status":"open","ping_status":"closed","template":"","meta":[],"product_brand":[],"product_cat":[211,181],"product_tag":[],"class_list":{"0":"post-3119","1":"product","2":"type-product","3":"status-publish","4":"has-post-thumbnail","6":"product_cat-211","7":"product_cat-catalogo","9":"first","10":"instock","11":"taxable","12":"shipping-taxable","13":"product-type-simple"},"_links":{"self":[{"href":"https:\/\/ppediciones.cl\/index.php?rest_route=\/wp\/v2\/product\/3119","targetHints":{"allow":["GET"]}}],"collection":[{"href":"https:\/\/ppediciones.cl\/index.php?rest_route=\/wp\/v2\/product"}],"about":[{"href":"https:\/\/ppediciones.cl\/index.php?rest_route=\/wp\/v2\/types\/product"}],"replies":[{"embeddable":true,"href":"https:\/\/ppediciones.cl\/index.php?rest_route=%2Fwp%2Fv2%2Fcomments&post=3119"}],"wp:featuredmedia":[{"embeddable":true,"href":"https:\/\/ppediciones.cl\/index.php?rest_route=\/wp\/v2\/media\/3120"}],"wp:attachment":[{"href":"https:\/\/ppediciones.cl\/index.php?rest_route=%2Fwp%2Fv2%2Fmedia&parent=3119"}],"wp:term":[{"taxonomy":"product_brand","embeddable":true,"href":"https:\/\/ppediciones.cl\/index.php?rest_route=%2Fwp%2Fv2%2Fproduct_brand&post=3119"},{"taxonomy":"product_cat","embeddable":true,"href":"https:\/\/ppediciones.cl\/index.php?rest_route=%2Fwp%2Fv2%2Fproduct_cat&post=3119"},{"taxonomy":"product_tag","embeddable":true,"href":"https:\/\/ppediciones.cl\/index.php?rest_route=%2Fwp%2Fv2%2Fproduct_tag&post=3119"}],"curies":[{"name":"wp","href":"https:\/\/api.w.org\/{rel}","templated":true}]}}