{"id":3123,"date":"2026-03-30T18:03:04","date_gmt":"2026-03-30T18:03:04","guid":{"rendered":"https:\/\/ppediciones.cl\/?post_type=product&#038;p=3123"},"modified":"2026-03-30T18:03:06","modified_gmt":"2026-03-30T18:03:06","slug":"naufragio-del-vapor-moraleda-fernando-sanhueza-olea-2","status":"publish","type":"product","link":"https:\/\/ppediciones.cl\/?product=naufragio-del-vapor-moraleda-fernando-sanhueza-olea-2","title":{"rendered":"Naufragio del vapor Moraleda | Fernando Sanhueza Olea"},"content":{"rendered":"<p>Naufragio del vapor Moraleda es una historia familiar escuchada por a\u00f1os de las conversaciones de Mar\u00eda Rebeca Urrutia de Herrero, la N\u00e1ufraga y su amiga Mar\u00eda Luisa Olea Guldemont, viuda del h\u00e9roe trunco en las soledades de mares ancestrales de Chilo\u00e9 y Magallanes, hoy complementada con palabras de la hija menor de la N\u00e1ufraga, Marisol B\u00e1rbara Herreros.<\/p>\n","protected":false},"excerpt":{"rendered":"<p>Fecha publicaci\u00f3n: marzo 2026<\/p>\n<p>ISBN: 978-956-402-218-5<\/p>\n<p>P\u00e1ginas: 128<\/p>\n<p>Formato: 15 X 22 cm<\/p>\n","protected":false},"featured_media":3125,"comment_status":"open","ping_status":"closed","template":"","meta":[],"product_brand":[],"product_cat":[211,181],"product_tag":[],"class_list":{"0":"post-3123","1":"product","2":"type-product","3":"status-publish","4":"has-post-thumbnail","6":"product_cat-211","7":"product_cat-catalogo","9":"first","10":"instock","11":"taxable","12":"shipping-taxable","13":"product-type-simple"},"_links":{"self":[{"href":"https:\/\/ppediciones.cl\/index.php?rest_route=\/wp\/v2\/product\/3123","targetHints":{"allow":["GET"]}}],"collection":[{"href":"https:\/\/ppediciones.cl\/index.php?rest_route=\/wp\/v2\/product"}],"about":[{"href":"https:\/\/ppediciones.cl\/index.php?rest_route=\/wp\/v2\/types\/product"}],"replies":[{"embeddable":true,"href":"https:\/\/ppediciones.cl\/index.php?rest_route=%2Fwp%2Fv2%2Fcomments&post=3123"}],"wp:featuredmedia":[{"embeddable":true,"href":"https:\/\/ppediciones.cl\/index.php?rest_route=\/wp\/v2\/media\/3125"}],"wp:attachment":[{"href":"https:\/\/ppediciones.cl\/index.php?rest_route=%2Fwp%2Fv2%2Fmedia&parent=3123"}],"wp:term":[{"taxonomy":"product_brand","embeddable":true,"href":"https:\/\/ppediciones.cl\/index.php?rest_route=%2Fwp%2Fv2%2Fproduct_brand&post=3123"},{"taxonomy":"product_cat","embeddable":true,"href":"https:\/\/ppediciones.cl\/index.php?rest_route=%2Fwp%2Fv2%2Fproduct_cat&post=3123"},{"taxonomy":"product_tag","embeddable":true,"href":"https:\/\/ppediciones.cl\/index.php?rest_route=%2Fwp%2Fv2%2Fproduct_tag&post=3123"}],"curies":[{"name":"wp","href":"https:\/\/api.w.org\/{rel}","templated":true}]}}