{"id":3164,"date":"2026-04-16T03:56:08","date_gmt":"2026-04-16T03:56:08","guid":{"rendered":"https:\/\/ppediciones.cl\/?post_type=product&#038;p=3164"},"modified":"2026-04-16T03:56:08","modified_gmt":"2026-04-16T03:56:08","slug":"la-hoja-amarilla-valeska-tapia-espinoza","status":"publish","type":"product","link":"https:\/\/ppediciones.cl\/?product=la-hoja-amarilla-valeska-tapia-espinoza","title":{"rendered":"La hoja amarilla | Valeska Tapia Espinoza"},"content":{"rendered":"<p>Los escritos de juventud raramente son felices, lo ef\u00edmero del mejor tiempo por vivir se cruza con la persistencia de la implacabilidad del paso de los d\u00edas. Se finalizan amistades, amores y sue\u00f1os. Algunos amigos y amores se mantienen, algunos sue\u00f1os se cumplen, sin embargo, quedan atados a instantes de lo transitorio, del enigma del qu\u00e9 vendr\u00e1 despu\u00e9s. Hoy, como adulta, veo los escritos de los inicios de este periodo y me pregunto si el dolor se aplac\u00f3 en el mundo y si todos somos ya felices. La pr\u00e1ctica diaria como adulta y como m\u00e9dica me refuta que el dolor y la felicidad rara vez son absolutos, y que tal como escrib\u00ed en alg\u00fan momento de este compilado de escritos siempre quedar\u00e1 algo de dolor y felicidad del pasado y del futuro, porque incluso si se es desterrada del bosque al que se pertenece, se pueden conservar algunas aves que trinaban en las ramas.<\/p>\n","protected":false},"excerpt":{"rendered":"<p><em>Tomo 1 colecci\u00f3n Letras M\u00e9dicas<\/em><\/p>\n<p>Fecha publicaci\u00f3n: abril 2026<\/p>\n<p>ISBN: 978-956-425-819-5<\/p>\n<p>P\u00e1ginas: 120<\/p>\n<p>Formato: 14 X 21.5 cm<\/p>\n","protected":false},"featured_media":3165,"comment_status":"open","ping_status":"closed","template":"","meta":[],"product_brand":[],"product_cat":[211,181],"product_tag":[],"class_list":{"0":"post-3164","1":"product","2":"type-product","3":"status-publish","4":"has-post-thumbnail","6":"product_cat-211","7":"product_cat-catalogo","9":"first","10":"instock","11":"taxable","12":"shipping-taxable","13":"product-type-simple"},"_links":{"self":[{"href":"https:\/\/ppediciones.cl\/index.php?rest_route=\/wp\/v2\/product\/3164","targetHints":{"allow":["GET"]}}],"collection":[{"href":"https:\/\/ppediciones.cl\/index.php?rest_route=\/wp\/v2\/product"}],"about":[{"href":"https:\/\/ppediciones.cl\/index.php?rest_route=\/wp\/v2\/types\/product"}],"replies":[{"embeddable":true,"href":"https:\/\/ppediciones.cl\/index.php?rest_route=%2Fwp%2Fv2%2Fcomments&post=3164"}],"wp:featuredmedia":[{"embeddable":true,"href":"https:\/\/ppediciones.cl\/index.php?rest_route=\/wp\/v2\/media\/3165"}],"wp:attachment":[{"href":"https:\/\/ppediciones.cl\/index.php?rest_route=%2Fwp%2Fv2%2Fmedia&parent=3164"}],"wp:term":[{"taxonomy":"product_brand","embeddable":true,"href":"https:\/\/ppediciones.cl\/index.php?rest_route=%2Fwp%2Fv2%2Fproduct_brand&post=3164"},{"taxonomy":"product_cat","embeddable":true,"href":"https:\/\/ppediciones.cl\/index.php?rest_route=%2Fwp%2Fv2%2Fproduct_cat&post=3164"},{"taxonomy":"product_tag","embeddable":true,"href":"https:\/\/ppediciones.cl\/index.php?rest_route=%2Fwp%2Fv2%2Fproduct_tag&post=3164"}],"curies":[{"name":"wp","href":"https:\/\/api.w.org\/{rel}","templated":true}]}}