{"id":3170,"date":"2026-04-16T04:04:32","date_gmt":"2026-04-16T04:04:32","guid":{"rendered":"https:\/\/ppediciones.cl\/?post_type=product&#038;p=3170"},"modified":"2026-04-16T04:04:32","modified_gmt":"2026-04-16T04:04:32","slug":"pavadas-ilustradas-5ta-edicion-pavito","status":"publish","type":"product","link":"https:\/\/ppediciones.cl\/?product=pavadas-ilustradas-5ta-edicion-pavito","title":{"rendered":"PaVaDas Ilustradas (5ta edici\u00f3n) | PaViTo"},"content":{"rendered":"<p>PaVaDas Ilustradas (antolog\u00eda po\u00e9tica 1999 &#8211; 2009), es una recopilaci\u00f3n de cincuenta poemas al estilo The best Of, que el autor quiso hacer para celebrar sus primeros diez a\u00f1os de trayectoria. Eso s\u00ed, lo hizo en grande, con un invitado especial, el reconocido ilustrador Alonso Salazar P\u00e9rez, quien retrat\u00f3 a pincel y tinta china y desde su propia perspectiva, el trabajo l\u00edrico de PaViTo. Esto con un solo fin, incitar a la risa y la reflexi\u00f3n a partir de temas absolutamente cotidianos. Esta es una edici\u00f3n especial, tras cumplirse quince a\u00f1os de su primera publicaci\u00f3n, en los que sin duda el an\u00e1lisis y la propuesta en conjunto de estos dos grandes artistas chilenos ha seguido vigente.<\/p>\n<p>&nbsp;<\/p>\n","protected":false},"excerpt":{"rendered":"<p>Fecha publicaci\u00f3n: abril 2026<\/p>\n<p>ISBN: 978-956-284-751-3<\/p>\n<p>P\u00e1ginas: 130<\/p>\n<p>Formato: 15 x 23 cm<\/p>\n","protected":false},"featured_media":3171,"comment_status":"open","ping_status":"closed","template":"","meta":[],"product_brand":[],"product_cat":[211,181,182],"product_tag":[],"class_list":{"0":"post-3170","1":"product","2":"type-product","3":"status-publish","4":"has-post-thumbnail","6":"product_cat-211","7":"product_cat-catalogo","8":"product_cat-libreria","10":"first","11":"instock","12":"taxable","13":"shipping-taxable","14":"purchasable","15":"product-type-simple"},"_links":{"self":[{"href":"https:\/\/ppediciones.cl\/index.php?rest_route=\/wp\/v2\/product\/3170","targetHints":{"allow":["GET"]}}],"collection":[{"href":"https:\/\/ppediciones.cl\/index.php?rest_route=\/wp\/v2\/product"}],"about":[{"href":"https:\/\/ppediciones.cl\/index.php?rest_route=\/wp\/v2\/types\/product"}],"replies":[{"embeddable":true,"href":"https:\/\/ppediciones.cl\/index.php?rest_route=%2Fwp%2Fv2%2Fcomments&post=3170"}],"wp:featuredmedia":[{"embeddable":true,"href":"https:\/\/ppediciones.cl\/index.php?rest_route=\/wp\/v2\/media\/3171"}],"wp:attachment":[{"href":"https:\/\/ppediciones.cl\/index.php?rest_route=%2Fwp%2Fv2%2Fmedia&parent=3170"}],"wp:term":[{"taxonomy":"product_brand","embeddable":true,"href":"https:\/\/ppediciones.cl\/index.php?rest_route=%2Fwp%2Fv2%2Fproduct_brand&post=3170"},{"taxonomy":"product_cat","embeddable":true,"href":"https:\/\/ppediciones.cl\/index.php?rest_route=%2Fwp%2Fv2%2Fproduct_cat&post=3170"},{"taxonomy":"product_tag","embeddable":true,"href":"https:\/\/ppediciones.cl\/index.php?rest_route=%2Fwp%2Fv2%2Fproduct_tag&post=3170"}],"curies":[{"name":"wp","href":"https:\/\/api.w.org\/{rel}","templated":true}]}}