{"id":3189,"date":"2026-05-10T04:36:22","date_gmt":"2026-05-10T04:36:22","guid":{"rendered":"https:\/\/ppediciones.cl\/?post_type=product&#038;p=3189"},"modified":"2026-05-10T04:36:22","modified_gmt":"2026-05-10T04:36:22","slug":"apuntes-historicos-de-el-mineral-el-teniente","status":"publish","type":"product","link":"https:\/\/ppediciones.cl\/?product=apuntes-historicos-de-el-mineral-el-teniente","title":{"rendered":"Apuntes hist\u00f3ricos de El Mineral El Teniente"},"content":{"rendered":"<p>Apuntes Hist\u00f3ricos de El Mineral El Teniente, es una obra entretenida, de f\u00e1cil lectura, ordenada cronol\u00f3gicamente, resumida, interesante. Su contenido corresponde a apuntes, documentos y fotograf\u00edas de la instalaci\u00f3n y la vida en los campamentos de la mina El Teniente. En setenta p\u00e1ginas podemos encontrar un segmento importante de nuestra historia, desde los conquistadores espa\u00f1oles hasta nuestros d\u00edas.<\/p>\n<p>&nbsp;<\/p>\n","protected":false},"excerpt":{"rendered":"<p>Fecha publicaci\u00f3n: abril 2026<\/p>\n<p>ISBN: &#8211;<\/p>\n<p>P\u00e1ginas: 70<\/p>\n<p>Formato: 14 x 21.5 cm<\/p>\n","protected":false},"featured_media":3190,"comment_status":"open","ping_status":"closed","template":"","meta":[],"product_brand":[],"product_cat":[211,181],"product_tag":[],"class_list":{"0":"post-3189","1":"product","2":"type-product","3":"status-publish","4":"has-post-thumbnail","6":"product_cat-211","7":"product_cat-catalogo","9":"first","10":"instock","11":"taxable","12":"shipping-taxable","13":"product-type-simple"},"_links":{"self":[{"href":"https:\/\/ppediciones.cl\/index.php?rest_route=\/wp\/v2\/product\/3189","targetHints":{"allow":["GET"]}}],"collection":[{"href":"https:\/\/ppediciones.cl\/index.php?rest_route=\/wp\/v2\/product"}],"about":[{"href":"https:\/\/ppediciones.cl\/index.php?rest_route=\/wp\/v2\/types\/product"}],"replies":[{"embeddable":true,"href":"https:\/\/ppediciones.cl\/index.php?rest_route=%2Fwp%2Fv2%2Fcomments&post=3189"}],"wp:featuredmedia":[{"embeddable":true,"href":"https:\/\/ppediciones.cl\/index.php?rest_route=\/wp\/v2\/media\/3190"}],"wp:attachment":[{"href":"https:\/\/ppediciones.cl\/index.php?rest_route=%2Fwp%2Fv2%2Fmedia&parent=3189"}],"wp:term":[{"taxonomy":"product_brand","embeddable":true,"href":"https:\/\/ppediciones.cl\/index.php?rest_route=%2Fwp%2Fv2%2Fproduct_brand&post=3189"},{"taxonomy":"product_cat","embeddable":true,"href":"https:\/\/ppediciones.cl\/index.php?rest_route=%2Fwp%2Fv2%2Fproduct_cat&post=3189"},{"taxonomy":"product_tag","embeddable":true,"href":"https:\/\/ppediciones.cl\/index.php?rest_route=%2Fwp%2Fv2%2Fproduct_tag&post=3189"}],"curies":[{"name":"wp","href":"https:\/\/api.w.org\/{rel}","templated":true}]}}