{"id":3191,"date":"2026-05-10T04:39:06","date_gmt":"2026-05-10T04:39:06","guid":{"rendered":"https:\/\/ppediciones.cl\/?post_type=product&#038;p=3191"},"modified":"2026-05-10T04:39:06","modified_gmt":"2026-05-10T04:39:06","slug":"preludio-para-un-medico-de-barrio-santiago-soto-obrador","status":"publish","type":"product","link":"https:\/\/ppediciones.cl\/?product=preludio-para-un-medico-de-barrio-santiago-soto-obrador","title":{"rendered":"Preludio para un m\u00e9dico de barrio | Santiago Soto Obrador"},"content":{"rendered":"<p>\u00bfQu\u00e9 queda de la medicina cuando se despoja de los grandes hospitales y se encuentra cara a cara con la vida del barrio?<\/p>\n<p>Preludio para un m\u00e9dico de barrio no es solo una invitaci\u00f3n a la pr\u00e1ctica cl\u00ednica, sino una eleg\u00eda y un manual de resistencia humana. Santiago Soto Obrador nos propone volver a la esencia: al m\u00e9dico que conoce el nombre de quien sufre, que entiende que el s\u00edntoma es solo la superficie de una historia m\u00e1s profunda y que sabe que la verdadera curaci\u00f3n comienza con la mirada.<\/p>\n<p>A trav\u00e9s de una s\u00edntesis magistral entre la ciencia, la filosof\u00eda y la experiencia de una vida dedicada al otro, esta obra es un llamado a recuperar la &#8220;Medicina del Encuentro&#8221;. Un texto vital para estudiantes de medicina que temen perder su humanidad, para m\u00e9dicos que buscan reencontrarla y para cualquier lector que crea que la compasi\u00f3n es el cimiento de toda verdadera civilizaci\u00f3n.<\/p>\n","protected":false},"excerpt":{"rendered":"<p>Fecha publicaci\u00f3n: abril 2026<\/p>\n<p>ISBN: 978-956-425-995-6<\/p>\n<p>P\u00e1ginas: 110<\/p>\n<p>Formato: 14 x 21.5 cm<\/p>\n","protected":false},"featured_media":3192,"comment_status":"open","ping_status":"closed","template":"","meta":[],"product_brand":[],"product_cat":[211,181],"product_tag":[],"class_list":{"0":"post-3191","1":"product","2":"type-product","3":"status-publish","4":"has-post-thumbnail","6":"product_cat-211","7":"product_cat-catalogo","9":"first","10":"instock","11":"taxable","12":"shipping-taxable","13":"product-type-simple"},"_links":{"self":[{"href":"https:\/\/ppediciones.cl\/index.php?rest_route=\/wp\/v2\/product\/3191","targetHints":{"allow":["GET"]}}],"collection":[{"href":"https:\/\/ppediciones.cl\/index.php?rest_route=\/wp\/v2\/product"}],"about":[{"href":"https:\/\/ppediciones.cl\/index.php?rest_route=\/wp\/v2\/types\/product"}],"replies":[{"embeddable":true,"href":"https:\/\/ppediciones.cl\/index.php?rest_route=%2Fwp%2Fv2%2Fcomments&post=3191"}],"wp:featuredmedia":[{"embeddable":true,"href":"https:\/\/ppediciones.cl\/index.php?rest_route=\/wp\/v2\/media\/3192"}],"wp:attachment":[{"href":"https:\/\/ppediciones.cl\/index.php?rest_route=%2Fwp%2Fv2%2Fmedia&parent=3191"}],"wp:term":[{"taxonomy":"product_brand","embeddable":true,"href":"https:\/\/ppediciones.cl\/index.php?rest_route=%2Fwp%2Fv2%2Fproduct_brand&post=3191"},{"taxonomy":"product_cat","embeddable":true,"href":"https:\/\/ppediciones.cl\/index.php?rest_route=%2Fwp%2Fv2%2Fproduct_cat&post=3191"},{"taxonomy":"product_tag","embeddable":true,"href":"https:\/\/ppediciones.cl\/index.php?rest_route=%2Fwp%2Fv2%2Fproduct_tag&post=3191"}],"curies":[{"name":"wp","href":"https:\/\/api.w.org\/{rel}","templated":true}]}}