{"id":346,"date":"2019-01-15T15:26:05","date_gmt":"2019-01-15T15:26:05","guid":{"rendered":"http:\/\/ppediciones.cl\/?post_type=product&#038;p=346"},"modified":"2025-03-30T16:38:44","modified_gmt":"2025-03-30T16:38:44","slug":"autores-de-la-region-de-ohiggins-tomo-1","status":"publish","type":"product","link":"https:\/\/ppediciones.cl\/?product=autores-de-la-region-de-ohiggins-tomo-1","title":{"rendered":"Autores de la Regi\u00f3n de O&#8217;higgins Tomo 1"},"content":{"rendered":"<p>Colecci\u00f3n antol\u00f3gica que re\u00fane 100 escritores locales, de diversos g\u00e9neros, estilos y generaciones, con el objetivo de difundir el trabajo de los autores locales, facilitar el acceso a sus obras, fomentar la lectura y generar un material que pueda servir de apoyo y estudio en los establecimientos educacionales de la regi\u00f3n. Compuesto de 6 tomos de 160 a 230 p\u00e1ginas cada uno, su primer tomo fue prologado por el Premio Nacional de Literatura Oscar Hahn, que vivi\u00f3 gran parte de su juventud en Rancagua y que incluso, escribi\u00f3 su primer poema en la Plaza de los H\u00e9roes.<\/p>\n<p><strong>Autores Participantes:<\/strong><\/p>\n<p><strong>Esteban Valenzuela<\/strong><\/p>\n<p>Natural de Rancagua (1964), hijo de los \u201ccontadores de cuentos\u201d Dar\u00edo Valenzuela (sewelino) y Erna Van Treek Carrasco (do\u00f1ihuana). Es casado con la sic\u00f3loga Alejandra Pallamar. Estudi\u00f3 en la Escuela Uno y en el Instituto O`Higgins. Luego periodismo y Ciencias Pol\u00edticas en la UC, M\u00e1ster en Desarrollo en Wisconsin y doctor en Historia en la U. de Valencia. Fue alcalde y diputado por la ciudad, gerente de Pro-O\u00b4Higgins, acad\u00e9mico. Entre sus publicaciones destacan <em>Pichilemu Blues<\/em>, <em>Matilde Espera Carta de Alemania <\/em>y <em>Soborno Sour. <\/em><\/p>\n<p><strong>Jorge D\u00edas<\/strong><\/p>\n<p>1951, Panquehue, ha publicado los poemarios Antolog\u00eda imaginaria (primera edici\u00f3n, 2003; segunda edici\u00f3n, 2011), Oveja Negra (primera edici\u00f3n, 2004; segunda edici\u00f3n, 2014), y Fruto Tard\u00edo (2008, beca escritural Fondo del Libro y la Lectura del Gobierno de Chile). Ha intervenido con sus publicaciones en el diario El Rancaguino (Regi\u00f3n de O`Higgins) y en Revista Observatorio Regional (regi\u00f3n de O`Higgins y regi\u00f3n del Biob\u00edo). En el a\u00f1o 2010 obtiene el primer lugar en el concurso \u201cAntolog\u00eda de Poes\u00eda Regional\u201d organizado por editorial Arte Gr\u00e1fica, (en la regi\u00f3n de O`Higgins). En el 2013 obtiene el primer lugar en el concurso de poes\u00eda \u201cLuisa Herrera\u201d organizado por la Corporaci\u00f3n Cultural Artistas del Acero y el Centro Cultural Trilce, en la regi\u00f3n del Biob\u00edo. Sus obras literarias han sido incorporadas en diversas Antolog\u00edas literarias de la regi\u00f3n de O`Higgins.<\/p>\n<p><strong>Pablo Carvajal<\/strong><\/p>\n<p>Poeta, dibujante, m\u00fasico y sic\u00f3logo. Desarrolla una l\u00ednea de trabajo en el \u00e1mbito de la Educaci\u00f3n a trav\u00e9s del Arte, integrando equipos multidisciplinarios, realizando proyectos, talleres y publicaciones de fomento de la lectura y poes\u00eda. Actualmente trabaja en proyectos de creaci\u00f3n art\u00edstica y en desarrollo del lenguaje y creatividad en \u00e1mbito cl\u00ednico, educacional y comunitario.<\/p>\n<p><strong>Claudia Apablaza<\/strong><\/p>\n<p>Naci\u00f3 en octubre de 1978 en San Francisco de Mostazal, Chile. Estudi\u00f3 Psicolog\u00eda y Literatura en Chile y Barcelona. Ha recibido el premio de la Revista Paula\u00a0 (2005) con su cuento Mi nombre en el Google y el premio Alba de narrativa para escritores de Latinoam\u00e9rica y El Caribe, menores de 40 a\u00f1os, con su novela GOO y el amor, Cuba. El a\u00f1o 2012 fue becaria del The Liguria Study Center, en Italia y el 2014 en BANFF CENTRE, Canad\u00e1. Ha publicado los libros GOO y el amor (2013), Siempre te cre\u00edste la Virginia Woolf (2011); EME\/A (2010);\u00a0 Diario de las especies (2008); Autoformato (2006). Actualmente es editora de Los libros de la Mujer Rota.<\/p>\n<p><strong>Sergio Medina<\/strong><\/p>\n<p>Naci\u00f3 en Rancagua, en 1953, ciudad donde reside actualmente. Entre sus publicaciones destacan: \u201cDiecis\u00e9is poetas chilenos\u201d. Stgo.: Ed. La Casta\u00f1a, 1987. \u201cCartas al azar \/ una muestra de poes\u00eda chilena\u201d. Stgo.: Edit. Ergo Sum, 1989. \u201cHistoria del Hierro\u201d. Stgo.: Edit. Cuarto Propio, 1995. \u201cGeograf\u00eda po\u00e9tica de Chile\u201d. Stgo.: Banco del Estado de Chile (Comit\u00e9 de Auspicios Culturales), 2001. Melancohl\u00eda. Stgo.: Edit. Pentagrama, 2003. \u201cPoes\u00eda Chilena Desclasificada\u201d. Stgo.: Edit. Etnika, 2006, Consejo Nacional del Libro y la Lectura.<\/p>\n<p><strong>Carlos Aranguiz<\/strong><\/p>\n<p>Naci\u00f3 en Antofagasta el 18 de septiembre de 1953. Es Abogado, magistrado, profesor universitario y escritor. Ha publicado: \u201cCuentos de la Carretera Austral&#8221;, cuentos (1991), 4 ediciones, Chile. &#8220;Ays\u00e9n: la estaci\u00f3n del Olvido&#8221;, novela (1993), 3 ediciones, Chile. &#8220;Desde Ays\u00e9n y otros casipoemas&#8221;, poemas\u00a0 (1996), Chile. &#8220;Cuentos Bioce\u00e1nicos&#8221;, cuentos (1997), Chile. &#8220;De cordilleras y alevines&#8221;, poemas (1997), Per\u00fa. \u201cPiel de Naufragios\u201d, poemas (1999), Chile. \u201cDefensa de Lot\u201d, poemas (2009), Argentina. \u201cLa Condesa de La Patagonia (2009), Chile.<\/p>\n<p><strong>Alejandra Guerra<\/strong><\/p>\n<p>Alejandra Guerra Sep\u00falveda, nace en Rancagua el 10 de Enero de 1975. Desde muy ni\u00f1a, siente un gran inter\u00e9s por la poes\u00eda. Es as\u00ed como surgen sus primeros poemas cuando cursaba su educaci\u00f3n b\u00e1sica. En el a\u00f1o 2011, publica su primer libro \u201cEl Vuelo Hacia la Exactitud\u201d, obra dedicada a la memoria de su hijo Santiago. \u201cPost \u2013 Migratorio\u201d su segunda publicaci\u00f3n, explora las vivencias de la autora respecto a las migraciones humanas y de animales, como tambi\u00e9n da una mirada cr\u00edtica a la realidad social actual.<\/p>\n<p><strong>Hern\u00e1n Mor\u00e1n<\/strong><\/p>\n<p>Hern\u00e1n Mor\u00e1n V\u00e1squez, es Profesor de Educaci\u00f3n B\u00e1sica, post\u00edtulado con Menci\u00f3n en Lenguaje y Comunicaci\u00f3n. Cuenta con diplomado en Docencia Universitaria y Liderazgo con Foco Pedag\u00f3gico, as\u00ed como con estudios de post grado en Gesti\u00f3n Educativa. Actualmente dirige los proyectos \u201cViandante Literario\u201d y \u201cViandante Pedag\u00f3gico\u201d, adem\u00e1s de ejercer como director del Centro de Trastornos de Lenguaje \u201cT\u00eda M\u00f3nica\u201d y como docente de la Universidad de Aconcagua. Como escritor, cuenta con las siguientes obras editadas: \u201cPrimaveraceronte\u201d (2002), \u201cEl mar en una gota\u201d (2003), \u201cMiedos Urbanos\u201d (2007), \u201cA, textos de la otredad primigenia\u201d (2008) y \u201cEl dial\u00e9ctico itinerario del ser\u201d (2015). Como gestor cultural, ha organizado diversos eventos como festivales, seminarios y fiestas de la cultura.<\/p>\n<p><strong>Mario Ortega<\/strong><\/p>\n<p>Nacido en Sewell en 1975, estudi\u00f3 en el colegio Gabriela Mistral y el Instituto O\u00b4Higgins de los Hermanos Maristas en Rancagua. Curs\u00f3 estudios universitarios en la Pontificia Universidad Cat\u00f3lica de Chile, como tambi\u00e9n de ingl\u00e9s y posgrado en Nueva York y Madrid, respectivamente. Entre sus publicaciones destacan: &#8220;La Leyenda de la Sangre&#8221; (Editorial Tiempo Nuevo, Santiago, 1995) y &#8220;Animal Roto&#8221; (Ediciones del Temple, Santiago, 2000). Poemas suyos han aparecido en revistas literarias y antolog\u00edas de Chile, Espa\u00f1a, Francia y Suiza.<\/p>\n<p><strong>\u00a0<\/strong><\/p>\n<p><strong>PaViTo<\/strong><\/p>\n<p>Naci\u00f3 el 17 de enero de 1978, desde entonces reside en la ciudad de Rancagua. Es escritor, editor y director de Primeros Pasos Ediciones, gestor cultural, y conductor del programa art\u00edstico &#8211; cultural \u201cCreadores\u201d del canal Sextavisi\u00f3n. Ha publicado varios libros, entre los que destacan la obra antol\u00f3gica \u201cPaVaDas Ilustradas\u201d y la novela \u201cEl Tercer Hijo\u201d. Adem\u00e1s cuenta con un diplomado en Ediciones y Publicaciones de la Universidad Cat\u00f3lica de Chile.<\/p>\n<p><strong>Luis Concha Henr\u00edquez<\/strong><\/p>\n<p>Naci\u00f3 el 1 de abril de 1942. Hijo de Jos\u00e9 del Transito y Mar\u00eda Yolanda. Aprendi\u00f3 a leer y escribir en la Escuela Standard N-5 de su Temuco natal. En 1972 recibe el primer premio nacional con su poema respecto a la Nacionalizaci\u00f3n del Cobre en Rancagua. Algunas de sus publicaciones son &#8220;Es tiempo que cambie el viento&#8221;, &#8220;Aqu\u00ed&#8221;, &#8220;El Metro&#8221;, &#8220;La Vida es amable&#8221;, &#8220;Trocha Angosta&#8221; y &#8220;Con todo respeto&#8221;.<\/p>\n<p><strong>H\u00e9ctor Gonz\u00e1lez<\/strong><\/p>\n<p>Naci\u00f3 en Rancagua el 14 de julio de 1920. Periodista y escritor, miembro de la Academia Chilena de la Lengua y de la Real Academia Espa\u00f1ola. Ejerci\u00f3 el periodismo de manera activa e ininterrumpidamente por m\u00e1s de 73 a\u00f1os, desde 1938, en diario \u201cEl Rancag\u00fcino\u201d, del que fue director por 50 a\u00f1os. Recibi\u00f3 numerosos premios, entre los que destaca el premio \u201cMergenthaler\u201d de Libertad de Prensa de las Am\u00e9ricas, recibido en Puerto Rico en 1969, en Asamblea de la Sociedad Interamericana de Prensa, y el Premio por 50 a\u00f1os de periodismo, del Colegio de Periodistas de Chile, en 1989. Adem\u00e1s, de la condecoraci\u00f3n \u201cHijo Ilustre de Rancagua\u201d, otorgada por la Municipalidad de Rancagua. Autor de varios libros premiados, entre los que destacan, \u201cRancagua en la Historia\u201d (Primer Premio Concurso Ncional Bicentenaro de Rancagua 1943), \u201cJos\u00e9 Victorino Lastarria\u201d, \u201cCaballeros del Fuego\u201d, \u201cDespu\u00e9s de la Batalla\u201d, \u201cEl peri\u00f3dico: libro de los pueblos\u201d, \u201cLibertad de Prensa\u201d, \u201cRafael Maluenda\u201d, entre otros.<\/p>\n<p><strong>Rodrigo V\u00e9liz<\/strong><\/p>\n<p>Nace en Bu\u00edn el 29 de Febrero de 1980, es poeta por culpa del f\u00fatbol, ya que, nunca logr\u00f3 aprender a jugar y su padre lo miraba avergonzado desde las galer\u00edas, situaci\u00f3n que lo llevo a comprender su fracaso deportivo y encerrarse por horas en la biblioteca del pueblo para leer libros de metaf\u00edsica y autoayuda. Entre sus publicaciones destacan: \u201cChile\u2026\u201d, \u201cRecuerdos de Provincia\u201d, \u201cMaldita Gracia\u201d y \u201cCuzco vivo\u201d.<\/p>\n<p><strong>\u00a0<\/strong><\/p>\n<p><strong>Ivonne D\u00edaz<\/strong><\/p>\n<p>Novelista, cuentista y poeta, nacida en Villa \u201cLa Compa\u00f1\u00eda\u201d, Graneros. Su escritura es el tr\u00e1nsito imaginario, po\u00e9tico, teatral, r\u00fastico y urbano, muy emocional porque viene desde el desenga\u00f1o, la frustraci\u00f3n, lo cotidiano, la esperanza, la fortaleza, los espejismos\u2026 las palabras. Entre sus publicaciones destacan: \u201cSinfon\u00eda Rockera\u201d (novela corta), \u201cEl Sol Oculta las Palabras Cuando Cierras la Puerta\u201d (poes\u00edas), \u201cEl Chimpilo\u201d (cuentos rurales), \u201c\u2026Esos d\u00edas de verano\u201d (poes\u00edas) \u201cEn estos d\u00edas de invierno\u201d (cuentos y microcuentos). Ha participado en las antolog\u00edas de: \u201cAutoras de Graneros\u201d, \u201cAntolog\u00eda de mujeres \/Valle del Cachapoal\u201d y \u201cEpistolar\u201d.<\/p>\n<p><strong>Luis Agoni<\/strong><\/p>\n<p>Naci\u00f3 en R\u00edo Negro, Osorno, el a\u00f1o 1944. En 1971 se titul\u00f3 de Profesor de castellano en la Universidad Austral de Valdivia. Ese mismo a\u00f1o se vino a Rancagua, cuidad donde ejerce su profesi\u00f3n hasta el d\u00eda de hoy. Ha publicado varias obras entre las que destacan \u201cOscar Castro Aproximaci\u00f3n en el Recuerdo\u201d, \u201cHistoria de la Mutual Fundici\u00f3n Caletones\u201d, \u201cIncorrecciones idiom\u00e1ticas: los errores m\u00e1s frecuentes del espa\u00f1ol que se habla y escribe en Chile\u201d, \u201cEl hombre que asesin\u00f3 a Don Quijote y otras historias\u201d.<\/p>\n<p><strong>Patricio Morales<\/strong><\/p>\n<p>Poeta. Profesor de Castellano y Comunicaci\u00f3n por la Universidad del B\u00edo-B\u00edo, Chill\u00e1n. Entre sus publicaciones destacan los poemarios <em>Desamparo <\/em>(Ediciones Todav\u00eda, Chill\u00e1n. 2005), <em>Hojas ca\u00eddas de oto\u00f1o <\/em>(Ediciones Patagonia, Buenos Aires. 2007) y <em>Una larga herencia familiar <\/em>(Alamira Editorial, Lima, 2010). Ha participado como poeta y ponente en distintos encuentros y congresos de literatura tanto en Chile como en el extranjero. Actualmente, reside en la comuna de Nancagua en donde se desempe\u00f1a como docente y gestor cultural.<\/p>\n<p><strong>Hern\u00e1n Quintanilla<\/strong><\/p>\n<p>Con una trayectoria en el campo de la Docencia y el Arte que ya supera los 50 a\u00f1os de ejercicio ininterrumpido, Hern\u00e1n Quintanilla M\u00e9ndez\u00a0 ha incursionado en los m\u00e1s diversos\u00a0 campos de la literatura y las artes de la representaci\u00f3n. Como escritor ha cultivado y recibido\u00a0 innumerables galardones\u00a0 en poes\u00eda, cuento y dramaturgia. Sus obras teatrales son representadas en colegios, grupos vocacionales y profesionales \u00a0de todo\u00a0 el pa\u00eds y ocasionalmente en Argentina a\u00a0 trav\u00e9s de contactos personales. Como hombre de teatro ha incursionado en el teatro, cine y televisi\u00f3n, junto a destacados artistas nacionales. Como Docente han sido muchas las\u00a0 generaciones que han recibido el fruto de su amor por el arte y muchos actores profesionales iniciaron su andar en sus talleres o grupos.<\/p>\n<p><strong>\u00a0<\/strong><\/p>\n<p><strong>Ang\u00e9lica Gonz\u00e1lez<\/strong><\/p>\n<p>Siente la poes\u00eda como una vocaci\u00f3n, un estado de vida, buscando siempre en todos los \u00e1mbitos de las cosas que nos rodean a la bendita POES\u00cdA. Ha publicado cuatro poemarios; Imaginaciones P\u00fablicas, Departamento 202, Transe\u00fante y Poemitas con az\u00facar (Poemario infantil). Desde los 14 a\u00f1os supo que la poes\u00eda ser\u00eda su forma de sobrevivir y de existir dentro de una sociedad y fuera de ella, se ha revelado ante muchos por su vocaci\u00f3n po\u00e9tica sin importar l\u00edmites. Tambi\u00e9n cuenta con interesantes intervenciones en antolog\u00edas literarias y exposiciones experimentales de poes\u00eda.<\/p>\n<p><strong>Jorge Nawrath<\/strong><\/p>\n<p>Naci\u00f3 en 1935, en Traigu\u00e9n. Abogado, es Miembro Correspondiente de la Academia Chilena de la Lengua por la ciudad de Rancagua. Gran parte de su obra narrativa se encuentra dispersa en diarios y revistas. Entre sus publicaciones destacan \u201cLa mujer hilvanada\u201d (cuentos, 2002), y \u201cJazmines y Glicinas (novela, (2008).<\/p>\n","protected":false},"excerpt":{"rendered":"<p><span style=\"font-size: 80%;\">Fecha publicaci\u00f3n: Noviembre 2011<\/span><\/p>\n<p><span style=\"font-size: 80%;\">ISBN: 978-956-345-693-6<\/span><\/p>\n<p><span style=\"font-size: 80%;\">P\u00e1ginas: 236<\/span><\/p>\n<p><span style=\"font-size: 80%;\">Formato: 13.5 x 21 cms.<\/span><\/p>\n","protected":false},"featured_media":347,"comment_status":"open","ping_status":"closed","template":"","meta":[],"product_brand":[],"product_cat":[69],"product_tag":[],"class_list":{"0":"post-346","1":"product","2":"type-product","3":"status-publish","4":"has-post-thumbnail","6":"product_cat-autores-de-la-region-de-ohiggins","8":"first","9":"instock","10":"taxable","11":"shipping-taxable","12":"purchasable","13":"product-type-simple"},"_links":{"self":[{"href":"https:\/\/ppediciones.cl\/index.php?rest_route=\/wp\/v2\/product\/346","targetHints":{"allow":["GET"]}}],"collection":[{"href":"https:\/\/ppediciones.cl\/index.php?rest_route=\/wp\/v2\/product"}],"about":[{"href":"https:\/\/ppediciones.cl\/index.php?rest_route=\/wp\/v2\/types\/product"}],"replies":[{"embeddable":true,"href":"https:\/\/ppediciones.cl\/index.php?rest_route=%2Fwp%2Fv2%2Fcomments&post=346"}],"wp:featuredmedia":[{"embeddable":true,"href":"https:\/\/ppediciones.cl\/index.php?rest_route=\/wp\/v2\/media\/347"}],"wp:attachment":[{"href":"https:\/\/ppediciones.cl\/index.php?rest_route=%2Fwp%2Fv2%2Fmedia&parent=346"}],"wp:term":[{"taxonomy":"product_brand","embeddable":true,"href":"https:\/\/ppediciones.cl\/index.php?rest_route=%2Fwp%2Fv2%2Fproduct_brand&post=346"},{"taxonomy":"product_cat","embeddable":true,"href":"https:\/\/ppediciones.cl\/index.php?rest_route=%2Fwp%2Fv2%2Fproduct_cat&post=346"},{"taxonomy":"product_tag","embeddable":true,"href":"https:\/\/ppediciones.cl\/index.php?rest_route=%2Fwp%2Fv2%2Fproduct_tag&post=346"}],"curies":[{"name":"wp","href":"https:\/\/api.w.org\/{rel}","templated":true}]}}