{"id":355,"date":"2019-01-15T15:39:10","date_gmt":"2019-01-15T15:39:10","guid":{"rendered":"http:\/\/ppediciones.cl\/?post_type=product&#038;p=355"},"modified":"2024-07-14T01:12:36","modified_gmt":"2024-07-14T01:12:36","slug":"autores-de-la-region-de-ohiggins-tomo-3","status":"publish","type":"product","link":"https:\/\/ppediciones.cl\/?product=autores-de-la-region-de-ohiggins-tomo-3","title":{"rendered":"Autores de la Regi\u00f3n de O&#8217;higgins Tomo 3"},"content":{"rendered":"<p>Colecci\u00f3n antol\u00f3gica que re\u00fane 100 escritores locales, de diversos g\u00e9neros, estilos y generaciones, con el objetivo de difundir el trabajo de los autores locales, facilitar el acceso a sus obras, fomentar la lectura y generar un material que pueda servir de apoyo y estudio en los establecimientos educacionales de la regi\u00f3n. Compuesto de 6 tomos de 160 a 230 p\u00e1ginas cada uno, su primer tomo fue prologado por el Premio Nacional de Literatura Oscar Hahn, que vivi\u00f3 gran parte de su juventud en Rancagua y que incluso, escribi\u00f3 su primer poema en la Plaza de los H\u00e9roes.<\/p>\n<p><strong>Autores Participantes:<\/strong><\/p>\n<p><strong>Arturo Lafourcade<\/strong><\/p>\n<p>Naci\u00f3 en Rancagua en 1975 es Soci\u00f3logo y Mag\u00edster en Comunicaci\u00f3n Social. Ha colaborado en diversas antolog\u00edas de Poes\u00eda y en medios literarios, tales como \u201cTrilce\u201d, \u201c7 poetas de Rancagua\u201d, \u201c5 poetas de Rancagua\u201d, \u201cAntolog\u00eda de poetas chilenos j\u00f3venes (LAR)\u201d y en diversos encuentros literarios. Entre sus publicaciones destacan: \u201cEn la playa del abandono\u201d y \u201cObsesiones de la clase media\u201d.<\/p>\n<p><strong>\u00a0<\/strong><\/p>\n<p><strong>Carlos Miranda<\/strong><\/p>\n<p>Profesor rancag\u00fcino de Ciencias Naturales del Colegio San Alberto de Machal\u00ed, desde hace mucho tiempo realiza talleres ecol\u00f3gicos para ni\u00f1os y ni\u00f1as interesados en la tem\u00e1tica medioambiental. Dentro de sus publicaciones destaca \u201cArkanus\u201d, una saga ecol\u00f3gica de novelas destinadas a j\u00f3venes, ni\u00f1os y adultos, publicadas a trav\u00e9s de editorial Zig Zag<\/p>\n<p><strong>Cristian Pizarro<\/strong><\/p>\n<p>Naci\u00f3 en Rancagua en 1990 y actualmente se encuentra cursando la carrera de \u201cLicenciatura en Filosof\u00eda\u201d en la \u201cUniversidad Cat\u00f3lica de la Sant\u00edsima Concepci\u00f3n\u201d. El a\u00f1o 2012 public\u00f3 su primer libro de poemas \u201cAndar y Cantar\u201d por la editorial \u201cPrimeros Pasos\u201d.<\/p>\n<p><strong>Daniela Mora<\/strong><\/p>\n<p>Naci\u00f3 el 1 de Junio de 1985, en Graneros. Es escritora, gestora cultural, y actualmente estudia actuaci\u00f3n en la escuela de teatro Tiara. Es integrante de la compa\u00f1\u00eda de teatro\u00a0 Mestizo Bagual, y de la agrupaci\u00f3n \u201cAutoras de Graneros\u201d. Con esta \u00faltima, public\u00f3 algunas de sus creaciones en la antolog\u00eda que lleva el mismo nombre.<\/p>\n<p><strong>Eduardo Arenas<\/strong><\/p>\n<p>Chileno, padre, hijo y un poco de esp\u00edritu santo. Esposo que debe el impulso centr\u00edpeto, hacedor inagotable, ferviente admirador de la belleza esparcida, jardinero de mirada intermedia y pensamiento curvil\u00edneo. Constructor Civil o Tasador, ha publicado en diversos medios de difusi\u00f3n local. El 2008 public\u00f3 el poemario \u201cNo T\u00fa\u201d. Para \u00e9l \u201cla poes\u00eda sabe que no es. Los versos esperan los labios y\u00a0el gesto que los arroje a la intemperie. Eso los sostiene vivos. Los versos se incendian cuando se les propone el modo de sus alas\u201d.<\/p>\n<p><strong>Enrique Escobar<\/strong><\/p>\n<p>Recogiendo y transformando vivencias de aqu\u00ed y de all\u00e1, de su Chile natal, su Finlandia prestada y su patria adoptiva, Venezuela, Enrique Escobar Fernandoy ha venido alimentando su don literario hasta convertirlo en el oficio m\u00e1s placentero de su vida, al cual se dedica casi de lleno en la actualidad.<\/p>\n<p><strong>Flavio Angelini<\/strong><\/p>\n<p>(1960) Es periodista de la Universidad de Chile y escritor. Ex alumno de los talleres literarios de Hugo Correa, ha sido finalista en diversos concursos literarios como los organizados por la SECH (1981), fundaci\u00f3n Mi Pa\u00eds-Bata (1982), revista Paula (1983) y Biblioteca Viva (2008). \u201cSue\u00f1os de camale\u00f3n\u201d es su primera publicaci\u00f3n.<\/p>\n<p><strong>\u00a0<\/strong><\/p>\n<p><strong>Lautaro Soto<\/strong><\/p>\n<p>Lautaro Soto Aravena naci\u00f3 en Rengo en 1958. Es docente desde hace m\u00e1s de treinta a\u00f1os. Entre sus publicaciones destacan \u201cVerdades desde Ayer\u201d (2004), \u201cTransparencias\u201d (2006), \u201cTransici\u00f3n\u201d (2014) y \u201cSe\u00f1ales\u201d (2016), publicaciones de Primeros Pasos Ediciones.<\/p>\n<p><strong>Lily Bahamondes<\/strong><\/p>\n<p>Nace un 5 de Noviembre en Pe\u00f1ablanca. En el a\u00f1o 1969, se radica con su familia en la ciudad de Rancagua, donde echa sus ra\u00edces. Participa en los movimientos pol\u00edtico sociales de la \u00e9poca. Posteriormente, comienza a escribir\u00a0 rimas, poes\u00eda c\u00f3mo denuncia, de los sucesos que estremecen al pa\u00eds. Entre sus publicaciones destacan \u00a8De la ni\u00f1ez y otras yerbas\u00a8, \u201cLuis\u00a0 Almonacid, un luchador en la memoria\u201d y \u201cCanto Valiente\u201d.<\/p>\n<p><strong>Lucho Tobar<\/strong><\/p>\n<p>Nace en Rancagua el a\u00f1o 1975. Hijo de padre empleado en la Divisi\u00f3n El Teniente y de madre\u00a0 suplementera, curs\u00f3 b\u00e1sica y media en el Instituto O`Higgins, y posteriormente, la carrera de Ingeniera Comercial en la Universidad Cat\u00f3lica de Valpara\u00edso. En el a\u00f1o 2009 publica su primer libro \u201cEl vuelo de Octavio\u201d compuesto por versos libres, cuecas, romance, prosa y d\u00e9cimas, con las cuales da a conocer el devenir de un individuo clase media y su lucha por insertarse socialmente.<\/p>\n<p><strong>Luis Palavecino<\/strong><\/p>\n<p>Ten\u00eda que ocurrir un hecho traum\u00e1tico que lo tuvo muy cerca de la muerte (a los 58 a\u00f1os de edad), un accidente cardiovascular encef\u00e1lico que lo dej\u00f3 semiinv\u00e1lido, para que Palavecino se dedicara de lleno a su afici\u00f3n m\u00e1s \u00edntima y placentera: leer y escribir. Reuni\u00f3 algunos escritos entre los vaivenes de su vida agitada y turbulenta, m\u00e1s otros que fue escribiendo, para editar sus poemarios, novelas y libros de cuentos: Quejidos del alma, poemas (1991), Divina Existencia, poemas (1992), C\u00edrculo de amor, poemas (1999), Conversaciones con mi madre muerta, poemas (2001), El caballo de\u00a0 Valdivia, cuentos (2002), Eco Natura, poemas (2002), M\u00e1s all\u00e1 de tu dolor poemas (2007), Triple calvario, cuentos (2007), Curic\u00f3 en el coraz\u00f3n, verso prosa (2007), La cicatriz de los milagros, novela (2008), Divagaciones del hombre y otros poemas, (2010), Juego de Nubes, poes\u00eda (2012), Ad Infinitum (2012), entre otros.<\/p>\n<p><strong>\u00a0<\/strong><\/p>\n<p><strong>Marcelo Garrido<\/strong><\/p>\n<p>Marcelo Garrido Aguilera naci\u00f3 en Rancagua en el a\u00f1o 1974 es un escritor de Ciencia Ficci\u00f3n y Fot\u00f3grafo profesional. Desde peque\u00f1o se interesa por\u00a0 ver el cielo, las estrellas, imaginando mundos distantes y tiempos futuros. Viajes espaciales y viajes por el tiempo. La humanidad avanzando descubriendo el infinito. Su primer relato publicado \u201cEl terrestre\u201d aparece en la antolog\u00eda de ciencia ficci\u00f3n chilena llamada Fixion 2000. Actualmente se encuentra trabajando en su primera novela corta. El 2007 public\u00f3 \u201cEspacio, tiempo y Rock and Roll\u201d, como tomo 1 de la colecci\u00f3n Literatura Regional\u00a0 de Primeros Pasos Ediciones.<\/p>\n<p><strong>\u00a0<\/strong><\/p>\n<p><strong>\u00a0<\/strong><\/p>\n<p><strong>Margarita Bustos Castillo<\/strong><\/p>\n<p>Profesora de Castellano y Comunicaci\u00f3n de la PUCV, Mag\u00edster en G\u00e9nero y Estudios Culturales de la Universidad de Chile. Algunos de sus poemas y art\u00edculos de cr\u00edtica\u00a0literaria\u00a0han sido publicados en las Revistas: \u201cLa Mancha\u201d, \u201cCinosargo\u201d y \u201cLetras.s5\u201d. Ha publicado \u201cMaldigo el para\u00edso de tu abandono\u201d (Editorial Puerto Alegre, Valpara\u00edso 2011), \u201cEros en la Lengua\u201d (Punto de Luz ediciones, Rancagua 2015) y Existencial(es) (Primeros Pasos Ediciones, Rancagua 2016).<\/p>\n<p><strong>Merssi<\/strong><\/p>\n<p>Se inicia en la literatura en el taller de poes\u00eda de Marcia L\u00f3pez\u00a0 en la casa de la Cultura. Rancagua. A partir de ah\u00ed participa en otros talleres y publica en diversas revistas de Rancagua. Ha publicado \u2018Delirios de Abril\u2019 (2008) y \u201cDe desgarro y presencia &amp; Irracional\u201d.<\/p>\n<p><strong>Oscar Ulloa<\/strong><\/p>\n<p>Periodista, educador social, docente universitario y poeta, entre sus publicaciones destacan: \u201cPoemas Privados\u201d (2001), \u201cHierofan\u00edas\u201d (2007), \u201cPoes\u00eda Abisal y Frutos M\u00edsticos\u201d (2013), en la Antolog\u00eda \u201cAutores de la Regi\u00f3n de O\u00b4higgins III\u201d (2014) y \u201cLa ira del hablante\u201d (2015).<\/p>\n<p><strong>Pablo Lacroix<\/strong><\/p>\n<p>Escritor y artista performance nacido en San Fernando (Regi\u00f3n de O\u2019Higgins), Chile. Profesor de lenguaje y comunicaci\u00f3n especializado en literatura. Fundador del colectivo Mal de Ojo. Editor en Ajiaco ediciones. Se ha desempe\u00f1ado en diferentes talleres po\u00e9ticos, como el dirigido por el poeta Mat\u00edas Ayala, el grupo literario Encuentro realizado en la SECH, el taller de poes\u00eda dirigido por el poeta Dante Cuadra en el Goethe-Institut Chile y el Taller de creaci\u00f3n y reflexi\u00f3n po\u00e9tica dirigido por Tom\u00e1s Harris en la Biblioteca Nacional. Particip\u00f3 en Balmaceda 1215 en el taller de g\u00e9nero y performance realizado por la artista Alejandra Ugarte. Ha participado en varios recitales y encuentros po\u00e9ticos como tambi\u00e9n en eventos de acci\u00f3n, instalaci\u00f3n y ejecuci\u00f3n perform\u00e1tica.<\/p>\n<p><strong>Patricia Morales Serazzi<\/strong><\/p>\n<p>Periodista, titulada en comunicaci\u00f3n social de la Universidad Austral de Valdivia, poeta y escritora. Naci\u00f3 en la ciudad de Arica en el a\u00f1o 1976, hija de Carmen Serazzi y de H\u00e9ctor Morales, madre de Valentina Aguila, actualmente vive en la comuna de Do\u00f1ihue. Ha participado en tres libros antol\u00f3gicos de la agrupaci\u00f3n \u201cEscritoras del Valle de Cachapoal\u201d: Antolog\u00eda de Mujeres y Poes\u00eda (2010); Cuentos Infantiles (2011) y Bit\u00e1coras de viaje (2012).<\/p>\n","protected":false},"excerpt":{"rendered":"<p><span style=\"font-size: 80%;\">Fecha publicaci\u00f3n: Abril 2013<\/span><\/p>\n<p><span style=\"font-size: 80%;\">ISBN: 978-956-351-866-5<\/span><\/p>\n<p><span style=\"font-size: 80%;\">P\u00e1ginas: 172<\/span><\/p>\n<p><span style=\"font-size: 80%;\">Formato: 13.5 x 21 cms.<\/span><\/p>\n","protected":false},"featured_media":356,"comment_status":"open","ping_status":"closed","template":"","meta":[],"product_brand":[],"product_cat":[69],"product_tag":[],"class_list":{"0":"post-355","1":"product","2":"type-product","3":"status-publish","4":"has-post-thumbnail","6":"product_cat-autores-de-la-region-de-ohiggins","8":"first","9":"instock","10":"taxable","11":"shipping-taxable","12":"purchasable","13":"product-type-simple"},"_links":{"self":[{"href":"https:\/\/ppediciones.cl\/index.php?rest_route=\/wp\/v2\/product\/355","targetHints":{"allow":["GET"]}}],"collection":[{"href":"https:\/\/ppediciones.cl\/index.php?rest_route=\/wp\/v2\/product"}],"about":[{"href":"https:\/\/ppediciones.cl\/index.php?rest_route=\/wp\/v2\/types\/product"}],"replies":[{"embeddable":true,"href":"https:\/\/ppediciones.cl\/index.php?rest_route=%2Fwp%2Fv2%2Fcomments&post=355"}],"wp:featuredmedia":[{"embeddable":true,"href":"https:\/\/ppediciones.cl\/index.php?rest_route=\/wp\/v2\/media\/356"}],"wp:attachment":[{"href":"https:\/\/ppediciones.cl\/index.php?rest_route=%2Fwp%2Fv2%2Fmedia&parent=355"}],"wp:term":[{"taxonomy":"product_brand","embeddable":true,"href":"https:\/\/ppediciones.cl\/index.php?rest_route=%2Fwp%2Fv2%2Fproduct_brand&post=355"},{"taxonomy":"product_cat","embeddable":true,"href":"https:\/\/ppediciones.cl\/index.php?rest_route=%2Fwp%2Fv2%2Fproduct_cat&post=355"},{"taxonomy":"product_tag","embeddable":true,"href":"https:\/\/ppediciones.cl\/index.php?rest_route=%2Fwp%2Fv2%2Fproduct_tag&post=355"}],"curies":[{"name":"wp","href":"https:\/\/api.w.org\/{rel}","templated":true}]}}