{"id":357,"date":"2019-01-15T15:41:24","date_gmt":"2019-01-15T15:41:24","guid":{"rendered":"http:\/\/ppediciones.cl\/?post_type=product&#038;p=357"},"modified":"2022-06-24T01:00:38","modified_gmt":"2022-06-24T01:00:38","slug":"autores-de-la-region-de-ohiggins-tomo-4","status":"publish","type":"product","link":"https:\/\/ppediciones.cl\/?product=autores-de-la-region-de-ohiggins-tomo-4","title":{"rendered":"Autores de la Regi\u00f3n de O&#8217;higgins Tomo 4"},"content":{"rendered":"<p>Colecci\u00f3n antol\u00f3gica que re\u00fane 100 escritores locales, de diversos g\u00e9neros, estilos y generaciones, con el objetivo de difundir el trabajo de los autores locales, facilitar el acceso a sus obras, fomentar la lectura y generar un material que pueda servir de apoyo y estudio en los establecimientos educacionales de la regi\u00f3n. Compuesto de 6 tomos de 160 a 230 p\u00e1ginas cada uno, su primer tomo fue prologado por el Premio Nacional de Literatura Oscar Hahn, que vivi\u00f3 gran parte de su juventud en Rancagua y que incluso, escribi\u00f3 su primer poema en la Plaza de los H\u00e9roes.<\/p>\n<p><strong>Autores Participantes:<\/strong><\/p>\n<p>\u00a0<\/p>\n<p><strong>Gabriel Ter\u00e1n Moreno<\/strong><\/p>\n<p>Profesor y escritor, nace en Rengo, Chile, en 1947. Cursa estudios superiores en la Facultad de Filosof\u00eda y Educaci\u00f3n de la Universidad de Chile. En Los primeros d\u00edas del golpe militar es encarcelado y un a\u00f1o m\u00e1s tarde, obligado a dejar el pa\u00eds. Contin\u00faa sus estudios pedag\u00f3gicos en la Universidad de Bucarest y obtiene un Master en Historia en la facultad de Historia y Filosof\u00eda. Posteriormente, desde 1980 hasta diciembre de 2012 se desempe\u00f1a como docente en Ciencias Sociales e Historia, en la Run\u00f6 Folkh\u00f6gskola de Estocolmo. Cultiva la literatura desde sus a\u00f1os de estudiante, dando a conocer su obra literaria, en publicaciones locales y en diversos encuentros literarios. Entre sus publicaciones destacan \u201c<em>La huella de la luna y otros relatos\u201d\u00a0 y <\/em>\u00a0&#8220;Las campanas de Almedalen&#8221;.<\/p>\n<p><strong>\u00a0<\/strong><\/p>\n<p><strong>Edith Ruiz Aguilar<\/strong><\/p>\n<p>Naci\u00f3 en\u00a0 Puerto Ais\u00e9n en 1936. Hija de los pioneros de Ais\u00e9n Francisco Ruiz Mayorga y Emilia Aguilar Mansilla, que junto a otros pioneros, con su esfuerzo, dedicaci\u00f3n y sacrificio contribuyeron a la fundaci\u00f3n y engrandecimiento de Ais\u00e9n. Ejerci\u00f3\u00a0 como Profesora en Ais\u00e9n, Valdivia, Vi\u00f1a del Mar y como Orientadora Educacional en Vi\u00f1a del Mar y\u00a0 Santiago. Hace 30 a\u00f1os que vive en Rancagua, trabajando siempre por la cultura. Entre sus publicaciones destacan: \u201cEl Velero Gris y Azul del amor\u201d, \u201cPor la Senda M\u00e1gica de la Inocencia\u201d, \u201cLa Ronda de las Ra\u00edces\u201d, \u201c Canto Aleg\u00f3rico de Amor a Ais\u00e9n\u201d y \u201cEste decir comienza en la Patagonia y otros Cuentos\u201d.<\/p>\n<p>\u00a0<\/p>\n<p>\u00a0<\/p>\n<p><strong>Jos\u00e9 Luis Vergara<\/strong><\/p>\n<p>Poeta oriundo de la Sexta regi\u00f3n. Obtiene el Titulo de Qu\u00edmico en la USACH con distinci\u00f3n, adem\u00e1s de titularse de Profesor de ense\u00f1anza media con excelencia acad\u00e9mica en la Universidad Andr\u00e9s Bello. Recibe primer premio de poes\u00eda a nivel Regional a los seis a\u00f1os, entregado por La Conaf y a los 13 obtiene el tercer lugar en el concurso Oscar Castro de la Ilustre Municipalidad de Rancagua.<\/p>\n<p>En el 2015 public\u00f3 el poemario \u201cErase un ser vivo\u201d.<\/p>\n<p>\u00a0<\/p>\n<p><strong>H\u00e9ctor Caba\u00f1as\u00a0\u00a0\u00a0\u00a0\u00a0\u00a0\u00a0 <\/strong><\/p>\n<p>H\u00e9ctor Caba\u00f1a Gajardo (1976) es un escritor oriundo de Machal\u00ed, que ha publicado tanto cuentos como poes\u00eda, aunque sus principales trabajos giran en torno a la l\u00edrica. Destaca en \u00e9l una mirada cr\u00edtica a la sociedad actual que, a su juicio, ha perdido la conexi\u00f3n con lo trascendente, con una voz po\u00e9tica clara y de fuerte presencia, que dialoga e interpela continuamente al lector. Entre sus publicaciones destaca &#8220;Poemario Gris y Letra Escarlata&#8221; (Mago Editores, Santiago) y \u201cReencuentro con mi valle de l\u00e1grimas\u201d (Primeros Pasos Ediciones).<\/p>\n<p>\u00a0<\/p>\n<p><strong>Luis Soto<\/strong><\/p>\n<p>Naci\u00f3 en Rancagua en 1977. Comenz\u00f3 sus estudios en el desaparecido Lico Villa Triana de esa ciudad y luego ingres\u00f3 al Instituto O\u2019Higgins, colegio perteneciente a la congregaci\u00f3n marista. Durante ese periodo, naci\u00f3 la inquietud y motivaci\u00f3n de escribir, principalmente cuentos. Posteriormente, en 1995, ingres\u00f3 a estudiar Derecho a la Universidad La Republica en Santiago. Con el t\u00edtulo de Abogado no merm\u00f3 su inter\u00e9s por la literatura, por lo contrario, ha escrito numerosas obras narrativas, entre las que destacan: \u201cLas Animas de Chemaco\u201d, \u201cEl Marrueco de un \u00c1ngel\u201d, \u201cNo ha Lugar, con costas\u201d \u201cSi yo te quiero, Daniela&#8230; Si yo te quiero\u201d y \u201cMis putas favoritas\u201d.<\/p>\n<p><strong>\u00a0<\/strong><\/p>\n<p><strong>M\u00f3nica Guti\u00e9rrez<\/strong><\/p>\n<p>Profesora de Educaci\u00f3n General B\u00e1sica (Universidad de Tarapac\u00e1) y Directora escuela &#8220;Capit\u00e1n Ignacio Carrera Pinto&#8221;, Coltauco, es miembro del grupo cultural y literario &#8220;PAIDEIA&#8221;, Rancagua. Entre sus publicaciones destacan: Colecci\u00f3n de textos escolares para la comprensi\u00f3n lectora &#8220;Paso a pasito&#8221; (uno, dos y tres), Editorial RyV. Santiago; Colecci\u00f3n de textos escolares para desarrollar la escritura (uno y dos). Editorial RyV, Santiago; Autora textos escolares de Ciencias Naturales y Ciencias Sociales para Primer a\u00f1o b\u00e1sico, Editorial RyV, Santiago; Autora de libro de poes\u00eda infantil &#8220;Aprendo solito, leo y recito&#8221;. Editorial RyV, Santiago; Coautora de libro &#8220;Ensayos SIMCE&#8221; para NB1.<\/p>\n<p>\u00a0<\/p>\n<p>\u00a0<\/p>\n<p><strong>Ricardo L\u00f3pez<\/strong><\/p>\n<p>Ricardo L\u00f3pez V\u00e1squez (1983), oriundo de San Francisco de Mostazal, comenz\u00f3 su carrera de escritor en la ciencia ficci\u00f3n, pero en su obra ha abarcado otros g\u00e9neros como la acci\u00f3n, el misterio y el romance, caracteriz\u00e1ndose por un relato r\u00e1pido y por construir personajes marcados por vidas complicadas. Entre sus publicaciones destacan \u201cInfierno espacial\u201d y \u201cCr\u00f3nicas de Pelantaru\u201d.<\/p>\n<p>\u00a0<\/p>\n<p>\u00a0<\/p>\n<p><strong>Felipe Gallardo Paredes<\/strong><\/p>\n<p>Naci\u00f3 el 18 de junio de 1989 en la ciudad de Rancagua. Desde temprana edad ha sido fan\u00e1tico de m\u00faltiples historias de ciencia ficci\u00f3n, ya sean de libros, series de televisi\u00f3n y videojuegos. A partir del a\u00f1o 2007 empez\u00f3 a escribir sus primeros relatos a trav\u00e9s de Internet, algunos basados en series de anim\u00e9. Actualmente escribe novelas manteniendo la esencia de la ciencia ficci\u00f3n, y sus g\u00e9neros favoritos son el terror, la magia y el misterio. A mediados del 2013 publica &#8220;Las Armas de la Perdici\u00f3n\u201d.<\/p>\n<p>\u00a0<\/p>\n<p><strong>Daniel Peluffo Arg\u00f3n<\/strong><\/p>\n<p>Nacido en Montevideo, escribe desde su adolescencia, habiendo vivido una \u00e9poca dif\u00edcil \u00a0para los escritores de su generaci\u00f3n, cuando decir lo que se pensaba y sent\u00eda pod\u00eda significar la c\u00e1rcel o la desaparici\u00f3n.\u00a0Fiel a sus ideas mantuvo siempre la continuidad de su escritura publicando en peri\u00f3dicos poemas suyos con seud\u00f3nimo, a\u00fan incluso en \u00e9pocas ya del respiro de la libertad y la democracia que como un viento nuevo vendr\u00eda a revivir y brindar nuevos aires al ambiente intelectual de los a\u00f1os 80 y 90. La brecha estaba creada, el silencio y el ocultamiento se hab\u00eda hecho costumbre. Ha publicado \u201cCodex Lux\u201d (2014), \u201cEl ojo de la medusa\u201d (2017) y Hidrargyrum (2018).<\/p>\n<p><strong>\u00a0<\/strong><\/p>\n<p><strong>Marisol Ibarra<\/strong><\/p>\n<p>Escritora nacida en Coya. Directora de Editorial Arte Gr\u00e1fica desde el 2009. Bajo este sello realiz\u00f3 una auto\u00a0 publicaci\u00f3n del cuento infantil &#8220;Ramuntcho y&#8230;&#8221;, en colaboraci\u00f3n con el escritor Juan Ram\u00f3n Santis, oriundo de Lampa. En agosto del 2011 su micro relato &#8220;Perros que Ladran&#8221; fue publicado en la antolog\u00eda \u00a1Basta! 100 mujeres contra la violencia de g\u00e9nero, de Asteri\u00f3n ediciones, traducido al ingl\u00e9s el 2012. Ha conducido diversos programas radiales, dedicados a difundir la lectura y cultura nacional. Se destaca por su trabajo de fomento lector a trav\u00e9s de talleres en el \u00e1mbito privado y p\u00fablico.<\/p>\n<p>\u00a0<\/p>\n<p><strong>Daniela Gallegos<\/strong><\/p>\n<p>Daniela Gallegos Valenzuela, naci\u00f3 en Rancagua, hija del Diciembre de hace algunos\/muchos a\u00f1os. Actualmente trabaja como Profesora de Lenguaje y Comunicaci\u00f3n en el Liceo Comercial Diego Portales. Sus comienzos literarios aparecen en la revista &#8220;Primeros Pasos\u201d en el a\u00f1o 2001, y en la revista &#8220;Surcos, a\u00f1o 2002. Ganadora de Concurso de ensayos, y cuentos a\u00f1o 2006, difundidos ambos, por la Universidad Metropolitana de Ciencias de la Educaci\u00f3n. Entre sus publicaciones destacan \u201cPertenencias Hologr\u00e1ficas\u201d y \u201cFr\u00e1gil\u201d.<\/p>\n<p>\u00a0<br \/><strong>Malvina Saldias Ubeda<\/strong><\/p>\n<p>Naci\u00f3 el 6 de abril 1961. Ha publicado dos libros de poes\u00eda, \u201cEntre t\u00fa y yo\u201d, en octubre del 2009 y \u201cEn melod\u00edas de amor\u201d, en noviembre del 2010, ambos por Primeros Pasos Ediciones. Particip\u00f3 en el XIII encuentro Internacional Itinerante Capuli, Vallejo y su Tierra, que se realiz\u00f3 en la Universidad Nacional Mayor de San Marcos, Lima Per\u00fa, y tambi\u00e9n en el evento Chile Pa\u00eds de Poetas.<\/p>\n<p>\u00a0<\/p>\n<p><strong>Viviana Trujillo<\/strong><\/p>\n<p>Graneros, 1969. Actriz, escritora. Comienza a escribir a temprana edad, su obra diversa en tem\u00e1ticas\u00a0 siempre est\u00e1 ligada a una cr\u00edtica social, denuncias o relatos desde una tercera voz. Ha participado en publicaciones como \u201cSangre extinta\u201d (2000), \u201cAutoras de Graneros\u201d (2010), \u201c10 a\u00f1os de Santiago en 100 palabras\u201d (2010), \u201cEpistolar\u201d (2011), \u201cEn todas las esquinas\u201d (2013).<\/p>\n<p><strong>\u00a0<\/strong><\/p>\n<p><strong>Ren\u00e9 Acu\u00f1a Garrido<\/strong><\/p>\n<p>Naci\u00f3 el primero de septiembre de 1961 en la ciudad de Colina y actualmente reside en Santiago.<\/p>\n<p>Trabaja en la construcci\u00f3n y en sus momentos libres se dedica a escribir. Es autor del libro \u201cObreros de la Contru\u201d, publicado a trav\u00e9s de Primeros Pasos Ediciones.<\/p>\n<p>\u00a0<\/p>\n<p><strong>Arturo Mu\u00f1oz<\/strong><\/p>\n<p>Asistente Social y Profesor de Historia y Geograf\u00eda (Universidad de Chile). Miembro fundador Grupo Cultural PAIDEIA, Rancagua y Fundador y primer director Casa de la Cultura y Radio Comunitaria de Do\u00f1ihue. Ganador primer Premio del Concurso Literario Municipalidad de Coltauco, a\u00f1o 1995, con el cuento \u201cSala de hospital\u201d. Entre sus publicaciones destacan: \u201cOperaci\u00f3n Almendra\u201d, \u201cSangre en la garganta del diablo\u201d y \u201cSe\u00f1or Concejal\u201d.<\/p>\n<p>\u00a0<\/p>\n<p><strong>Juan Sombr\u00eda<\/strong><\/p>\n<p>Naci\u00f3 el 5 de octubre de 1984. Su infancia fue entre potrero, ciudad y c\u00e1lido aire maternal, hasta que Oscar Wilde y Marcela Paz, lo hicieron entrar en el mundo de la lectura y la creaci\u00f3n po\u00e9tica.<\/p>\n<p>\u00a0<\/p>\n<p><strong>Catherine Fieldhouse Alarc\u00f3n<\/strong><\/p>\n<p>Oriunda de Osorno, estudi\u00f3 medicina en la Universidad de Chile, especializ\u00e1ndose en psiquiatr\u00eda. Madre de cuatro hijos, pertenece al grupo Sue\u00f1os de m\u00e9dicos poetas y al Grupo Los In\u00fatiles desde hace 16 a\u00f1os. Refiere que le gusta escribir, dibujar y pintar. Ha sido galardonada en importantes concursos y congresos literarios, entre los que destaca el segundo lugar en prosa en el concurso nacional de la revista Vida M\u00e9dica, con &#8220;La conmoci\u00f3n del cuero cabelludo&#8221;, en el a\u00f1o 2009; y el segundo lugar el a\u00f1o 2013 en el IX Congreso latinoamericano de M\u00e9dicos escritores realizado en Misiones, Argentina, con la obra &#8220;Entre el 10 y el 18 de septiembre&#8221;. El 2015 public\u00f3 \u201cEl Encuentro\u201d, su primera publicaci\u00f3n individual.<\/p>\n<p>\u00a0<\/p>\n","protected":false},"excerpt":{"rendered":"<p><span style=\"font-size: 80%;\">Fecha publicaci\u00f3n: Junio 2014<\/span><\/p>\n<p><span style=\"font-size: 80%;\">ISBN: 978-956-353-876-2<\/span><\/p>\n<p><span style=\"font-size: 80%;\">P\u00e1ginas: 172<\/span><\/p>\n<p><span style=\"font-size: 80%;\">Formato: 13.5 x 21 cms.<\/span><\/p>\n","protected":false},"featured_media":358,"comment_status":"open","ping_status":"closed","template":"","meta":[],"product_brand":[],"product_cat":[69],"product_tag":[],"class_list":{"0":"post-357","1":"product","2":"type-product","3":"status-publish","4":"has-post-thumbnail","6":"product_cat-autores-de-la-region-de-ohiggins","8":"first","9":"outofstock","10":"taxable","11":"shipping-taxable","12":"purchasable","13":"product-type-simple"},"_links":{"self":[{"href":"https:\/\/ppediciones.cl\/index.php?rest_route=\/wp\/v2\/product\/357","targetHints":{"allow":["GET"]}}],"collection":[{"href":"https:\/\/ppediciones.cl\/index.php?rest_route=\/wp\/v2\/product"}],"about":[{"href":"https:\/\/ppediciones.cl\/index.php?rest_route=\/wp\/v2\/types\/product"}],"replies":[{"embeddable":true,"href":"https:\/\/ppediciones.cl\/index.php?rest_route=%2Fwp%2Fv2%2Fcomments&post=357"}],"wp:featuredmedia":[{"embeddable":true,"href":"https:\/\/ppediciones.cl\/index.php?rest_route=\/wp\/v2\/media\/358"}],"wp:attachment":[{"href":"https:\/\/ppediciones.cl\/index.php?rest_route=%2Fwp%2Fv2%2Fmedia&parent=357"}],"wp:term":[{"taxonomy":"product_brand","embeddable":true,"href":"https:\/\/ppediciones.cl\/index.php?rest_route=%2Fwp%2Fv2%2Fproduct_brand&post=357"},{"taxonomy":"product_cat","embeddable":true,"href":"https:\/\/ppediciones.cl\/index.php?rest_route=%2Fwp%2Fv2%2Fproduct_cat&post=357"},{"taxonomy":"product_tag","embeddable":true,"href":"https:\/\/ppediciones.cl\/index.php?rest_route=%2Fwp%2Fv2%2Fproduct_tag&post=357"}],"curies":[{"name":"wp","href":"https:\/\/api.w.org\/{rel}","templated":true}]}}