{"id":359,"date":"2019-01-15T15:42:18","date_gmt":"2019-01-15T15:42:18","guid":{"rendered":"http:\/\/ppediciones.cl\/?post_type=product&#038;p=359"},"modified":"2021-05-05T03:46:10","modified_gmt":"2021-05-05T03:46:10","slug":"autores-de-la-region-de-ohiggins-tomo-5","status":"publish","type":"product","link":"https:\/\/ppediciones.cl\/?product=autores-de-la-region-de-ohiggins-tomo-5","title":{"rendered":"Autores de la Regi\u00f3n de O\u00b4higgins Tomo 5"},"content":{"rendered":"<p>Colecci\u00f3n antol\u00f3gica que re\u00fane 100 escritores locales, de diversos g\u00e9neros, estilos y generaciones, con el objetivo de difundir el trabajo de los autores locales, facilitar el acceso a sus obras, fomentar la lectura y generar un material que pueda servir de apoyo y estudio en los establecimientos educacionales de la regi\u00f3n. Compuesto de 6 tomos de 160 a 230 p\u00e1ginas cada uno, su primer tomo fue prologado por el Premio Nacional de Literatura Oscar Hahn, que vivi\u00f3 gran parte de su juventud en Rancagua y que incluso, escribi\u00f3 su primer poema en la Plaza de los H\u00e9roes.<\/p>\n<p><strong>Autores Participantes:<\/strong><\/p>\n<p>\u00a0<\/p>\n<p><strong>Myriam Arancibia<\/strong><\/p>\n<p>Naci\u00f3 el 20 de octubre de 1979 en Conchal\u00ed. Es poeta, cantora y payadora. Toca guitarra traspuesta, rabel, arpa y es la m\u00e1s destacada int\u00e9rprete de guitarr\u00f3n chileno. Reconoce como a sus maestros a Osvaldo Ulloa de Pirque, Ar-noldo Madariaga de Cartagena y a Francisco Astorga de Codegua. Ha participado en encuentros nacionales de payadores en Putaendo, Portesuelo y en el Ciclo Nacional de Payadores del Banco Estado. Ha participado en las siguientes grabaciones: \u201cEl nacimiento de Cristo en el canto a lo divino\u201d, \u201cMisa en d\u00e9cimas a lo divino\u201d, \u201cYo vivo pisando en tierra\u201d, \u201cCantata a la di\u00f3cesis de Rancagua\u201d.<\/p>\n<p>\u00a0<\/p>\n<p><strong>Francisco Astorga<\/strong><\/p>\n<p>Naci\u00f3 el 21 de enero de 1960 en El Romeral de Pilay (La Punta). Poeta, Cantor y payador, int\u00e9rprete de guitarr\u00f3n chileno, rabel y guitarra traspuesta. Reconoce como sus maestros a Luis Cantillana (de El Romeral de Pilay) y a Jaime Ram\u00edrez Arredondo (de El Rinc\u00f3n). Ha participado en variados encuentros nacionales de payadores como Casablanca, Putaendo, Portesuelo, y en el Ciclo Nacional de Payadores del Banco Estado. Ha participado tambi\u00e9n en encuentros internacionales de payadores en Per\u00fa, Ecuador, Uruguay, Argentina, Brasil, Puerto Rico y Espa\u00f1a. Organiza el Encuentro Internacional de Payadores \u201cEl Rinc\u00f3n\u201d (en La Punta de Codegua). Ha participado en las siguientes grabaciones: &#8211; \u201cEl nacimiento de Cristo en el canto a lo divino\u201d, \u201cMisa en d\u00e9cimas a lo divino\u201d (autor), \u201cYo vivo pisando en tierra\u201d, \u201cCantata a la di\u00f3cesis de Rancagua\u201d (autor).<\/p>\n<p>\u00a0<\/p>\n<p><strong>Sergio C\u00e1ceres<\/strong><\/p>\n<p>Naci\u00f3 el 17 de diciembre de 1942 en Olivar Alto. Hace m\u00e1s de 50 a\u00f1os reside en Requ\u00ednoa. Es poeta y payador, compone versos, cuecas, brindis. Autodidacta, ha participado en variados eventos. Hace 15 a\u00f1os, sac\u00f3 un casette con sus versos llamado \u201cCanto a mi pueblo\u201d. Trabaja en Do\u00f1ihue en el restaurant Ra\u00edces, amenizando los almuerzos de los turistas que visitan el lugar. Ha recorrido todo el pa\u00eds con sus payas y versos.<\/p>\n<p>\u00a0<\/p>\n<p><strong>Luis Felipe Carre\u00f1o Campos <\/strong><\/p>\n<p>Naci\u00f3 a inicios de la d\u00e9cada del sesenta, en un barrio al poniente de la urbe santiaguina. De ra\u00edces en la sexta regi\u00f3n, su savia po\u00e9tica es la mezcla de la sangre de mineros y profesores. Al conocer el trabajo y testimonio de los\u00a0 cultores del Canto a lo Humano y lo Divino, asume que en su sino est\u00e1 el engrosar las filas de poetas y cantores populares de este rinc\u00f3n del universo tan desprovisto de identidad cultural, y paradojalmente con un tesoro oculto tan grande. En su afici\u00f3n irrenunciable por la m\u00fasica, ejecuta\u00a0 la guitarra traspuesta, el guitarr\u00f3n chileno y otros cord\u00f3fonos de Am\u00e9rica, en su b\u00fasqueda de una\u00a0 representaci\u00f3n de la realidad hist\u00f3rica,\u00a0 social y cultural de su \u00e9poca.\u00a0<\/p>\n<p>Entre sus publicaciones destaca el libro \u201cPor utop\u00edas y sue\u00f1os\u201d.<\/p>\n<p>\u00a0<\/p>\n<p><strong>\u00a0<\/strong><\/p>\n<p><strong>\u00a0<\/strong><\/p>\n<p><strong>Jos\u00e9 Pablo Catal\u00e1n<\/strong><\/p>\n<p>Profesor de Educaci\u00f3n Musical, Magister en Arte, Menci\u00f3n Patrimonio, Cantor, Poeta Popular y Payador nacido en la localidad de Puente Negro, comuna de San Fernando, VI Regi\u00f3n, el 16 de junio de 1986. Dentro de su intensa carrera ha participado en varias agrupaciones musicales y folkl\u00f3ricas en la V y VI Regi\u00f3n, present\u00e1ndose en diversos escenarios del pa\u00eds y del extranjero, tanto en festivales folkl\u00f3ricos como en encuentros de payadores.<\/p>\n<p>\u00a0<\/p>\n<p><strong>A\u00edda Correa<\/strong><\/p>\n<p>Naci\u00f3 en 1960 en la comuna de Las Cabras, en el sector Llaver\u00eda El Durazno. Es la cuarta generaci\u00f3n de la familia CORREA que cultiva la d\u00e9cima y el canto a lo divino, tambi\u00e9n la cueca y la tonada.<\/p>\n<p><strong>\u00a0<\/strong><\/p>\n<p><strong>Fernando Jir\u00f3n Dur\u00e1n<\/strong><\/p>\n<p>Naci\u00f3 el 1 de septiembre de 1954, en el Fundo Las Mercedes, comuna de Requ\u00ednoa. A los 15 a\u00f1os escribi\u00f3 el primer verso por padecimiento de amor, as\u00ed comenz\u00f3 a formarse como poeta a lo humano. Este campesino poeta popular y payador ha participado en diversos encuentros de payadores y pe\u00f1as folcl\u00f3ricas dentro y fuera de la regi\u00f3n. \u201cSalt\u00f3 a la fama\u201d en el a\u00f1o 1996 en la desaparecida Radio Requ\u00ednoa, con el Programa Simplemente Chile\u201d, programa donde se difunde la poes\u00eda popular. Entre sus publicaciones destacan: \u201cMergando con el Huaso Jir\u00f3n (2003)\u201d, y \u201cYo soy el Huaso Jir\u00f3n (2007)\u201d.<\/p>\n<p>\u00a0<\/p>\n<p><strong>Juan Adolfo Molina Mena<\/strong><\/p>\n<p>Cantor, poeta y payador, naci\u00f3 en Codegua el 16 de abril de 1967. Heredero de una tradici\u00f3n de cantores y poetas, aprendi\u00f3 su arte de don Heriberto Ibarra, Daniel Molina Tejeda y Juan Molina Tejeda, siendo este \u00faltimo su propio padre. Ha participado en producciones musicales como \u201cCanto a lo Divino y Humano en la sexta Regi\u00f3n\u201d, \u201cTradiciones de Codegua\u201d,\u00a0 \u201cCantata por la Di\u00f3cesis de Rancagua\u201d, encuentros de payadores de El Rinc\u00f3n, vigilias de Canto a Lo Divino en Chanc\u00f3n, Maip\u00fa, Lourdes, Casablanca, Machal\u00ed y Codegua.<\/p>\n<p>\u00a0<\/p>\n<p><strong>Javier Pe\u00f1a<\/strong><\/p>\n<p>Cantor a lo Poeta, a lo Divino y a lo Humano y Poeta popular, interprete de Guitarr\u00f3n Chileno, Rabel y Guitarra traspuesta. Estudi\u00f3 formalmente 5 a\u00f1os de Pedagog\u00eda en Ingl\u00e9s y a lo largo de su vida he estudiado m\u00fasica de manera autodidacta. En el Canto a lo Poeta, es de maestros campesinos, nutri\u00e9ndose del saber popular.<\/p>\n<p>\u00a0<\/p>\n<p><strong>Leonel S\u00e1nchez<\/strong><\/p>\n<p>Naci\u00f3 el 5 de Noviembre de 1961, es poeta popular, cantor, payador, autor, cuentista y animador. \u00a0Tiene a su haber 3 Producciones Musicales: \u201cLos Versos del Huaso S\u00e1nchez\u201d, \u201cEl Sonre\u00edr es\u2026 \u00a1Salud!\u201d, \u201cLo que no se ve\u2026 \u00a1Se Canta!\u201d y ha participado en otras dos producciones musicales con payadores extranjeros: \u201cContrapuntos de Hermandad\u201d con Payadores argentinos Chilenos y Uruguayos; \u201cPoetas Populares de Chile y Per\u00fa\u201d.<\/p>\n<p>\u00a0<\/p>\n<p><strong>Daniela Sep\u00falveda<\/strong><\/p>\n<p>Cantora a lo Humano y lo Divino y Poeta Popular. Int\u00e9rprete de Guitarr\u00f3n Chileno y Guitarra Traspuesta, el Arpa Chilena y el Acorde\u00f3n. Estudi\u00f3 m\u00fasica en conservatorios, clases particulares y finalmente en la Universidad, aunque no complet\u00f3 estos estudios, pues comenz\u00f3 a investigar y nutrirse de la tradici\u00f3n oral musical y po\u00e9tica del campo de nuestro pa\u00eds, form\u00e1ndome con maestros campesinos.<\/p>\n<p>\u00a0<\/p>\n<p><strong>Sergio Valdivia<\/strong><\/p>\n<p>Naci\u00f3 un 12 de noviembre de 1961 al interior de San Fernando, en la pre-cordillera. Hijo de don Sixto Valdivia y de do\u00f1a Blanca Garrido, es el quinto de diez\u00a0 hermanos. Desde su m\u00e1s tierna infancia ya ten\u00eda dotes de poeta, sin embargo no fue hasta que la familia se traslad\u00f3 a Puente Negro a\u00f1os despu\u00e9s, donde conoci\u00f3 a la familia Acevedo, ellos eran cantores a lo divino y se manejaban en las d\u00e9cimas pues eran de la costa. Desde ese momento don Sergio Valdivia, \u201cel Puente Negrino\u201d, ha participado de manera ininterrumpida de encuentros de cantores a lo divino, pe\u00f1as\u00a0 y trillas.<\/p>\n<p>\u00a0<\/p>\n<p><strong>Santiago Varas<\/strong><\/p>\n<p>Naci\u00f3 en 1940, en el fundo El Crucero, VI Regi\u00f3n. El contenido de su poes\u00eda acompa\u00f1a el comp\u00e1s de la existencia popular, el sistema c\u00edclico de la d\u00e9cima se enlaza a los ciclos giratorios de las generaciones; viviendo a trav\u00e9s de la oralidad, la creaci\u00f3n, la transmisi\u00f3n y la variaci\u00f3n. La poes\u00eda de Santiago Varas hered\u00f3 la fuerza que le permite desafiar los tiempos y espacios. Varas comprime en su expresi\u00f3n lo contingente de la actualidad con lo antiguo de la tradici\u00f3n, es una verdadera cronista de \u00e9poca, de una poes\u00eda que ya se ve desaparecer poco a poco y que tiene a Santiago Varas como su \u00faltimo baluarte. Santiago Varas se ha dedicado a investigar y a rescatar el legado de cantores a lo divino y poetas de la regi\u00f3n, tales como: Rosa Araneda (1850-1894), Daniel Meneses (1868-1909) y L\u00e1zaro Salgado.<\/p>\n<p>\u00a0<\/p>\n<p><strong>Sergio Vera<\/strong><\/p>\n<p>Sergio del Carmen Vera Morales, naci\u00f3 y vivi\u00f3 en \u00a0Coya, Machal\u00ed VI\u00a0regi\u00f3n, hasta el a\u00f1o 1985, cuando emigr\u00f3 a Rancagua, ciudad donde reside actualmente. Poeta popular y romancero, es socio activo de la AGENPOCH (Asociaci\u00f3n gremial nacional de poetas y payadores de Chile). Ha ganado importantes concursos literarios y participado en diversos encuentros nacionales y\u00a0regionales\u00a0de Poetas y Payadores. Esta es su primera publicaci\u00f3n individual.\u00a0El 2015 publica Espigas de sentimientos, su primer libro.<\/p>\n<p>\u00a0<\/p>\n<p><strong>El\u00edas Z\u00fa\u00f1iga<\/strong><\/p>\n<p>El\u00edas, hijo de \u00d3scar Z\u00fa\u00f1iga y Tegualda Serrano, nace en la comuna de Graneros el 05 de Noviembre de 1956. Pichint\u00fan, como lo llamaba su madre, desde peque\u00f1o mostr\u00f3 inter\u00e9s por el canto, motivado por su padre quien siempre estuvo ligado de alguna manera a la m\u00fasica; reci\u00e9n a los 38 a\u00f1os realiza su primera presentaci\u00f3n como Cantor a lo divino, en la Capilla del sector Los Marcos, de la parroquia de Codegua.<\/p>\n<p>\u00a0<\/p>\n<p>\u00a0<\/p>\n<p>\u00a0<\/p>\n","protected":false},"excerpt":{"rendered":"<p><span style=\"font-size: 80%;\">Fecha publicaci\u00f3n: Diciembre 2014<\/span><\/p>\n<p><span style=\"font-size: 80%;\">ISBN: 978-956-358-281-9<\/span><\/p>\n<p><span style=\"font-size: 80%;\">P\u00e1ginas: 176<\/span><\/p>\n<p><span style=\"font-size: 80%;\">Formato: 13.5 x 21 cms.<\/span><\/p>\n","protected":false},"featured_media":360,"comment_status":"open","ping_status":"closed","template":"","meta":[],"product_brand":[],"product_cat":[69],"product_tag":[],"class_list":{"0":"post-359","1":"product","2":"type-product","3":"status-publish","4":"has-post-thumbnail","6":"product_cat-autores-de-la-region-de-ohiggins","8":"first","9":"outofstock","10":"taxable","11":"shipping-taxable","12":"purchasable","13":"product-type-simple"},"_links":{"self":[{"href":"https:\/\/ppediciones.cl\/index.php?rest_route=\/wp\/v2\/product\/359","targetHints":{"allow":["GET"]}}],"collection":[{"href":"https:\/\/ppediciones.cl\/index.php?rest_route=\/wp\/v2\/product"}],"about":[{"href":"https:\/\/ppediciones.cl\/index.php?rest_route=\/wp\/v2\/types\/product"}],"replies":[{"embeddable":true,"href":"https:\/\/ppediciones.cl\/index.php?rest_route=%2Fwp%2Fv2%2Fcomments&post=359"}],"wp:featuredmedia":[{"embeddable":true,"href":"https:\/\/ppediciones.cl\/index.php?rest_route=\/wp\/v2\/media\/360"}],"wp:attachment":[{"href":"https:\/\/ppediciones.cl\/index.php?rest_route=%2Fwp%2Fv2%2Fmedia&parent=359"}],"wp:term":[{"taxonomy":"product_brand","embeddable":true,"href":"https:\/\/ppediciones.cl\/index.php?rest_route=%2Fwp%2Fv2%2Fproduct_brand&post=359"},{"taxonomy":"product_cat","embeddable":true,"href":"https:\/\/ppediciones.cl\/index.php?rest_route=%2Fwp%2Fv2%2Fproduct_cat&post=359"},{"taxonomy":"product_tag","embeddable":true,"href":"https:\/\/ppediciones.cl\/index.php?rest_route=%2Fwp%2Fv2%2Fproduct_tag&post=359"}],"curies":[{"name":"wp","href":"https:\/\/api.w.org\/{rel}","templated":true}]}}