{"id":361,"date":"2019-01-15T15:43:06","date_gmt":"2019-01-15T15:43:06","guid":{"rendered":"http:\/\/ppediciones.cl\/?post_type=product&#038;p=361"},"modified":"2022-06-24T01:00:22","modified_gmt":"2022-06-24T01:00:22","slug":"autores-de-la-region-de-ohiggins-tomo-6","status":"publish","type":"product","link":"https:\/\/ppediciones.cl\/?product=autores-de-la-region-de-ohiggins-tomo-6","title":{"rendered":"Autores de la Regi\u00f3n de O&#8217;higgins Tomo 6"},"content":{"rendered":"<p>Colecci\u00f3n antol\u00f3gica que re\u00fane 100 escritores locales, de diversos g\u00e9neros, estilos y generaciones, con el objetivo de difundir el trabajo de los autores locales, facilitar el acceso a sus obras, fomentar la lectura y generar un material que pueda servir de apoyo y estudio en los establecimientos educacionales de la regi\u00f3n. Compuesto de 6 tomos de 160 a 230 p\u00e1ginas cada uno, su primer tomo fue prologado por el Premio Nacional de Literatura Oscar Hahn, que vivi\u00f3 gran parte de su juventud en Rancagua y que incluso, escribi\u00f3 su primer poema en la Plaza de los H\u00e9roes.<\/p>\n<p><strong>Autores Participantes:<\/strong><\/p>\n<p><strong>\u00a0<\/strong><\/p>\n<p><strong>Rosa Ar\u00e1nguez Salas <\/strong><\/p>\n<p>Nace en Peumo el 30 de Enero de 1947.\u00a0 A lo largo de su vida ha participado en diferentes instancias art\u00edstico-culturales, fue delegada cultural de la comuna de Peumo en los Cabildos Culturales a\u00f1os 2000 y 2001. Part\u00edcipe de c\u00edrculos de escritores, talleres literarios y actividades de Adultos MayoresHa publicado \u201cEl Bot\u00f3n de Oro y otros cuentos\u201d y \u201cPalabras al Viento\u201d.\u00a0<\/p>\n<p>\u00a0<\/p>\n<p><strong>Hern\u00e1n Cabello<\/strong><\/p>\n<p>Oscar Hern\u00e1n Cabello N\u00fa\u00f1ez, rancag\u00fcino, tiene cuatro libros publicados: \u201cAng\u00e9lica, mi amor\u201d, \u201cLos due\u00f1os de mi coraz\u00f3n\u201d, \u201cPetita\u201d y \u201cLa voz de la experiencia\u201d, en donde nos traslada desde las fibras del amor puro, nos pasea por la fantas\u00eda del realismo m\u00e1gico, recuerda como base del presente, la sencilla y perseverante personalidad de su madre, y luego nos muestra las experiencias de su vida.<\/p>\n<p>\u00a0<\/p>\n<p><strong>Cecilia Compagnon<\/strong><\/p>\n<p>Naci\u00f3 en Rancagua, Chile. Profesora normalista, estudi\u00f3 en la Escuela Normal de Angol y Talca. Su vida ha girado en torno a la educaci\u00f3n y las artes. Ha participado en diversos medios de comunicaci\u00f3n, escritos, audiovisuales\u00a0 y radiales, donde ha difundido su pensamiento cr\u00edtico y formativo. Actualmente trabaja dando talleres formativos y de capacitaci\u00f3n para profesores y de orientaci\u00f3n para ni\u00f1os y adolescentes. Ha publicado \u201cRetazos de Vida\u201d, \u201cAtardecer y otros Cuentos\u201d y \u201cVersos de los tiempos perdidos\u201d.<\/p>\n<p>\u00a0<\/p>\n<p><strong>Rosa Ch\u00e1vez<\/strong><\/p>\n<p>Naci\u00f3 en Talcahuano hace m\u00e1s de seis d\u00e9cadas, es escritora y pintora autodid\u00e1ctica. Entre sus publicaciones destacan: \u201cReflexiones desde el silencio\u201d, \u201cCrisol de primavera\u201d, \u201cHuellas\u201d, \u201cTiempos lejanos\u201d. Ha participado en Antolog\u00edas en Chile y el extranjero.<\/p>\n<p>\u00a0<\/p>\n<p><strong>Marisol Droguett<\/strong><\/p>\n<p>Desde muy temprana edad, sinti\u00f3 especial atracci\u00f3n por el arte de transmitir sus sue\u00f1os y fantas\u00edas, a trav\u00e9s de la palabra escrita. Su prosa po\u00e9tica fluye incansablemente, arrastrando al lector a t\u00e9tricas guaridas e inhumanas situaciones, que pudiendo ser ficci\u00f3n, est\u00e1n muy pr\u00f3ximas a una cruda realidad. Ejemplo de ello, es su primera novela \u201cUn \u00e1ngel solitario\u201d (2017), que a la vez forma parte de una oscura trilog\u00eda, que nos sumerge en un tenebroso y s\u00f3rdido mundo, en donde las dantescas atrocidades no dan tregua al lector.<\/p>\n<p>\u00a0<\/p>\n<p><strong>Jaime Jullian<\/strong><\/p>\n<p>Ha desarrollado su actividad literaria incursionando en el verso y la prosa, ensayando estilos que le permitan una expresi\u00f3n m\u00e1s fluida de sus intentos creativos. Ha escrito en diarios locales como columnista en temas de actualidad, visiones y propuesta de desarrollo productivo, y participado en diversas antolog\u00edas. El 2017 public\u00f3 \u201cEntidades\u201d, una selecci\u00f3n de cuentos en prosa escritos para distintos concursos y participaciones colectivas\u00a0 desarrollados bajos las normas del llamado, m\u00e1s un relato en poes\u00eda narrativa que tiene su origen en el recuerdo de un creador admirador.<\/p>\n<p>\u00a0<\/p>\n<p>\u00a0<\/p>\n<p><strong>Claudia Orietta<\/strong><\/p>\n<p>Poeta y de profesi\u00f3n social M\u00e9dico Veterinario, naci\u00f3 el 06 de Agosto de 1989, y es oriunda de Rengo. Escribe poes\u00eda desde los ocho a\u00f1os, ha desarrollado diversas actividades ligadas a la gesti\u00f3n cultural y a la creaci\u00f3n po\u00e9tica, y se ha formado en diversos cursos literarios con destacados escritores de la regi\u00f3n y fuera de ella. Cuenta con dos libros publicados,\u201cDescontracturado\u201d (obra personal, 2016), y Mujeres Piernas Cruzadas (antolog\u00eda de poes\u00eda femenina, 2017). Su propuesta po\u00e9tica expresa desde la creaci\u00f3n aut\u00e9ntica de un \u201cYO\u201d l\u00edrico que construye universos simb\u00f3licos donde los sentidos transportan al lector a una conexi\u00f3n profunda y pensante con la poes\u00eda.<\/p>\n<p>\u00a0<\/p>\n<p><strong>Gilda N\u00e9lida P\u00e9rez Guzm\u00e1n<\/strong><\/p>\n<p>Nacida en Olivar, provincia de Cachapoal, desde siempre se siente atra\u00edda por el mundo de las letras, siendo una lectora infatigable de todo tipo de literatura. Comienza\u00a0 a escribir a muy temprana edad tanto poes\u00eda como narrativa, aunque siempre lo considera s\u00f3lo como un interesante pasatiempo. Ha publicado dos libros &#8220;Pausa entre dos estaciones&#8221; \u201c\u00c9l viene hacia m\u00ed&#8230;\u201d.\u00a0<\/p>\n<p>\u00a0<\/p>\n<p><strong>Ernestina Pinto<\/strong><\/p>\n<p>Ernestina Pinto Moreno es comunicadora social, educadora comunitaria, monitora educaci\u00f3n po\u00e9tica, realizadora audiovisual, conductora radial, escritora &#8211; cronista del tiempo y eterna estudiante.\u00a0El 2016 public\u00f3 el libro \u201cLos molinos de Col\u00f3n con mirada de mujer\u201d.<\/p>\n<p><strong>\u00a0<\/strong><\/p>\n<p><strong>Aquiles R\u00edos Parra (Aripa)<\/strong><\/p>\n<p>Naci\u00f3 el 18 de Junio de 1960 en la ciudad de Coronel. A los dos a\u00f1os de edad la familia se traslada a la Ciudad de Bulnes, lugar donde vivi\u00f3 toda su ni\u00f1ez y adolescencia. Actualmente vive en San Francisco de Mostazal. El a\u00f1o 1980 fallece su padre, hito que marca su vida, toda la rabia y dolor interno lo vuelca en versos, como una forma de desahogo. Ha publicado tres libros de poes\u00eda: \u201cHoras de silencio\u201d, \u201cDe viajes y nostalgias\u201d y \u201cCamino al alma\u201d.<\/p>\n<p><strong>\u00a0<\/strong><\/p>\n<p><strong>Saile (El\u00edas Henr\u00edquez \u00c1lvarez)<\/strong><\/p>\n<p>Ha participado en varios grupos y talleres literarios, adem\u00e1s ha participado en varios cert\u00e1menes literarios, siendo reconocido y felicitado por caja Los Andes sede Rancagua por su participaci\u00f3n en el concurso Miradas de Vida. Entre sus publicaciones destacan \u201cNostalgias de Anta\u00f1o\u201d y \u201cVarias D\u00e9cimas Variadas\u201d.<\/p>\n<p><strong>\u00a0<\/strong><\/p>\n<p><strong>Pamela Salda\u00f1a Urra<\/strong><\/p>\n<p>Naci\u00f3 el 31 de marzo de 1981. Es rancag\u00fcina y escribe desde los 14 a\u00f1os, ama escribir, en cada poema hay un pedacito de ella. El 2008 public\u00f3 el libro \u201cAmor de sombra\u201d.<\/p>\n<p><strong>\u00a0<\/strong><\/p>\n<p><strong>Edgar Ricardo Soto Ossa<\/strong><\/p>\n<p>Escritor nacido en Rancagua, la mayor parte de su vida la dedic\u00f3 a formar ni\u00f1os y j\u00f3venes en su calidad de educador. Actualmente feliz disfruta la vida buscando experiencias e inspiraci\u00f3n para escribir. Ha publicado \u201cLas cuevas encantadas, m\u00e1s que una leyenda\u201d y \u00a1Coraz\u00f3n&#8230; serenidad y locura! Su vasta experiencia como maestro, le ha permitido desarrollar en parte la creatividad, elemento fundamental en el arte de las letras. Su obra ser\u00e1 siempre amena, entretenida y con un profundo mensaje de vida.<\/p>\n<p><strong>Jacqueline Troncoso<\/strong><\/p>\n<p>Nace en la Ciudad de San Bernardo un 08 de julio en una fr\u00eda ma\u00f1ana de invierno. Profesora\u00a0 y Licenciada en Educaci\u00f3n de la Universidad de Playa de Valpara\u00edso. Escritora de cuentos infantiles y poes\u00eda, pintora autodidacta.<\/p>\n<p><strong>\u00a0<\/strong><\/p>\n<p><strong>Fernando V\u00e1squez<\/strong><\/p>\n<p>Fernando V\u00e1squez A. (1974), es ingeniero de profesi\u00f3n, ha publicado los libros de cuentos \u201cNota Adjunta\u201d (2014), \u201cSu eminencia y otros relatos\u201d (2015) y \u201cEl espiral de Dana\u201d (2017), en donde, a trav\u00e9s de una narraci\u00f3n limpia y precisa, va bordeando aquellos l\u00edmites siempre difusos entre la vida y la muerte, la raz\u00f3n y la locura, la dignidad humana y su fatalidad.<\/p>\n<p>\u00a0<\/p>\n<p><strong>Irem Toal<\/strong><\/p>\n<p>Escritora y pintora formada en la Universidad de Chile y de Rio Grande do Sul Brasil. Ha realizado exposiciones en varios pa\u00edses y ciudades de Chile. Ha participado en varios Congresos\u00a0Art\u00edsticos\u00a0Internacionales, en Brasil, Uruguay y Chile. En el campo de las letras ha\u00a0editado varios poemarios, siendo estos parte de\u00a0numerosas\u00a0Antolog\u00edas en Brasil, Uruguay, Argentina, Per\u00fa, Chile y EE.UU. Entre sus publicaciones destacan: \u201cBreves de la Pintura Chilena\u201d y \u201cHecatombe\u201d.<\/p>\n<p>\u00a0<\/p>\n<p>\u00a0<\/p>\n<p>\u00a0<\/p>\n","protected":false},"excerpt":{"rendered":"<p><span style=\"font-size: 80%;\">Fecha publicaci\u00f3n: Septiembre 2017<\/span><\/p>\n<p><span style=\"font-size: 80%;\">ISBN: 978-956-368-943-3<\/span><\/p>\n<p><span style=\"font-size: 80%;\">P\u00e1ginas: 180<\/span><\/p>\n<p><span style=\"font-size: 80%;\">Formato: 13.5 x 21 cms.<\/span><\/p>\n","protected":false},"featured_media":371,"comment_status":"open","ping_status":"closed","template":"","meta":[],"product_brand":[],"product_cat":[69],"product_tag":[],"class_list":{"0":"post-361","1":"product","2":"type-product","3":"status-publish","4":"has-post-thumbnail","6":"product_cat-autores-de-la-region-de-ohiggins","8":"first","9":"outofstock","10":"taxable","11":"shipping-taxable","12":"purchasable","13":"product-type-simple"},"_links":{"self":[{"href":"https:\/\/ppediciones.cl\/index.php?rest_route=\/wp\/v2\/product\/361","targetHints":{"allow":["GET"]}}],"collection":[{"href":"https:\/\/ppediciones.cl\/index.php?rest_route=\/wp\/v2\/product"}],"about":[{"href":"https:\/\/ppediciones.cl\/index.php?rest_route=\/wp\/v2\/types\/product"}],"replies":[{"embeddable":true,"href":"https:\/\/ppediciones.cl\/index.php?rest_route=%2Fwp%2Fv2%2Fcomments&post=361"}],"wp:featuredmedia":[{"embeddable":true,"href":"https:\/\/ppediciones.cl\/index.php?rest_route=\/wp\/v2\/media\/371"}],"wp:attachment":[{"href":"https:\/\/ppediciones.cl\/index.php?rest_route=%2Fwp%2Fv2%2Fmedia&parent=361"}],"wp:term":[{"taxonomy":"product_brand","embeddable":true,"href":"https:\/\/ppediciones.cl\/index.php?rest_route=%2Fwp%2Fv2%2Fproduct_brand&post=361"},{"taxonomy":"product_cat","embeddable":true,"href":"https:\/\/ppediciones.cl\/index.php?rest_route=%2Fwp%2Fv2%2Fproduct_cat&post=361"},{"taxonomy":"product_tag","embeddable":true,"href":"https:\/\/ppediciones.cl\/index.php?rest_route=%2Fwp%2Fv2%2Fproduct_tag&post=361"}],"curies":[{"name":"wp","href":"https:\/\/api.w.org\/{rel}","templated":true}]}}