{"id":374,"date":"2019-01-20T14:55:17","date_gmt":"2019-01-20T14:55:17","guid":{"rendered":"http:\/\/ppediciones.cl\/?post_type=product&#038;p=374"},"modified":"2021-05-05T03:32:32","modified_gmt":"2021-05-05T03:32:32","slug":"espacio-tiempo-y-rock-roll-tomo-1-marcelo-garrido","status":"publish","type":"product","link":"https:\/\/ppediciones.cl\/?product=espacio-tiempo-y-rock-roll-tomo-1-marcelo-garrido","title":{"rendered":"TOMO 1 | Espacio, tiempo y rock &#038; roll &#8211; Marcelo Garrido"},"content":{"rendered":"<p>Marcelo Garrido Aguilera naci\u00f3 en Rancagua en 1974. Fot\u00f3grafo de profesi\u00f3n, ha mantenido lentamente pero con insistencia, su gusto por escribir relatos de ciencia ficci\u00f3n. He aqu\u00ed su primer volumen de cuentos que re\u00fanen relatos de comienzos de siglo, su primera etapa. Y ha dejado al misterio sus nuevas aventuras por universos desconocidos y en tiempos distantes, que sin duda pronto ser\u00e1n revelados en una nueva colecci\u00f3n de relatos que ya ha comenzado a preparar.<\/p>\n<p>Espacio, tiempo y rock and roll, un viaje a un mundo que contiene todas las pasiones, emociones y misterios de la mente humana, pero ocurridas en una parte de la l\u00ednea del tiempo aun sin descubrir.<\/p>\n<p>&nbsp;<\/p>\n<p>&nbsp;<\/p>\n","protected":false},"excerpt":{"rendered":"<p><span style=\"font-size: 80%;\">Fecha publicaci\u00f3n: Julio 2007<\/span><\/p>\n<p><span style=\"font-size: 80%;\">ISBN: 978-956-310-747-0<\/span><\/p>\n<p><span style=\"font-size: 80%;\">P\u00e1ginas: 114<\/span><\/p>\n<p><span style=\"font-size: 80%;\">Formato: 13.5 x 10.5 cms.<\/span><\/p>\n","protected":false},"featured_media":375,"comment_status":"open","ping_status":"closed","template":"","meta":[],"product_brand":[],"product_cat":[70],"product_tag":[],"class_list":{"0":"post-374","1":"product","2":"type-product","3":"status-publish","4":"has-post-thumbnail","6":"product_cat-coleccion-literatura-regional","8":"first","9":"outofstock","10":"taxable","11":"shipping-taxable","12":"purchasable","13":"product-type-simple"},"_links":{"self":[{"href":"https:\/\/ppediciones.cl\/index.php?rest_route=\/wp\/v2\/product\/374","targetHints":{"allow":["GET"]}}],"collection":[{"href":"https:\/\/ppediciones.cl\/index.php?rest_route=\/wp\/v2\/product"}],"about":[{"href":"https:\/\/ppediciones.cl\/index.php?rest_route=\/wp\/v2\/types\/product"}],"replies":[{"embeddable":true,"href":"https:\/\/ppediciones.cl\/index.php?rest_route=%2Fwp%2Fv2%2Fcomments&post=374"}],"wp:featuredmedia":[{"embeddable":true,"href":"https:\/\/ppediciones.cl\/index.php?rest_route=\/wp\/v2\/media\/375"}],"wp:attachment":[{"href":"https:\/\/ppediciones.cl\/index.php?rest_route=%2Fwp%2Fv2%2Fmedia&parent=374"}],"wp:term":[{"taxonomy":"product_brand","embeddable":true,"href":"https:\/\/ppediciones.cl\/index.php?rest_route=%2Fwp%2Fv2%2Fproduct_brand&post=374"},{"taxonomy":"product_cat","embeddable":true,"href":"https:\/\/ppediciones.cl\/index.php?rest_route=%2Fwp%2Fv2%2Fproduct_cat&post=374"},{"taxonomy":"product_tag","embeddable":true,"href":"https:\/\/ppediciones.cl\/index.php?rest_route=%2Fwp%2Fv2%2Fproduct_tag&post=374"}],"curies":[{"name":"wp","href":"https:\/\/api.w.org\/{rel}","templated":true}]}}