{"id":381,"date":"2019-01-20T15:02:27","date_gmt":"2019-01-20T15:02:27","guid":{"rendered":"http:\/\/ppediciones.cl\/?post_type=product&#038;p=381"},"modified":"2021-05-05T03:32:19","modified_gmt":"2021-05-05T03:32:19","slug":"tomo-1-espacio-tiempo-y-rock-roll-marcelo-garrido-copia","status":"publish","type":"product","link":"https:\/\/ppediciones.cl\/?product=tomo-1-espacio-tiempo-y-rock-roll-marcelo-garrido-copia","title":{"rendered":"TOMO 2 | Con todo respeto &#8211; Luis Concha Henr\u00edquez"},"content":{"rendered":"<p>Para llegar a los 66 a\u00f1os, Luis Concha Henr\u00edquez se hizo Curtiembrero, Cabro de los mandados, Vendedor de escobillas de pura quilineja, T\u00e9cnico Agr\u00edcola, Guardabosques (cuando exist\u00eda el lingue), Sembrador de ovas salmon\u00eddeas, Cooperativista, Maestro titulado en un establo suizo, Sindicalista, Cocinero eventual, Lazarillo de Down y autistas, Aseador de buses, calles y edificios, Locutor Deportivo, Libretista radial, Autor de 7 libros, Alfabetizador de adultos, Educador, Trovero, Poeta al alem\u00e1n y Tinterillo.<\/p>\n<p>&nbsp;<\/p>\n<p>&nbsp;<\/p>\n","protected":false},"excerpt":{"rendered":"<p><span style=\"font-size: 80%;\">Fecha publicaci\u00f3n: Agosto 2007<\/span><\/p>\n<p><span style=\"font-size: 80%;\">ISBN: 978-956-310-785-2<\/span><\/p>\n<p><span style=\"font-size: 80%;\">P\u00e1ginas: 118<\/span><\/p>\n<p><span style=\"font-size: 80%;\">Formato: 13.5 x 10.5 cms.<\/span><\/p>\n","protected":false},"featured_media":384,"comment_status":"open","ping_status":"closed","template":"","meta":[],"product_brand":[],"product_cat":[70],"product_tag":[],"class_list":{"0":"post-381","1":"product","2":"type-product","3":"status-publish","4":"has-post-thumbnail","6":"product_cat-coleccion-literatura-regional","8":"first","9":"outofstock","10":"taxable","11":"shipping-taxable","12":"purchasable","13":"product-type-simple"},"_links":{"self":[{"href":"https:\/\/ppediciones.cl\/index.php?rest_route=\/wp\/v2\/product\/381","targetHints":{"allow":["GET"]}}],"collection":[{"href":"https:\/\/ppediciones.cl\/index.php?rest_route=\/wp\/v2\/product"}],"about":[{"href":"https:\/\/ppediciones.cl\/index.php?rest_route=\/wp\/v2\/types\/product"}],"replies":[{"embeddable":true,"href":"https:\/\/ppediciones.cl\/index.php?rest_route=%2Fwp%2Fv2%2Fcomments&post=381"}],"wp:featuredmedia":[{"embeddable":true,"href":"https:\/\/ppediciones.cl\/index.php?rest_route=\/wp\/v2\/media\/384"}],"wp:attachment":[{"href":"https:\/\/ppediciones.cl\/index.php?rest_route=%2Fwp%2Fv2%2Fmedia&parent=381"}],"wp:term":[{"taxonomy":"product_brand","embeddable":true,"href":"https:\/\/ppediciones.cl\/index.php?rest_route=%2Fwp%2Fv2%2Fproduct_brand&post=381"},{"taxonomy":"product_cat","embeddable":true,"href":"https:\/\/ppediciones.cl\/index.php?rest_route=%2Fwp%2Fv2%2Fproduct_cat&post=381"},{"taxonomy":"product_tag","embeddable":true,"href":"https:\/\/ppediciones.cl\/index.php?rest_route=%2Fwp%2Fv2%2Fproduct_tag&post=381"}],"curies":[{"name":"wp","href":"https:\/\/api.w.org\/{rel}","templated":true}]}}