{"id":382,"date":"2019-01-20T15:02:54","date_gmt":"2019-01-20T15:02:54","guid":{"rendered":"http:\/\/ppediciones.cl\/?post_type=product&#038;p=382"},"modified":"2025-04-13T10:17:39","modified_gmt":"2025-04-13T10:17:39","slug":"tomo-3-septiembre-viene-cantando-fernando-jiron-duran","status":"publish","type":"product","link":"https:\/\/ppediciones.cl\/?product=tomo-3-septiembre-viene-cantando-fernando-jiron-duran","title":{"rendered":"TOMO 3 | Septiembre viene cantando &#8211; Fernando Jir\u00f3n Dur\u00e1n"},"content":{"rendered":"<p>Fernando Jir\u00f3n Dur\u00e1n, naci\u00f3 el primero de septiembre de 1954, y desde entonces que vive en el Fundo Las Mercedes de la Comuna de Requinoa. Su poes\u00eda lo describe de la siguiente manera: &#8220;Soy campesino de fama\/ huaso humilde payador\/ yo le canto a mi naci\u00f3n\/ con verso, brindis y payas\/ pa&#8217; mi la vida es papaya\/ cuando me pongo a brindar\/ tambi\u00e9n para improvisar\/ yo me tengo por pulento\/ ante ustedes\u00a0me presento\/ yo soy Fernando El Zorzal.<br \/>\nEn esta ocasi\u00f3n nos presenta SEPTIEMBRE VIENE CANTANDO, una recopilaci\u00f3n de sus dos obras editadas: &#8220;Mergando con el Huaso Jir\u00f3n (2003)&#8221;, y &#8220;Yo soy el Huaso Jir\u00f3n (2007)&#8221;, con las que junto a su programa radial &#8220;Simplemente Chile&#8221; (domingo a domingo en radio Bravo de Rengo 106.7), intenta &#8220;dar a conocer a\u00fan m\u00e1s las ra\u00edces de nuestro pa\u00eds para que nunca queden en el olvido&#8221;.<\/p>\n<p>&nbsp;<\/p>\n<p>&nbsp;<\/p>\n","protected":false},"excerpt":{"rendered":"<p><span style=\"font-size: 80%;\">Fecha publicaci\u00f3n:<\/span><\/p>\n<p><span style=\"font-size: 80%;\">ISBN:<\/span><\/p>\n<p><span style=\"font-size: 80%;\">P\u00e1ginas:<\/span><\/p>\n<p><span style=\"font-size: 80%;\">Formato: 13.5 x 10.5 cms.<\/span><\/p>\n","protected":false},"featured_media":383,"comment_status":"open","ping_status":"closed","template":"","meta":[],"product_brand":[],"product_cat":[70],"product_tag":[],"class_list":{"0":"post-382","1":"product","2":"type-product","3":"status-publish","4":"has-post-thumbnail","6":"product_cat-coleccion-literatura-regional","8":"first","9":"outofstock","10":"taxable","11":"shipping-taxable","12":"purchasable","13":"product-type-simple"},"_links":{"self":[{"href":"https:\/\/ppediciones.cl\/index.php?rest_route=\/wp\/v2\/product\/382","targetHints":{"allow":["GET"]}}],"collection":[{"href":"https:\/\/ppediciones.cl\/index.php?rest_route=\/wp\/v2\/product"}],"about":[{"href":"https:\/\/ppediciones.cl\/index.php?rest_route=\/wp\/v2\/types\/product"}],"replies":[{"embeddable":true,"href":"https:\/\/ppediciones.cl\/index.php?rest_route=%2Fwp%2Fv2%2Fcomments&post=382"}],"wp:featuredmedia":[{"embeddable":true,"href":"https:\/\/ppediciones.cl\/index.php?rest_route=\/wp\/v2\/media\/383"}],"wp:attachment":[{"href":"https:\/\/ppediciones.cl\/index.php?rest_route=%2Fwp%2Fv2%2Fmedia&parent=382"}],"wp:term":[{"taxonomy":"product_brand","embeddable":true,"href":"https:\/\/ppediciones.cl\/index.php?rest_route=%2Fwp%2Fv2%2Fproduct_brand&post=382"},{"taxonomy":"product_cat","embeddable":true,"href":"https:\/\/ppediciones.cl\/index.php?rest_route=%2Fwp%2Fv2%2Fproduct_cat&post=382"},{"taxonomy":"product_tag","embeddable":true,"href":"https:\/\/ppediciones.cl\/index.php?rest_route=%2Fwp%2Fv2%2Fproduct_tag&post=382"}],"curies":[{"name":"wp","href":"https:\/\/api.w.org\/{rel}","templated":true}]}}