{"id":385,"date":"2019-01-20T15:09:10","date_gmt":"2019-01-20T15:09:10","guid":{"rendered":"http:\/\/ppediciones.cl\/?post_type=product&#038;p=385"},"modified":"2021-05-05T03:31:50","modified_gmt":"2021-05-05T03:31:50","slug":"tomo-4-esquina-silenciosa-angela-barrera-cordonez","status":"publish","type":"product","link":"https:\/\/ppediciones.cl\/?product=tomo-4-esquina-silenciosa-angela-barrera-cordonez","title":{"rendered":"TOMO 4 | Esquina Silenciosa &#8211; \u00c1ngela Barrera Cordonez"},"content":{"rendered":"<p>La vida de \u00c1ngela Barrera Cordonez (59), es producto de las serie de esquinas que ha debido sortear a trav\u00e9s de la existencia. Ellas est\u00e1n presentes, las ha atesorado, disfrutado, les han entregado verdaderas clases magistrales, en ellas ha llorado, re\u00eddo, so\u00f1ado y lo m\u00e1s productivo es que han sido motivos de inspiraci\u00f3n de su prosa po\u00e9tica condensada en diez publicaciones anteriores, en Antolog\u00edas de circulaci\u00f3n nacional e internacional, en entrevistas y diariamente en las p\u00e1ginas de internet.<\/p>\n<p>&nbsp;<\/p>\n","protected":false},"excerpt":{"rendered":"<p><span style=\"font-size: 80%;\">Fecha publicaci\u00f3n: Octubre 2007<\/span><\/p>\n<p><span style=\"font-size: 80%;\">ISBN: 978-956-310-876-7<\/span><\/p>\n<p><span style=\"font-size: 80%;\">P\u00e1ginas: 118<\/span><\/p>\n<p><span style=\"font-size: 80%;\">Formato: 13.5 x 10.5 cms.<\/span><\/p>\n","protected":false},"featured_media":387,"comment_status":"open","ping_status":"closed","template":"","meta":[],"product_brand":[],"product_cat":[70],"product_tag":[],"class_list":{"0":"post-385","1":"product","2":"type-product","3":"status-publish","4":"has-post-thumbnail","6":"product_cat-coleccion-literatura-regional","8":"first","9":"outofstock","10":"taxable","11":"shipping-taxable","12":"purchasable","13":"product-type-simple"},"_links":{"self":[{"href":"https:\/\/ppediciones.cl\/index.php?rest_route=\/wp\/v2\/product\/385","targetHints":{"allow":["GET"]}}],"collection":[{"href":"https:\/\/ppediciones.cl\/index.php?rest_route=\/wp\/v2\/product"}],"about":[{"href":"https:\/\/ppediciones.cl\/index.php?rest_route=\/wp\/v2\/types\/product"}],"replies":[{"embeddable":true,"href":"https:\/\/ppediciones.cl\/index.php?rest_route=%2Fwp%2Fv2%2Fcomments&post=385"}],"wp:featuredmedia":[{"embeddable":true,"href":"https:\/\/ppediciones.cl\/index.php?rest_route=\/wp\/v2\/media\/387"}],"wp:attachment":[{"href":"https:\/\/ppediciones.cl\/index.php?rest_route=%2Fwp%2Fv2%2Fmedia&parent=385"}],"wp:term":[{"taxonomy":"product_brand","embeddable":true,"href":"https:\/\/ppediciones.cl\/index.php?rest_route=%2Fwp%2Fv2%2Fproduct_brand&post=385"},{"taxonomy":"product_cat","embeddable":true,"href":"https:\/\/ppediciones.cl\/index.php?rest_route=%2Fwp%2Fv2%2Fproduct_cat&post=385"},{"taxonomy":"product_tag","embeddable":true,"href":"https:\/\/ppediciones.cl\/index.php?rest_route=%2Fwp%2Fv2%2Fproduct_tag&post=385"}],"curies":[{"name":"wp","href":"https:\/\/api.w.org\/{rel}","templated":true}]}}