{"id":386,"date":"2019-01-20T15:18:21","date_gmt":"2019-01-20T15:18:21","guid":{"rendered":"http:\/\/ppediciones.cl\/?post_type=product&#038;p=386"},"modified":"2024-08-02T19:48:22","modified_gmt":"2024-08-02T19:48:22","slug":"tomo-5-pichilemu-blues-esteban-valenzuela-van-treek","status":"publish","type":"product","link":"https:\/\/ppediciones.cl\/?product=tomo-5-pichilemu-blues-esteban-valenzuela-van-treek","title":{"rendered":"TOMO 5 | Pichilemu Blues &#8211; Esteban Valenzuela van Treek"},"content":{"rendered":"<p>Esteban Valenzuela Van Treek, periodista, escritor y diputado (Rancagua,1964) ha publicado una decena de libros, entre los cuales destacan las novelas &#8220;Matilde Espera carta de Alemania&#8221; y &#8220;Soborno Sour&#8221;, junto a los ensayos &#8220;C\u00f3mo ganarle a la rabia&#8221;, &#8220;Alegato Hist\u00f3rico Regionalista&#8221; y &#8220;El Fantasma Federal&#8221;<\/p>\n<p>Hoy nos presenta la tercera edici\u00f3n de \u201cPichilemu Blues\u201d. En esta novela, el principal balneario de O\u00b4Higgins es escenario del amor inici\u00e1tico de Sebasti\u00e1n hacia Marusela, la joven musa que remeci\u00f3 a una generaci\u00f3n de veraneantes en los a\u00f1os 70s. El miedo a declarar el amor, la lucha por la autenticidad, la libertad que se viv\u00eda en un pa\u00eds polarizado en 1973, son t\u00f3picos de esta obra premiada por Editorial Los Andes en 1993, y que el escritor Enrique Lafourcade calific\u00f3 como &#8220;la Palomita Blanca de los 90s&#8221;.<\/p>\n<p>&nbsp;<\/p>\n","protected":false},"excerpt":{"rendered":"<p><span style=\"font-size: 80%;\">Fecha publicaci\u00f3n:<\/span><\/p>\n<p><span style=\"font-size: 80%;\">ISBN:<\/span><\/p>\n<p><span style=\"font-size: 80%;\">P\u00e1ginas:<\/span><\/p>\n<p><span style=\"font-size: 80%;\">Formato: 13.5 x 10.5 cms.<\/span><\/p>\n","protected":false},"featured_media":388,"comment_status":"open","ping_status":"closed","template":"","meta":[],"product_brand":[],"product_cat":[70],"product_tag":[],"class_list":{"0":"post-386","1":"product","2":"type-product","3":"status-publish","4":"has-post-thumbnail","6":"product_cat-coleccion-literatura-regional","8":"first","9":"outofstock","10":"taxable","11":"shipping-taxable","12":"purchasable","13":"product-type-simple"},"_links":{"self":[{"href":"https:\/\/ppediciones.cl\/index.php?rest_route=\/wp\/v2\/product\/386","targetHints":{"allow":["GET"]}}],"collection":[{"href":"https:\/\/ppediciones.cl\/index.php?rest_route=\/wp\/v2\/product"}],"about":[{"href":"https:\/\/ppediciones.cl\/index.php?rest_route=\/wp\/v2\/types\/product"}],"replies":[{"embeddable":true,"href":"https:\/\/ppediciones.cl\/index.php?rest_route=%2Fwp%2Fv2%2Fcomments&post=386"}],"wp:featuredmedia":[{"embeddable":true,"href":"https:\/\/ppediciones.cl\/index.php?rest_route=\/wp\/v2\/media\/388"}],"wp:attachment":[{"href":"https:\/\/ppediciones.cl\/index.php?rest_route=%2Fwp%2Fv2%2Fmedia&parent=386"}],"wp:term":[{"taxonomy":"product_brand","embeddable":true,"href":"https:\/\/ppediciones.cl\/index.php?rest_route=%2Fwp%2Fv2%2Fproduct_brand&post=386"},{"taxonomy":"product_cat","embeddable":true,"href":"https:\/\/ppediciones.cl\/index.php?rest_route=%2Fwp%2Fv2%2Fproduct_cat&post=386"},{"taxonomy":"product_tag","embeddable":true,"href":"https:\/\/ppediciones.cl\/index.php?rest_route=%2Fwp%2Fv2%2Fproduct_tag&post=386"}],"curies":[{"name":"wp","href":"https:\/\/api.w.org\/{rel}","templated":true}]}}