{"id":389,"date":"2019-01-20T15:23:29","date_gmt":"2019-01-20T15:23:29","guid":{"rendered":"http:\/\/ppediciones.cl\/?post_type=product&#038;p=389"},"modified":"2021-05-05T03:31:20","modified_gmt":"2021-05-05T03:31:20","slug":"tomo-6-hierofanias-oscar-ulloa-arevalo","status":"publish","type":"product","link":"https:\/\/ppediciones.cl\/?product=tomo-6-hierofanias-oscar-ulloa-arevalo","title":{"rendered":"TOMO 6 | Hierofan\u00edas &#8211; Oscar Ulloa Ar\u00e9valo"},"content":{"rendered":"<p>Oskar Ulloa Ar\u00e9valo fue un pirata iluminado en otra vida, un mercenario melanc\u00f3lico, un charlat\u00e1n y un sacerdote, entre otros. En su vida actual oficia como educador en una c\u00e1rcel de \u00a0menores.<\/p>\n<p>De profesi\u00f3n periodista y poeta de coraz\u00f3n, escribe desde los 13 a\u00f1os.<br \/>\nSu libro Hierofan\u00edas poetiza impl\u00edcitamente el tr\u00e1nsito de la oscuridad a la luz, de la confusi\u00f3n y la locura a la sabidur\u00eda y la felicidad verdadera.<\/p>\n<p>&nbsp;<\/p>\n","protected":false},"excerpt":{"rendered":"<p><span style=\"font-size: 80%;\">Fecha publicaci\u00f3n:<\/span><\/p>\n<p><span style=\"font-size: 80%;\">ISBN:<\/span><\/p>\n<p><span style=\"font-size: 80%;\">P\u00e1ginas:<\/span><\/p>\n<p><span style=\"font-size: 80%;\">Formato: 13.5 x 10.5 cms.<\/span><\/p>\n","protected":false},"featured_media":390,"comment_status":"open","ping_status":"closed","template":"","meta":[],"product_brand":[],"product_cat":[70],"product_tag":[],"class_list":{"0":"post-389","1":"product","2":"type-product","3":"status-publish","4":"has-post-thumbnail","6":"product_cat-coleccion-literatura-regional","8":"first","9":"outofstock","10":"taxable","11":"shipping-taxable","12":"purchasable","13":"product-type-simple"},"_links":{"self":[{"href":"https:\/\/ppediciones.cl\/index.php?rest_route=\/wp\/v2\/product\/389","targetHints":{"allow":["GET"]}}],"collection":[{"href":"https:\/\/ppediciones.cl\/index.php?rest_route=\/wp\/v2\/product"}],"about":[{"href":"https:\/\/ppediciones.cl\/index.php?rest_route=\/wp\/v2\/types\/product"}],"replies":[{"embeddable":true,"href":"https:\/\/ppediciones.cl\/index.php?rest_route=%2Fwp%2Fv2%2Fcomments&post=389"}],"wp:featuredmedia":[{"embeddable":true,"href":"https:\/\/ppediciones.cl\/index.php?rest_route=\/wp\/v2\/media\/390"}],"wp:attachment":[{"href":"https:\/\/ppediciones.cl\/index.php?rest_route=%2Fwp%2Fv2%2Fmedia&parent=389"}],"wp:term":[{"taxonomy":"product_brand","embeddable":true,"href":"https:\/\/ppediciones.cl\/index.php?rest_route=%2Fwp%2Fv2%2Fproduct_brand&post=389"},{"taxonomy":"product_cat","embeddable":true,"href":"https:\/\/ppediciones.cl\/index.php?rest_route=%2Fwp%2Fv2%2Fproduct_cat&post=389"},{"taxonomy":"product_tag","embeddable":true,"href":"https:\/\/ppediciones.cl\/index.php?rest_route=%2Fwp%2Fv2%2Fproduct_tag&post=389"}],"curies":[{"name":"wp","href":"https:\/\/api.w.org\/{rel}","templated":true}]}}