{"id":391,"date":"2019-01-20T15:24:57","date_gmt":"2019-01-20T15:24:57","guid":{"rendered":"http:\/\/ppediciones.cl\/?post_type=product&#038;p=391"},"modified":"2021-05-05T03:31:05","modified_gmt":"2021-05-05T03:31:05","slug":"tomo-7-cuentos-pablo-carvajal","status":"publish","type":"product","link":"https:\/\/ppediciones.cl\/?product=tomo-7-cuentos-pablo-carvajal","title":{"rendered":"TOMO 7 | Cuentos &#8211; Pablo Carvajal"},"content":{"rendered":"<p>Pablo Carvajal, artista y psic\u00f3logo que ha desarrollado una l\u00ednea de trabajo en el \u00e1mbito de la Educaci\u00f3n a trav\u00e9s del Arte. En poes\u00eda ha publicado El montaje imposible (Rancagua,2001) y el audio libro Puta Poes\u00eda (Santiago,2004). Aparece en antolog\u00edas tales como Cuatro Cuartetos: cuatro poetas recientes de Chile (Buenos Aires, 2005), LatinLog (Berlin, 2006), Cinco poetas de Rancagua (Rancagua, 2007) y El lugar de la memoria (santiago, 2007).<\/p>\n<p>Cuentos fue escrito en los noventa, \u00e9poca de descubrimientos<br \/>\npersonales y art\u00edsticos, autodidactas y colectivos.<\/p>\n","protected":false},"excerpt":{"rendered":"<p><span style=\"font-size: 80%;\">Fecha publicaci\u00f3n: Enero 2008<\/span><\/p>\n<p><span style=\"font-size: 80%;\">ISBN: 978-956-319-083-0<\/span><\/p>\n<p><span style=\"font-size: 80%;\">P\u00e1ginas: 134<\/span><\/p>\n<p><span style=\"font-size: 80%;\">Formato: 13.5 x 10.5 cms.<\/span><\/p>\n","protected":false},"featured_media":392,"comment_status":"open","ping_status":"closed","template":"","meta":[],"product_brand":[],"product_cat":[70],"product_tag":[],"class_list":{"0":"post-391","1":"product","2":"type-product","3":"status-publish","4":"has-post-thumbnail","6":"product_cat-coleccion-literatura-regional","8":"first","9":"outofstock","10":"taxable","11":"shipping-taxable","12":"purchasable","13":"product-type-simple"},"_links":{"self":[{"href":"https:\/\/ppediciones.cl\/index.php?rest_route=\/wp\/v2\/product\/391","targetHints":{"allow":["GET"]}}],"collection":[{"href":"https:\/\/ppediciones.cl\/index.php?rest_route=\/wp\/v2\/product"}],"about":[{"href":"https:\/\/ppediciones.cl\/index.php?rest_route=\/wp\/v2\/types\/product"}],"replies":[{"embeddable":true,"href":"https:\/\/ppediciones.cl\/index.php?rest_route=%2Fwp%2Fv2%2Fcomments&post=391"}],"wp:featuredmedia":[{"embeddable":true,"href":"https:\/\/ppediciones.cl\/index.php?rest_route=\/wp\/v2\/media\/392"}],"wp:attachment":[{"href":"https:\/\/ppediciones.cl\/index.php?rest_route=%2Fwp%2Fv2%2Fmedia&parent=391"}],"wp:term":[{"taxonomy":"product_brand","embeddable":true,"href":"https:\/\/ppediciones.cl\/index.php?rest_route=%2Fwp%2Fv2%2Fproduct_brand&post=391"},{"taxonomy":"product_cat","embeddable":true,"href":"https:\/\/ppediciones.cl\/index.php?rest_route=%2Fwp%2Fv2%2Fproduct_cat&post=391"},{"taxonomy":"product_tag","embeddable":true,"href":"https:\/\/ppediciones.cl\/index.php?rest_route=%2Fwp%2Fv2%2Fproduct_tag&post=391"}],"curies":[{"name":"wp","href":"https:\/\/api.w.org\/{rel}","templated":true}]}}