{"id":393,"date":"2019-01-20T15:26:00","date_gmt":"2019-01-20T15:26:00","guid":{"rendered":"http:\/\/ppediciones.cl\/?post_type=product&#038;p=393"},"modified":"2021-05-05T03:30:56","modified_gmt":"2021-05-05T03:30:56","slug":"tomo-8-la-vela-del-navio-alejandro-caballero-salas","status":"publish","type":"product","link":"https:\/\/ppediciones.cl\/?product=tomo-8-la-vela-del-navio-alejandro-caballero-salas","title":{"rendered":"TOMO 8 | La vela del nav\u00edo &#8211; Alejandro Caballero Salas"},"content":{"rendered":"<p>Alejandro Caballero Salas naci\u00f3 en Rancagua el a\u00f1o 1977. Al terminar sus estudios superiores en la Universidad T\u00e9cnica Federico Santa Mar\u00eda, se desempe\u00f1\u00f3 en diversos trabajos hasta que cofund\u00f3 Casal Software Solutions, empresa de desarrollo de soluciones inform\u00e1ticas.\u00a0Actualmente se desempe\u00f1a como Software Developer para Business News Americas, empresa l\u00edder en informaci\u00f3n de negocios de America Latina.<\/p>\n<p>La Vela del Nav\u00edo fue escrita durante los \u00faltimos meses de 1997 y los primeros de 1998, y es la \u00fanica sobreviviente de sus primeros escritos. De ella el autor ha dicho \u201cEs una novela que quiero fundamentalmente por sus defectos, porque no fue escrita con la raz\u00f3n sino con el coraz\u00f3n\u201d.<\/p>\n","protected":false},"excerpt":{"rendered":"<p><span style=\"font-size: 80%;\">Fecha publicaci\u00f3n: Febrero 2008<\/span><\/p>\n<p><span style=\"font-size: 80%;\">ISBN: 978-956-319-130-1<\/span><\/p>\n<p><span style=\"font-size: 80%;\">P\u00e1ginas: 352<\/span><\/p>\n<p><span style=\"font-size: 80%;\">Formato: 13.5 x 10.5 cms.<\/span><\/p>\n","protected":false},"featured_media":394,"comment_status":"open","ping_status":"closed","template":"","meta":[],"product_brand":[],"product_cat":[70],"product_tag":[],"class_list":{"0":"post-393","1":"product","2":"type-product","3":"status-publish","4":"has-post-thumbnail","6":"product_cat-coleccion-literatura-regional","8":"first","9":"outofstock","10":"taxable","11":"shipping-taxable","12":"purchasable","13":"product-type-simple"},"_links":{"self":[{"href":"https:\/\/ppediciones.cl\/index.php?rest_route=\/wp\/v2\/product\/393","targetHints":{"allow":["GET"]}}],"collection":[{"href":"https:\/\/ppediciones.cl\/index.php?rest_route=\/wp\/v2\/product"}],"about":[{"href":"https:\/\/ppediciones.cl\/index.php?rest_route=\/wp\/v2\/types\/product"}],"replies":[{"embeddable":true,"href":"https:\/\/ppediciones.cl\/index.php?rest_route=%2Fwp%2Fv2%2Fcomments&post=393"}],"wp:featuredmedia":[{"embeddable":true,"href":"https:\/\/ppediciones.cl\/index.php?rest_route=\/wp\/v2\/media\/394"}],"wp:attachment":[{"href":"https:\/\/ppediciones.cl\/index.php?rest_route=%2Fwp%2Fv2%2Fmedia&parent=393"}],"wp:term":[{"taxonomy":"product_brand","embeddable":true,"href":"https:\/\/ppediciones.cl\/index.php?rest_route=%2Fwp%2Fv2%2Fproduct_brand&post=393"},{"taxonomy":"product_cat","embeddable":true,"href":"https:\/\/ppediciones.cl\/index.php?rest_route=%2Fwp%2Fv2%2Fproduct_cat&post=393"},{"taxonomy":"product_tag","embeddable":true,"href":"https:\/\/ppediciones.cl\/index.php?rest_route=%2Fwp%2Fv2%2Fproduct_tag&post=393"}],"curies":[{"name":"wp","href":"https:\/\/api.w.org\/{rel}","templated":true}]}}