{"id":395,"date":"2019-01-20T15:27:13","date_gmt":"2019-01-20T15:27:13","guid":{"rendered":"http:\/\/ppediciones.cl\/?post_type=product&#038;p=395"},"modified":"2021-05-05T03:30:45","modified_gmt":"2021-05-05T03:30:45","slug":"tomo-9-pavadas-antologia-poetica-2001-2008-pavito","status":"publish","type":"product","link":"https:\/\/ppediciones.cl\/?product=tomo-9-pavadas-antologia-poetica-2001-2008-pavito","title":{"rendered":"TOMO 9 | PaVaDas (antolog\u00eda po\u00e9tica 2001 &#8211; 2008) &#8211; PaViTo"},"content":{"rendered":"<p>PaViTo (Rancagua &#8211; 1978), es escritor, editor y gestor cultural. Ha publicado ocho libros de poes\u00eda y uno de cuentos, todos ellos editados por Primeros Pasos Ediciones, editorial que el mismo cre\u00f3 hace 6 a\u00f1os y con la cual ha publicado casi un centenar de obras de autores emergentes y de basta trayectoria de la regi\u00f3n de O\u2019Higgins y de otros lugares de Chile.<br \/>\nCon Pavadas (antolog\u00eda po\u00e9tica 1999 &#8211; 2008), intenta rescatar gran parte de su poes\u00eda, estilos, formas y modos de pensar, que han estado presente desde sus inicios en su afici\u00f3n de escribir y en el intento de tener una postura propia frente a la realidad cotidiana.<\/p>\n","protected":false},"excerpt":{"rendered":"<p><span style=\"font-size: 80%;\">Fecha publicaci\u00f3n: Marzo 2008<\/span><\/p>\n<p><span style=\"font-size: 80%;\">ISBN: 978-956-319-165-3<\/span><\/p>\n<p><span style=\"font-size: 80%;\">P\u00e1ginas: 144<\/span><\/p>\n<p><span style=\"font-size: 80%;\">Formato: 13.5 x 10.5 cms.<\/span><\/p>\n","protected":false},"featured_media":396,"comment_status":"open","ping_status":"closed","template":"","meta":[],"product_brand":[],"product_cat":[70],"product_tag":[],"class_list":{"0":"post-395","1":"product","2":"type-product","3":"status-publish","4":"has-post-thumbnail","6":"product_cat-coleccion-literatura-regional","8":"first","9":"outofstock","10":"taxable","11":"shipping-taxable","12":"purchasable","13":"product-type-simple"},"_links":{"self":[{"href":"https:\/\/ppediciones.cl\/index.php?rest_route=\/wp\/v2\/product\/395","targetHints":{"allow":["GET"]}}],"collection":[{"href":"https:\/\/ppediciones.cl\/index.php?rest_route=\/wp\/v2\/product"}],"about":[{"href":"https:\/\/ppediciones.cl\/index.php?rest_route=\/wp\/v2\/types\/product"}],"replies":[{"embeddable":true,"href":"https:\/\/ppediciones.cl\/index.php?rest_route=%2Fwp%2Fv2%2Fcomments&post=395"}],"wp:featuredmedia":[{"embeddable":true,"href":"https:\/\/ppediciones.cl\/index.php?rest_route=\/wp\/v2\/media\/396"}],"wp:attachment":[{"href":"https:\/\/ppediciones.cl\/index.php?rest_route=%2Fwp%2Fv2%2Fmedia&parent=395"}],"wp:term":[{"taxonomy":"product_brand","embeddable":true,"href":"https:\/\/ppediciones.cl\/index.php?rest_route=%2Fwp%2Fv2%2Fproduct_brand&post=395"},{"taxonomy":"product_cat","embeddable":true,"href":"https:\/\/ppediciones.cl\/index.php?rest_route=%2Fwp%2Fv2%2Fproduct_cat&post=395"},{"taxonomy":"product_tag","embeddable":true,"href":"https:\/\/ppediciones.cl\/index.php?rest_route=%2Fwp%2Fv2%2Fproduct_tag&post=395"}],"curies":[{"name":"wp","href":"https:\/\/api.w.org\/{rel}","templated":true}]}}