{"id":401,"date":"2019-01-20T15:31:29","date_gmt":"2019-01-20T15:31:29","guid":{"rendered":"http:\/\/ppediciones.cl\/?post_type=product&#038;p=401"},"modified":"2022-06-24T01:08:16","modified_gmt":"2022-06-24T01:08:16","slug":"tomo-12-no-tu-eduardo-arenas-rodriguez","status":"publish","type":"product","link":"https:\/\/ppediciones.cl\/?product=tomo-12-no-tu-eduardo-arenas-rodriguez","title":{"rendered":"TOMO 12 | No t\u00fa &#8211; Eduardo Arenas Rodr\u00edguez"},"content":{"rendered":"<p>Eduardo A. Arenas Rodr\u00edguez, Hijo, Esposo y Padre de tres hermosos presentes. Poeta o Dise\u00f1ador Industrial, Constructor Civ\u00edl o Tasador. El ser y sus circunstancias.<br \/>\n\u201cCabalgar de d\u00eda, cabalgar de noche, cabalgar de d\u00eda&#8230;\u201d Ha publicado en diversos medios de difusi\u00f3n local, siendo \u00e9sta su primera reuni\u00f3n de versos m\u00e1s extensa.<br \/>\nNo T\u00fa, no es. La poes\u00eda sabe que no es. Los versos esperan los labios y\u00a0el gesto que los arroje a la intemperie. Eso los sostiene vivos. Los versos se incendian cuando se les propone el modo de sus alas.<\/p>\n<p>Esta expresi\u00f3n no es m\u00e1s que el eco de un impulso anterior, del que permanece una estela. Entonces la invitaci\u00f3n es a entrar en\u00a0simpat\u00eda de amores con este naufragio, en este suspiro.<br \/>\nEs desde ah\u00ed donde surge esta aventura de permanentes encuentros, de tanto \u201cir hacia ti\u201d.<\/p>\n","protected":false},"excerpt":{"rendered":"<p><span style=\"font-size: 80%;\">Fecha publicaci\u00f3n: Junio 2008<\/span><\/p>\n<p><span style=\"font-size: 80%;\">ISBN: 978-956-319-332-9<\/span><\/p>\n<p><span style=\"font-size: 80%;\">P\u00e1ginas: 114<\/span><\/p>\n<p><span style=\"font-size: 80%;\">Formato: 13.5 x 10.5 cms.<\/span><\/p>\n","protected":false},"featured_media":402,"comment_status":"open","ping_status":"closed","template":"","meta":[],"product_brand":[],"product_cat":[70],"product_tag":[],"class_list":{"0":"post-401","1":"product","2":"type-product","3":"status-publish","4":"has-post-thumbnail","6":"product_cat-coleccion-literatura-regional","8":"first","9":"instock","10":"taxable","11":"shipping-taxable","12":"purchasable","13":"product-type-simple"},"_links":{"self":[{"href":"https:\/\/ppediciones.cl\/index.php?rest_route=\/wp\/v2\/product\/401","targetHints":{"allow":["GET"]}}],"collection":[{"href":"https:\/\/ppediciones.cl\/index.php?rest_route=\/wp\/v2\/product"}],"about":[{"href":"https:\/\/ppediciones.cl\/index.php?rest_route=\/wp\/v2\/types\/product"}],"replies":[{"embeddable":true,"href":"https:\/\/ppediciones.cl\/index.php?rest_route=%2Fwp%2Fv2%2Fcomments&post=401"}],"wp:featuredmedia":[{"embeddable":true,"href":"https:\/\/ppediciones.cl\/index.php?rest_route=\/wp\/v2\/media\/402"}],"wp:attachment":[{"href":"https:\/\/ppediciones.cl\/index.php?rest_route=%2Fwp%2Fv2%2Fmedia&parent=401"}],"wp:term":[{"taxonomy":"product_brand","embeddable":true,"href":"https:\/\/ppediciones.cl\/index.php?rest_route=%2Fwp%2Fv2%2Fproduct_brand&post=401"},{"taxonomy":"product_cat","embeddable":true,"href":"https:\/\/ppediciones.cl\/index.php?rest_route=%2Fwp%2Fv2%2Fproduct_cat&post=401"},{"taxonomy":"product_tag","embeddable":true,"href":"https:\/\/ppediciones.cl\/index.php?rest_route=%2Fwp%2Fv2%2Fproduct_tag&post=401"}],"curies":[{"name":"wp","href":"https:\/\/api.w.org\/{rel}","templated":true}]}}