{"id":428,"date":"2019-02-11T14:18:48","date_gmt":"2019-02-11T14:18:48","guid":{"rendered":"http:\/\/ppediciones.cl\/?post_type=product&#038;p=428"},"modified":"2023-07-31T20:19:46","modified_gmt":"2023-07-31T20:19:46","slug":"tomo-7-post-migratorio-alejandra-guerra","status":"publish","type":"product","link":"https:\/\/ppediciones.cl\/?product=tomo-7-post-migratorio-alejandra-guerra","title":{"rendered":"TOMO 7 | Post &#8211; Migratorio &#8211; Alejandra Guerra"},"content":{"rendered":"<p><img loading=\"lazy\" decoding=\"async\" class=\"alignnone wp-image-431\" src=\"http:\/\/ppediciones.cl\/wp-content\/uploads\/2019\/02\/7-255x400.jpg\" alt=\"\" width=\"136\" height=\"213\" srcset=\"https:\/\/ppediciones.cl\/wp-content\/uploads\/2019\/02\/7-255x400.jpg 255w, https:\/\/ppediciones.cl\/wp-content\/uploads\/2019\/02\/7-768x1207.jpg 768w, https:\/\/ppediciones.cl\/wp-content\/uploads\/2019\/02\/7-509x800.jpg 509w, https:\/\/ppediciones.cl\/wp-content\/uploads\/2019\/02\/7-555x872.jpg 555w, https:\/\/ppediciones.cl\/wp-content\/uploads\/2019\/02\/7.jpg 1344w\" sizes=\"auto, (max-width: 136px) 100vw, 136px\" \/><\/p>\n<p>Alejandra Guerra Sep\u00falveda, nace en Rancagua el 10 de Enero de 1975. Desde muy ni\u00f1a, siente un gran inter\u00e9s por la poes\u00eda. Es as\u00ed como surgen sus primeros poemas cuando cursaba su educaci\u00f3n b\u00e1sica.<\/p>\n<p>En el a\u00f1o 2011, publica su primer libro \u201cEl Vuelo Hacia la Exactitud\u201d, obra dedicada a la memoria de su hijo Santiago. Durante ese mismo a\u00f1o, es invitada a participar en \u201cAutores de la Regi\u00f3n de O\u201dHiggins, tomo I de la Antolog\u00eda.<\/p>\n<p>Post \u2013 Migratorio explora las vivencias de la autora respecto a las migraciones humanas y de animales, como tambi\u00e9n da una mirada cr\u00edtica a la realidad social actual.<\/p>\n<p><span style=\"color: #ed1c24;\"><strong>(extracto)<\/strong><\/span><\/p>\n<p><strong>EL BARCO<\/strong><\/p>\n<p>&nbsp;<\/p>\n<p>Cada tri\u00e1ngulo<\/p>\n<p>uno junto al otro<\/p>\n<p>los puntos<\/p>\n<p>dos<\/p>\n<p>cuatro<\/p>\n<p>treinta<\/p>\n<p>al fin y al Cabo de Hornos<\/p>\n<p>batallando sin trompeta<\/p>\n<p>ni cuerda que asimile<\/p>\n<p>profundidad adherida<\/p>\n<p>a un plano de hielos milenarios.<\/p>\n<p>En un faro triste<\/p>\n<p>las l\u00e1grimas desembarcaron.<\/p>\n<p>&nbsp;<\/p>\n<p>&nbsp;<\/p>\n<p>&nbsp;<\/p>\n<p><strong>CRISIS DE P\u00c1NICO<\/strong><\/p>\n<p>&nbsp;<\/p>\n<p>Ahogado el aire de mi aire<\/p>\n<p>la inflamaci\u00f3n bordeando los espacios<\/p>\n<p>en que las cosas suben y bajan<\/p>\n<p>trep\u00e1ndome<\/p>\n<p>ara\u00f1\u00e1ndome<\/p>\n<p>cavando un laberinto<\/p>\n<p>en mi cabeza.<\/p>\n<p>Mirando como todos dicen<\/p>\n<p>ah\u00ed va con su hormigueo<\/p>\n<p>mientras resentida<\/p>\n<p>zurro, castigo al tiempo<\/p>\n<p>que necesito para llegar.<\/p>\n<p>&nbsp;<\/p>\n<p>C\u00f3mo llegar a m\u00ed misma<\/p>\n<p>es un gran laberinto de aire<\/p>\n<p>que entra y sale<\/p>\n<p>sin oxigenarse.<\/p>\n<p>&nbsp;<\/p>\n<p>C\u00f3mo llegar a m\u00ed misma<\/p>\n<p>fijando un punto atragantado<\/p>\n<p>en la medalla<\/p>\n<p>que cuelga en la pared<\/p>\n<p>de la pieza de mi hijo.<\/p>\n<p>&nbsp;<\/p>\n","protected":false},"excerpt":{"rendered":"<p><span style=\"font-size: 85%;\">Fecha publicaci\u00f3n: Marzo 2015<\/span><\/p>\n<p><span style=\"font-size: 85%;\">ISBN: 978-956-358-424-0<\/span><\/p>\n<p><span style=\"font-size: 85%;\">P\u00e1ginas: 92<\/span><\/p>\n<p><span style=\"font-size: 85%;\">Formato: 13.5 x 21.5 cms.<\/span><\/p>\n","protected":false},"featured_media":432,"comment_status":"open","ping_status":"closed","template":"","meta":[],"product_brand":[],"product_cat":[71],"product_tag":[],"class_list":{"0":"post-428","1":"product","2":"type-product","3":"status-publish","4":"has-post-thumbnail","6":"product_cat-coleccion-literatura-regional-2","8":"first","9":"instock","10":"taxable","11":"shipping-taxable","12":"purchasable","13":"product-type-simple"},"_links":{"self":[{"href":"https:\/\/ppediciones.cl\/index.php?rest_route=\/wp\/v2\/product\/428","targetHints":{"allow":["GET"]}}],"collection":[{"href":"https:\/\/ppediciones.cl\/index.php?rest_route=\/wp\/v2\/product"}],"about":[{"href":"https:\/\/ppediciones.cl\/index.php?rest_route=\/wp\/v2\/types\/product"}],"replies":[{"embeddable":true,"href":"https:\/\/ppediciones.cl\/index.php?rest_route=%2Fwp%2Fv2%2Fcomments&post=428"}],"wp:featuredmedia":[{"embeddable":true,"href":"https:\/\/ppediciones.cl\/index.php?rest_route=\/wp\/v2\/media\/432"}],"wp:attachment":[{"href":"https:\/\/ppediciones.cl\/index.php?rest_route=%2Fwp%2Fv2%2Fmedia&parent=428"}],"wp:term":[{"taxonomy":"product_brand","embeddable":true,"href":"https:\/\/ppediciones.cl\/index.php?rest_route=%2Fwp%2Fv2%2Fproduct_brand&post=428"},{"taxonomy":"product_cat","embeddable":true,"href":"https:\/\/ppediciones.cl\/index.php?rest_route=%2Fwp%2Fv2%2Fproduct_cat&post=428"},{"taxonomy":"product_tag","embeddable":true,"href":"https:\/\/ppediciones.cl\/index.php?rest_route=%2Fwp%2Fv2%2Fproduct_tag&post=428"}],"curies":[{"name":"wp","href":"https:\/\/api.w.org\/{rel}","templated":true}]}}