{"id":429,"date":"2019-02-11T14:18:59","date_gmt":"2019-02-11T14:18:59","guid":{"rendered":"http:\/\/ppediciones.cl\/?post_type=product&#038;p=429"},"modified":"2022-06-24T18:13:01","modified_gmt":"2022-06-24T18:13:01","slug":"tomo-5-el-encuentro-catherine-fieldouse-alarcon-2","status":"publish","type":"product","link":"https:\/\/ppediciones.cl\/?product=tomo-5-el-encuentro-catherine-fieldouse-alarcon-2","title":{"rendered":"TOMO 5 | El Encuentro &#8211; Catherine Fieldouse Alarc\u00f3n"},"content":{"rendered":"<p><img loading=\"lazy\" decoding=\"async\" class=\"alignnone wp-image-423\" src=\"http:\/\/ppediciones.cl\/wp-content\/uploads\/2019\/02\/5.jpg\" alt=\"\" width=\"129\" height=\"186\" \/><\/p>\n<p>Catherine Fieldhouse Alarc\u00f3n, oriunda de Osorno, crece en Rancagua. Estudia medicina en la Universidad de Chile, especializ\u00e1ndose en psiquiatr\u00eda. Madre de cuatro hijos, pertenece al grupo Sue\u00f1os de m\u00e9dicos poetas y al Grupo Los In\u00fatiles desde hace 16 a\u00f1os. Refiere que le gusta escribir, dibujar y pintar. Ha sido galardonada en importantes concursos y congresos literarios, entre los que destaca el segundo lugar en prosa en el concurso nacional de la revista Vida M\u00e9dica, con &#8220;La conmoci\u00f3n del cuero cabelludo&#8221;, en el a\u00f1o 2009; y el segundo lugar el a\u00f1o 2013 en el IX Congreso latinoamericano de M\u00e9dicos escritores realizado en Misiones, Argentina, con la obra &#8220;Entre el 10 y el 18 de septiembre&#8221;. El Encuentro, es su primera publicaci\u00f3n individual.<\/p>\n<p><span style=\"color: #ed1c24;\"><strong>(extracto)<\/strong><\/span><\/p>\n<p><strong>SOLEDAD (fragmento cuento)<\/strong><\/p>\n<p>Ya llevaba dos nudos en su pa\u00f1uelo de cuello. Hab\u00eda decidido apuntar as\u00ed la cuenta de los d\u00edas cada vez que sonara la alarma de su reloj de pulsera, para hacer algo. Amanec\u00eda, un nuevo pitido y un nuevo nudo, que palpaba en la obscuridad absoluta de esa cueva, en la que quedara atrapada tras el derrumbe.\u00a0Escuchaba el goteo constante de siempre, el que buscaba desde que sinti\u00f3 sed, sus dos botellas ya las hab\u00eda bebido y casi no hab\u00eda comido sabiendo que al metabolizar los alimentos requerir\u00eda de m\u00e1s agua. \u00bfD\u00f3nde estaban los dem\u00e1s? \u00bfLa estar\u00edan buscando? \u00bfYacer\u00edan muertos bajo las rocas? \u00bfEstar\u00edan igual que ella, perdidos en esta negrura absoluta buscando la salida? Tal vez ten\u00edan linterna, ella la ten\u00eda pero no se fij\u00f3 que las pilas que llevaba no le hac\u00edan&#8230; Se hab\u00eda extraviado de su punto de origen. \u00bfHabr\u00eda caminado solo unos metros o cientos? No ten\u00eda \u00a0como saberlo, por la ceguera que la apresaba, la dificultad para avanzar por el irregular terreno y las m\u00faltiples conexiones en la mina, que\u00a0Soledad\u00a0imaginaba ya, como un intrincado laberinto, una profusa colmena.<\/p>\n<p>Recordaba la traves\u00eda con su grupo por el meandro del r\u00edo en el ca\u00f1\u00f3n, la decisi\u00f3n de bajar al pique minero cuando lo descubriera la chispeante Antonella, tras una saliente, que Alejandro, que hac\u00eda de gu\u00eda, se rehusara y todos lo presionaran alegres. El \u00a0 descenso por una destartalada escalera, en que reverberaba la risa de Esteban mientras ayudaba a bajar a Constanza, la de la sonrisa lenta y prudente y, finalmente, Mauricio, que iba, como Alejandro, con una linterna, tan regio, al que las tres coqueteaban y \u00e9l se regalaba con todas indisciplinadamente a vista de cualquiera.<\/p>\n<p>Avanzaba buscando acercarse al sonido del goteo perpetuo. Ya repercut\u00eda llen\u00e1ndolo todo con su refrescante promesa.\u00a0Soledad\u00a0iba en silencio. Ya hab\u00eda llorado, gritado los nombres de los integrantes de su grupo, suplicado al cielo que recordaba tan azul, vuelto a repetir el ciclo y solo hab\u00eda respondido el r\u00edtmico goteo, con ecos, para confundirle la direcci\u00f3n a seguir, m\u00e1s ahora, sent\u00eda que se acercaba.<\/p>\n","protected":false},"excerpt":{"rendered":"<p><span style=\"font-size: 85%;\">Fecha publicaci\u00f3n: Enero 2015<\/span><\/p>\n<p><span style=\"font-size: 85%;\">ISBN: 978-956-358-377-9<\/span><\/p>\n<p><span style=\"font-size: 85%;\">P\u00e1ginas: 92<\/span><\/p>\n<p><span style=\"font-size: 85%;\">Formato: 13.5 x 21.5 cms.<\/span><\/p>\n","protected":false},"featured_media":424,"comment_status":"open","ping_status":"closed","template":"","meta":[],"product_brand":[],"product_cat":[71],"product_tag":[],"class_list":{"0":"post-429","1":"product","2":"type-product","3":"status-publish","4":"has-post-thumbnail","6":"product_cat-coleccion-literatura-regional-2","8":"first","9":"instock","10":"taxable","11":"shipping-taxable","12":"purchasable","13":"product-type-simple"},"_links":{"self":[{"href":"https:\/\/ppediciones.cl\/index.php?rest_route=\/wp\/v2\/product\/429","targetHints":{"allow":["GET"]}}],"collection":[{"href":"https:\/\/ppediciones.cl\/index.php?rest_route=\/wp\/v2\/product"}],"about":[{"href":"https:\/\/ppediciones.cl\/index.php?rest_route=\/wp\/v2\/types\/product"}],"replies":[{"embeddable":true,"href":"https:\/\/ppediciones.cl\/index.php?rest_route=%2Fwp%2Fv2%2Fcomments&post=429"}],"wp:featuredmedia":[{"embeddable":true,"href":"https:\/\/ppediciones.cl\/index.php?rest_route=\/wp\/v2\/media\/424"}],"wp:attachment":[{"href":"https:\/\/ppediciones.cl\/index.php?rest_route=%2Fwp%2Fv2%2Fmedia&parent=429"}],"wp:term":[{"taxonomy":"product_brand","embeddable":true,"href":"https:\/\/ppediciones.cl\/index.php?rest_route=%2Fwp%2Fv2%2Fproduct_brand&post=429"},{"taxonomy":"product_cat","embeddable":true,"href":"https:\/\/ppediciones.cl\/index.php?rest_route=%2Fwp%2Fv2%2Fproduct_cat&post=429"},{"taxonomy":"product_tag","embeddable":true,"href":"https:\/\/ppediciones.cl\/index.php?rest_route=%2Fwp%2Fv2%2Fproduct_tag&post=429"}],"curies":[{"name":"wp","href":"https:\/\/api.w.org\/{rel}","templated":true}]}}