{"id":436,"date":"2019-02-11T14:27:39","date_gmt":"2019-02-11T14:27:39","guid":{"rendered":"http:\/\/ppediciones.cl\/?post_type=product&#038;p=436"},"modified":"2022-06-24T18:11:48","modified_gmt":"2022-06-24T18:11:48","slug":"tomo-9-reencuentro-con-mi-valle-de-lagrimas-hector-cabana-gajardo","status":"publish","type":"product","link":"https:\/\/ppediciones.cl\/?product=tomo-9-reencuentro-con-mi-valle-de-lagrimas-hector-cabana-gajardo","title":{"rendered":"TOMO 9 | Reencuentro con mi valle de l\u00e1grimas &#8211; H\u00e9ctor Caba\u00f1a Gajardo"},"content":{"rendered":"<p><img loading=\"lazy\" decoding=\"async\" class=\"alignnone wp-image-438\" src=\"http:\/\/ppediciones.cl\/wp-content\/uploads\/2019\/02\/9-233x400.jpg\" alt=\"\" width=\"163\" height=\"280\" srcset=\"https:\/\/ppediciones.cl\/wp-content\/uploads\/2019\/02\/9-233x400.jpg 233w, https:\/\/ppediciones.cl\/wp-content\/uploads\/2019\/02\/9-768x1320.jpg 768w, https:\/\/ppediciones.cl\/wp-content\/uploads\/2019\/02\/9-466x800.jpg 466w, https:\/\/ppediciones.cl\/wp-content\/uploads\/2019\/02\/9-555x954.jpg 555w, https:\/\/ppediciones.cl\/wp-content\/uploads\/2019\/02\/9.jpg 1058w\" sizes=\"auto, (max-width: 163px) 100vw, 163px\" \/><\/p>\n<p>H\u00e9ctor Caba\u00f1a Gajardo (Machal\u00ed, 1976) es autor de los libros\u00a0\u201cPoemario Gris y Letra Escarlata\u201d (Mago Editores, 2013), que re\u00fane sus reflexiones l\u00edricas en torno a la falta de trascendencia del mundo, y de \u201cOraciones al Dios del Dolor\u201d (Mago Editores, 2014) complemento del anterior, aunque con una visi\u00f3n m\u00e1s madura y segura.<\/p>\n<p>Desde el 2009, pertenece al Grupo\u00a0Literario\u00a0Batahola. Con ellos, publica la revista del mismo nombre, donde se difunden\u00a0\u00a0sus trabajos iniciales de poes\u00eda y narrativa.<\/p>\n<p>Su obra ha sido incluida en el IV tomo de la Antolog\u00eda de Autores de la\u00a0Regi\u00f3n\u00a0de O\u2019Higgins (Primeros Pasos Ediciones, 2014).<\/p>\n<p>Tambi\u00e9n ha participado en la publicaci\u00f3n internacional Francachella y en la revista\u00a0literaria\u00a0La Otra Costilla.<\/p>\n<p><span style=\"color: #ff0000;\"><strong>(extracto)<\/strong><\/span><\/p>\n<p><strong>VI<\/strong><\/p>\n<p>&nbsp;<\/p>\n<p>Calles de mi ciudad,<\/p>\n<p>plagadas de cuentos e historias,<\/p>\n<p>que tendemos a ignorar y menospreciar,<\/p>\n<p>que nunca ser\u00e1n contadas, ni escritas,<\/p>\n<p>simplemente porque no somos capaces<\/p>\n<p>de dar con ellas, de verlas en las baldosas,<\/p>\n<p>reflejadas en el cemento de Rancagua.<\/p>\n<p>&nbsp;<\/p>\n<p>En cambio, nos proyectamos m\u00e1s all\u00e1 del oc\u00e9ano<\/p>\n<p>pensando que s\u00f3lo ah\u00ed existe<\/p>\n<p>un legado digno de ser recordado<\/p>\n<p>y heridas tan profundas que merecen<\/p>\n<p>ser mostradas con orgullo.<\/p>\n<p>&nbsp;<\/p>\n<p>&nbsp;<\/p>\n<p>&nbsp;<\/p>\n<p><strong>VII<\/strong><\/p>\n<p>&nbsp;<\/p>\n<p>He visto los rostros ancestrales dibujados<\/p>\n<p>en el perfil de nuestra cordillera.<\/p>\n<p>&nbsp;<\/p>\n<p>En el horizonte delineado por las monta\u00f1as<\/p>\n<p>que encierran al valle del Cachapoal,<\/p>\n<p>se vislumbra la sangre de nuestro pueblo.<\/p>\n<p>&nbsp;<\/p>\n<p>El Ed\u00e9n perdido perfectamente pudo estar<\/p>\n<p>al centro de la Santa Cruz de Triana.<\/p>\n<p>&nbsp;<\/p>\n<p>El misterio muere con las explicaciones,<\/p>\n<p>la fe llena el vac\u00edo que te deja la raz\u00f3n,<\/p>\n<p>las brujas se alzan cuando no hay aves,<\/p>\n<p>el norte se une al sur<\/p>\n<p>y el oeste espera ver al este pariendo el sol.<\/p>\n<p>&nbsp;<\/p>\n<p>La silueta de una machi se desprende<\/p>\n<p>de los altos riscos, eternamente helados,<\/p>\n<p>y mira al Pac\u00edfico, m\u00e1s all\u00e1 del horizonte,<\/p>\n<p>esperando recuperar a sus hijos fallecidos,<\/p>\n<p>a sus hijas violadas en estas tierras bald\u00edas.<\/p>\n<p>&nbsp;<\/p>\n","protected":false},"excerpt":{"rendered":"<p><span style=\"font-size: 85%;\">Fecha publicaci\u00f3n: Mayo 2015<\/span><\/p>\n<p><span style=\"font-size: 85%;\">ISBN: 978-956-358-578-0<\/span><\/p>\n<p><span style=\"font-size: 85%;\">P\u00e1ginas: 88<\/span><\/p>\n<p><span style=\"font-size: 85%;\">Formato: 13.5 x 21.5 cms.<\/span><\/p>\n","protected":false},"featured_media":437,"comment_status":"open","ping_status":"closed","template":"","meta":[],"product_brand":[],"product_cat":[71],"product_tag":[],"class_list":{"0":"post-436","1":"product","2":"type-product","3":"status-publish","4":"has-post-thumbnail","6":"product_cat-coleccion-literatura-regional-2","8":"first","9":"instock","10":"taxable","11":"shipping-taxable","12":"purchasable","13":"product-type-simple"},"_links":{"self":[{"href":"https:\/\/ppediciones.cl\/index.php?rest_route=\/wp\/v2\/product\/436","targetHints":{"allow":["GET"]}}],"collection":[{"href":"https:\/\/ppediciones.cl\/index.php?rest_route=\/wp\/v2\/product"}],"about":[{"href":"https:\/\/ppediciones.cl\/index.php?rest_route=\/wp\/v2\/types\/product"}],"replies":[{"embeddable":true,"href":"https:\/\/ppediciones.cl\/index.php?rest_route=%2Fwp%2Fv2%2Fcomments&post=436"}],"wp:featuredmedia":[{"embeddable":true,"href":"https:\/\/ppediciones.cl\/index.php?rest_route=\/wp\/v2\/media\/437"}],"wp:attachment":[{"href":"https:\/\/ppediciones.cl\/index.php?rest_route=%2Fwp%2Fv2%2Fmedia&parent=436"}],"wp:term":[{"taxonomy":"product_brand","embeddable":true,"href":"https:\/\/ppediciones.cl\/index.php?rest_route=%2Fwp%2Fv2%2Fproduct_brand&post=436"},{"taxonomy":"product_cat","embeddable":true,"href":"https:\/\/ppediciones.cl\/index.php?rest_route=%2Fwp%2Fv2%2Fproduct_cat&post=436"},{"taxonomy":"product_tag","embeddable":true,"href":"https:\/\/ppediciones.cl\/index.php?rest_route=%2Fwp%2Fv2%2Fproduct_tag&post=436"}],"curies":[{"name":"wp","href":"https:\/\/api.w.org\/{rel}","templated":true}]}}