{"id":442,"date":"2019-02-11T14:35:38","date_gmt":"2019-02-11T14:35:38","guid":{"rendered":"http:\/\/ppediciones.cl\/?post_type=product&#038;p=442"},"modified":"2022-06-24T18:11:16","modified_gmt":"2022-06-24T18:11:16","slug":"tomo-11-satan-en-tres-actos-mateo-mihaly","status":"publish","type":"product","link":"https:\/\/ppediciones.cl\/?product=tomo-11-satan-en-tres-actos-mateo-mihaly","title":{"rendered":"TOMO 11 | Sat\u00e1n en tres actos &#8211; Mateo Mihaly"},"content":{"rendered":"<p><img loading=\"lazy\" decoding=\"async\" class=\"alignnone wp-image-443\" src=\"http:\/\/ppediciones.cl\/wp-content\/uploads\/2019\/02\/11-235x400.jpg\" alt=\"\" width=\"158\" height=\"269\" srcset=\"https:\/\/ppediciones.cl\/wp-content\/uploads\/2019\/02\/11-235x400.jpg 235w, https:\/\/ppediciones.cl\/wp-content\/uploads\/2019\/02\/11.jpg 457w\" sizes=\"auto, (max-width: 158px) 100vw, 158px\" \/><\/p>\n<p>Mateo Mihaly (Manuel Nayte Silva) nacido el 27 de Octubre de 1968 en la Nortina ciudad de Copiap\u00f3. En el a\u00f1o 1988 Se traslada a la ciudad de Santiago para realizar sus estudios de Teolog\u00eda. Cuenta con obras como; Presente, Cuentos con olor a Humo, Baca se te olvida que fuiste Ternero, entre varios escritos teol\u00f3gicos. Actualmente se encuentra radicado en la ciudad de Rancagua, dedicado a su proyecto microempresa familiar \u201cCaza del libro\u201d.<\/p>\n<p><span style=\"color: #ed1c24;\"><strong>(extracto)<\/strong><\/span><\/p>\n<p><strong>I.- MI REFLEXI\u00d3N (fragmento novela)<\/strong><\/p>\n<p>&nbsp;<\/p>\n<p>Mi incredulidad o mi escuela, siguiendo los pasos de te\u00f3logos alemanes como Boltman, Tillish, Moolman, Bonghofer y un par de te\u00f3logos Latinoamericanos, seguidores todos de la teolog\u00eda de la liberaci\u00f3n, me hace reticente o al menos dudar de si lo que les narrar\u00e9 es solo parte del mito que tenemos encarnado en nuestras mentes, que quiz\u00e1s estoy pasando por un momento de \u201cparanoia\u201d o que la religiosidad observada me ha consumido en el miedo al miedo.<\/p>\n<p>He cambiado tres veces de lugar, mi escritorio, mi mesa de diario, finalmente el sof\u00e1 me ha dado la valent\u00eda suficiente para iniciar este camino sin regreso. \u00a1Este af\u00e1n m\u00edo de no quedarme con esta experiencia que es solo m\u00eda!<\/p>\n<p>Algo dentro de m\u00ed me empuja, me insta, me seduce a contar lo que muchos no se atreven por miedo a revivir ese no s\u00e9 qu\u00e9, pensando, quiz\u00e1s, en evocar a\u00f1osos esp\u00edritus, cuentos y leyendas que mi padre y Dios sabe cu\u00e1ntas generaciones atr\u00e1s contaban con tanta facilidad y que a m\u00ed me ha costado diez a\u00f1os de lucha interior, de dejar unas cuantas l\u00edneas en un cuaderno olvidado, un documento en un diskette, uno que otro en un Cd, algunos cap\u00edtulos en un pendrive. Diez a\u00f1os de luchar con el rid\u00edculo, la burla o simplemente, con el no querer recordar tan negros episodios. Hoy me decido por dos razones: primero porque aquel hombre que se acerc\u00f3 a m\u00ed, en su desesperaci\u00f3n me pidi\u00f3 le ayudara, segundo, porque creo firmemente que la religi\u00f3n, el mito, los cuentos de los abuelos, que nos parec\u00edan graciosos, en este ser humano, hab\u00edan causado estragos. Qu\u00e9 decir de la religi\u00f3n, lo que en principio pretende dar buenas nuevas, termina entregando a hombres y mujeres a miedos mayores, a vidas culp\u00f3genas y angustiadas, p\u00e9rdidas de libertades, condenas y nuevos temores. Cielos e infiernos enfrent\u00e1ndose a muerte en cada creyente o ateo.<\/p>\n","protected":false},"excerpt":{"rendered":"<p><span style=\"font-size: 85%;\">Fecha publicaci\u00f3n: Julio 2015<\/span><\/p>\n<p><span style=\"font-size: 85%;\">ISBN: 978-956-358-753-1<\/span><\/p>\n<p><span style=\"font-size: 85%;\">P\u00e1ginas: 78<\/span><\/p>\n<p><span style=\"font-size: 85%;\">Formato: 13.5 x 21.5 cms.<\/span><\/p>\n","protected":false},"featured_media":444,"comment_status":"open","ping_status":"closed","template":"","meta":[],"product_brand":[],"product_cat":[71],"product_tag":[],"class_list":{"0":"post-442","1":"product","2":"type-product","3":"status-publish","4":"has-post-thumbnail","6":"product_cat-coleccion-literatura-regional-2","8":"first","9":"instock","10":"taxable","11":"shipping-taxable","12":"purchasable","13":"product-type-simple"},"_links":{"self":[{"href":"https:\/\/ppediciones.cl\/index.php?rest_route=\/wp\/v2\/product\/442","targetHints":{"allow":["GET"]}}],"collection":[{"href":"https:\/\/ppediciones.cl\/index.php?rest_route=\/wp\/v2\/product"}],"about":[{"href":"https:\/\/ppediciones.cl\/index.php?rest_route=\/wp\/v2\/types\/product"}],"replies":[{"embeddable":true,"href":"https:\/\/ppediciones.cl\/index.php?rest_route=%2Fwp%2Fv2%2Fcomments&post=442"}],"wp:featuredmedia":[{"embeddable":true,"href":"https:\/\/ppediciones.cl\/index.php?rest_route=\/wp\/v2\/media\/444"}],"wp:attachment":[{"href":"https:\/\/ppediciones.cl\/index.php?rest_route=%2Fwp%2Fv2%2Fmedia&parent=442"}],"wp:term":[{"taxonomy":"product_brand","embeddable":true,"href":"https:\/\/ppediciones.cl\/index.php?rest_route=%2Fwp%2Fv2%2Fproduct_brand&post=442"},{"taxonomy":"product_cat","embeddable":true,"href":"https:\/\/ppediciones.cl\/index.php?rest_route=%2Fwp%2Fv2%2Fproduct_cat&post=442"},{"taxonomy":"product_tag","embeddable":true,"href":"https:\/\/ppediciones.cl\/index.php?rest_route=%2Fwp%2Fv2%2Fproduct_tag&post=442"}],"curies":[{"name":"wp","href":"https:\/\/api.w.org\/{rel}","templated":true}]}}